{"id":55924,"date":"2025-09-01T17:05:38","date_gmt":"2025-09-01T15:05:38","guid":{"rendered":"https:\/\/www.ruschmineralen.nl\/?post_type=product&#038;p=55924"},"modified":"2026-04-05T13:48:52","modified_gmt":"2026-04-05T11:48:52","slug":"6229-hummer-konstellation-verkaufstasche","status":"publish","type":"product","link":"https:\/\/www.ruschmineralen.nl\/de\/produkt\/6229-hummer-konstellation-verkaufstasche\/","title":{"rendered":"Krebs - Konstellation Sale Tasche"},"content":{"rendered":"<h2>Krebs - Konstellation Sale Tasche<\/h2>\n<p>Eine fertige Verkaufstasche mit erkl\u00e4rendem Text \u00fcber das Sternbild Krebs. Drei passende Trommelsteine sind vorhanden, nat\u00fcrlich in der von uns gewohnten Qualit\u00e4t. Die Tumblestones sind etwa 2 bis 3 cm gro\u00df. Die Karte ist in Farbe gedruckt, Format a7. Die Karte hat eine kurze Erkl\u00e4rung \u00fcber die Konstellation und welche Trommelsteine enthalten sind. Das Ganze wird in einem Zellophanbeutel mit Klebestreifen von ca. 9\u00d711 cm geliefert.<\/p>\n<p><em>Bitte beachten Sie: Die verwendeten Trommelsteine k\u00f6nnen leicht von der Abbildung abweichen. Jeder von ihnen ist einzigartig, aber von \u00e4hnlicher Qualit\u00e4t.<\/em><\/p>","protected":false},"excerpt":{"rendered":"<p>Kreeft &#8211; Sterrenbeeld Verkoopzakje Een kant en klaar verkoopzakje met toelichtende tekst over het sterrenbeeld, Kreeft. Er zijn drie bijbehorende trommelstenen aanwezig, natuurlijk in de kwaliteit die je van ons gewend bent. De trommelstenen zijn ongeveer 2 tot 3 cm. Het kaartje is geprint in kleur, a7 formaat. Het kaartje is voorzien van een korte [&hellip;]<\/p>","protected":false},"featured_media":55916,"template":"","meta":{"_acf_changed":false,"site-sidebar-layout":"default","site-content-layout":"","ast-site-content-layout":"default","site-content-style":"default","site-sidebar-style":"default","ast-global-header-display":"","ast-banner-title-visibility":"","ast-main-header-display":"","ast-hfb-above-header-display":"","ast-hfb-below-header-display":"","ast-hfb-mobile-header-display":"","site-post-title":"","ast-breadcrumbs-content":"","ast-featured-img":"","footer-sml-layout":"","theme-transparent-header-meta":"default","adv-header-id-meta":"","stick-header-meta":"default","header-above-stick-meta":"","header-main-stick-meta":"","header-below-stick-meta":"","astra-migrate-meta-layouts":"set","ast-page-background-enabled":"default","ast-page-background-meta":{"desktop":{"background-color":"var(--ast-global-color-4)","background-image":"","background-repeat":"repeat","background-position":"center center","background-size":"auto","background-attachment":"scroll","background-type":"","background-media":"","overlay-type":"","overlay-color":"","overlay-opacity":"","overlay-gradient":""},"tablet":{"background-color":"","background-image":"","background-repeat":"repeat","background-position":"center center","background-size":"auto","background-attachment":"scroll","background-type":"","background-media":"","overlay-type":"","overlay-color":"","overlay-opacity":"","overlay-gradient":""},"mobile":{"background-color":"","background-image":"","background-repeat":"repeat","background-position":"center center","background-size":"auto","background-attachment":"scroll","background-type":"","background-media":"","overlay-type":"","overlay-color":"","overlay-opacity":"","overlay-gradient":""}},"ast-content-background-meta":{"desktop":{"background-color":"var(--ast-global-color-5)","background-image":"","background-repeat":"repeat","background-position":"center center","background-size":"auto","background-attachment":"scroll","background-type":"","background-media":"","overlay-type":"","overlay-color":"","overlay-opacity":"","overlay-gradient":""},"tablet":{"background-color":"var(--ast-global-color-5)","background-image":"","background-repeat":"repeat","background-position":"center center","background-size":"auto","background-attachment":"scroll","background-type":"","background-media":"","overlay-type":"","overlay-color":"","overlay-opacity":"","overlay-gradient":""},"mobile":{"background-color":"var(--ast-global-color-5)","background-image":"","background-repeat":"repeat","background-position":"center center","background-size":"auto","background-attachment":"scroll","background-type":"","background-media":"","overlay-type":"","overlay-color":"","overlay-opacity":"","overlay-gradient":""}}},"soort":[],"product_brand":[],"product_cat":[1044,2813],"product_tag":[],"class_list":{"0":"post-55924","1":"product","2":"type-product","3":"status-publish","4":"has-post-thumbnail","6":"product_cat-trommelstenen","7":"product_cat-verkoopzakjes","8":"pa_herkomst-diverse","9":"pa_soort-blue-lace-agaat","10":"pa_soort-maansteen","11":"pa_soort-rozenkwarts","12":"pa_verkoopeenheid-per-stuk","13":"pa_vorm-getrommeld","14":"pa_vorm-verkoopzakje","15":"desktop-align-center","16":"tablet-align-center","17":"mobile-align-center","18":"ast-product-gallery-layout-horizontal-slider","19":"ast-product-gallery-with-no-image","20":"ast-product-tabs-layout-horizontal","22":"first","23":"instock","24":"taxable","25":"shipping-taxable","26":"product-type-simple"},"acf":[],"_links":{"self":[{"href":"https:\/\/www.ruschmineralen.nl\/de\/wp-json\/wp\/v2\/product\/55924","targetHints":{"allow":["GET"]}}],"collection":[{"href":"https:\/\/www.ruschmineralen.nl\/de\/wp-json\/wp\/v2\/product"}],"about":[{"href":"https:\/\/www.ruschmineralen.nl\/de\/wp-json\/wp\/v2\/types\/product"}],"wp:featuredmedia":[{"embeddable":true,"href":"https:\/\/www.ruschmineralen.nl\/de\/wp-json\/wp\/v2\/media\/55916"}],"wp:attachment":[{"href":"https:\/\/www.ruschmineralen.nl\/de\/wp-json\/wp\/v2\/media?parent=55924"}],"wp:term":[{"taxonomy":"soort","embeddable":true,"href":"https:\/\/www.ruschmineralen.nl\/de\/wp-json\/wp\/v2\/soort?post=55924"},{"taxonomy":"product_brand","embeddable":true,"href":"https:\/\/www.ruschmineralen.nl\/de\/wp-json\/wp\/v2\/product_brand?post=55924"},{"taxonomy":"product_cat","embeddable":true,"href":"https:\/\/www.ruschmineralen.nl\/de\/wp-json\/wp\/v2\/product_cat?post=55924"},{"taxonomy":"product_tag","embeddable":true,"href":"https:\/\/www.ruschmineralen.nl\/de\/wp-json\/wp\/v2\/product_tag?post=55924"}],"curies":[{"name":"wp","href":"https:\/\/api.w.org\/{rel}","templated":true}]}}