{"id":56186,"date":"2025-09-16T10:04:40","date_gmt":"2025-09-16T08:04:40","guid":{"rendered":"https:\/\/www.ruschmineralen.nl\/?post_type=product&#038;p=56186"},"modified":"2026-01-26T09:47:46","modified_gmt":"2026-01-26T08:47:46","slug":"6175-to-the-moon-verkaufstasche","status":"publish","type":"product","link":"https:\/\/www.ruschmineralen.nl\/de\/produkt\/6175-to-the-moon-verkaufstasche\/","title":{"rendered":"To the Moon - Verkaufstasche"},"content":{"rendered":"<h2>To the Moon - Verkaufstasche<\/h2>\n<p>Eine fertige Verkaufstasche mit Rosenquarzherz, Howlite-Mond und passender Karte, nat\u00fcrlich in der von uns gewohnten Qualit\u00e4t. Die Karte ist in Farbe gedruckt, Format a7. Das Ganze wird in einem Zellophanbeutel mit Klebestreifen von ca. 9\u00d711 cm geliefert.<\/p>","protected":false},"excerpt":{"rendered":"<p>To the Moon - Verkaufstasche Eine fertige Verkaufstasche mit einem Rosenquarzherz, Howlite-Mond und passender Karte, nat\u00fcrlich in der von uns gewohnten Qualit\u00e4t. Die Karte ist in Farbe gedruckt, Format a7. Das Ganze wird in einem Zellophanbeutel mit Klebestreifen von ca. 9\u00d711 cm geliefert.<\/p>","protected":false},"featured_media":56182,"template":"","meta":{"_acf_changed":false,"site-sidebar-layout":"default","site-content-layout":"","ast-site-content-layout":"default","site-content-style":"default","site-sidebar-style":"default","ast-global-header-display":"","ast-banner-title-visibility":"","ast-main-header-display":"","ast-hfb-above-header-display":"","ast-hfb-below-header-display":"","ast-hfb-mobile-header-display":"","site-post-title":"","ast-breadcrumbs-content":"","ast-featured-img":"","footer-sml-layout":"","theme-transparent-header-meta":"default","adv-header-id-meta":"","stick-header-meta":"default","header-above-stick-meta":"","header-main-stick-meta":"","header-below-stick-meta":"","astra-migrate-meta-layouts":"set","ast-page-background-enabled":"default","ast-page-background-meta":{"desktop":{"background-color":"var(--ast-global-color-4)","background-image":"","background-repeat":"repeat","background-position":"center center","background-size":"auto","background-attachment":"scroll","background-type":"","background-media":"","overlay-type":"","overlay-color":"","overlay-opacity":"","overlay-gradient":""},"tablet":{"background-color":"","background-image":"","background-repeat":"repeat","background-position":"center center","background-size":"auto","background-attachment":"scroll","background-type":"","background-media":"","overlay-type":"","overlay-color":"","overlay-opacity":"","overlay-gradient":""},"mobile":{"background-color":"","background-image":"","background-repeat":"repeat","background-position":"center center","background-size":"auto","background-attachment":"scroll","background-type":"","background-media":"","overlay-type":"","overlay-color":"","overlay-opacity":"","overlay-gradient":""}},"ast-content-background-meta":{"desktop":{"background-color":"var(--ast-global-color-5)","background-image":"","background-repeat":"repeat","background-position":"center center","background-size":"auto","background-attachment":"scroll","background-type":"","background-media":"","overlay-type":"","overlay-color":"","overlay-opacity":"","overlay-gradient":""},"tablet":{"background-color":"var(--ast-global-color-5)","background-image":"","background-repeat":"repeat","background-position":"center center","background-size":"auto","background-attachment":"scroll","background-type":"","background-media":"","overlay-type":"","overlay-color":"","overlay-opacity":"","overlay-gradient":""},"mobile":{"background-color":"var(--ast-global-color-5)","background-image":"","background-repeat":"repeat","background-position":"center center","background-size":"auto","background-attachment":"scroll","background-type":"","background-media":"","overlay-type":"","overlay-color":"","overlay-opacity":"","overlay-gradient":""}}},"soort":[],"product_brand":[],"product_cat":[2813,1972,2989],"product_tag":[],"class_list":{"0":"post-56186","1":"product","2":"type-product","3":"status-publish","4":"has-post-thumbnail","6":"product_cat-verkoopzakjes","7":"product_cat-manen-en-sterren","8":"product_cat-harten-per-stuk","9":"pa_herkomst-diverse","10":"pa_soort-howliet","11":"pa_soort-rozenkwarts","12":"pa_verkoopeenheid-per-stuk","13":"pa_vorm-hart","14":"pa_vorm-maan","15":"pa_vorm-verkoopzakje","16":"desktop-align-center","17":"tablet-align-center","18":"mobile-align-center","19":"ast-product-gallery-layout-horizontal-slider","20":"ast-product-gallery-with-no-image","21":"ast-product-tabs-layout-horizontal","23":"first","24":"outofstock","25":"taxable","26":"shipping-taxable","27":"product-type-simple"},"acf":[],"_links":{"self":[{"href":"https:\/\/www.ruschmineralen.nl\/de\/wp-json\/wp\/v2\/product\/56186","targetHints":{"allow":["GET"]}}],"collection":[{"href":"https:\/\/www.ruschmineralen.nl\/de\/wp-json\/wp\/v2\/product"}],"about":[{"href":"https:\/\/www.ruschmineralen.nl\/de\/wp-json\/wp\/v2\/types\/product"}],"wp:featuredmedia":[{"embeddable":true,"href":"https:\/\/www.ruschmineralen.nl\/de\/wp-json\/wp\/v2\/media\/56182"}],"wp:attachment":[{"href":"https:\/\/www.ruschmineralen.nl\/de\/wp-json\/wp\/v2\/media?parent=56186"}],"wp:term":[{"taxonomy":"soort","embeddable":true,"href":"https:\/\/www.ruschmineralen.nl\/de\/wp-json\/wp\/v2\/soort?post=56186"},{"taxonomy":"product_brand","embeddable":true,"href":"https:\/\/www.ruschmineralen.nl\/de\/wp-json\/wp\/v2\/product_brand?post=56186"},{"taxonomy":"product_cat","embeddable":true,"href":"https:\/\/www.ruschmineralen.nl\/de\/wp-json\/wp\/v2\/product_cat?post=56186"},{"taxonomy":"product_tag","embeddable":true,"href":"https:\/\/www.ruschmineralen.nl\/de\/wp-json\/wp\/v2\/product_tag?post=56186"}],"curies":[{"name":"wp","href":"https:\/\/api.w.org\/{rel}","templated":true}]}}