{"id":56187,"date":"2025-09-16T10:04:40","date_gmt":"2025-09-16T08:04:40","guid":{"rendered":"https:\/\/www.ruschmineralen.nl\/?post_type=product&#038;p=56187"},"modified":"2026-04-05T13:48:52","modified_gmt":"2026-04-05T11:48:52","slug":"6176-fluorit-twinkle-girl-verkaufstasche","status":"publish","type":"product","link":"https:\/\/www.ruschmineralen.nl\/de\/produkt\/6176-fluorit-twinkle-girl-verkaufstasche\/","title":{"rendered":"Fluorit Twinkle Girl - Verkauf Tasche"},"content":{"rendered":"<h2>Fluorit Twinkle Girl - Verkauf Tasche<\/h2>\n<p>Eine fertige Verkaufstasche mit einem Regenbogen-Fluoritstern und passender Karte, nat\u00fcrlich in der von uns gewohnten Qualit\u00e4t. Die Karte ist in Farbe gedruckt, Format a7. Das Ganze wird in einem Zellophanbeutel mit Klebestreifen von ca. 9\u00d711 cm geliefert.<\/p>","protected":false},"excerpt":{"rendered":"<p>Fluoriet Twinkle Meisje &#8211; Verkoopzakje Een kant en klaar verkoopzakje met een regenboog fluoriet sterretje en bijpassend kaartje, natuurlijk in de kwaliteit die je van ons gewend bent. Het kaartje is geprint in kleur, a7 formaat. Dit alles wordt geleverd in een cellofaan zakje met plakstrip van circa 9&#215;11 cm.<\/p>","protected":false},"featured_media":56183,"template":"","meta":{"_acf_changed":false,"site-sidebar-layout":"default","site-content-layout":"","ast-site-content-layout":"default","site-content-style":"default","site-sidebar-style":"default","ast-global-header-display":"","ast-banner-title-visibility":"","ast-main-header-display":"","ast-hfb-above-header-display":"","ast-hfb-below-header-display":"","ast-hfb-mobile-header-display":"","site-post-title":"","ast-breadcrumbs-content":"","ast-featured-img":"","footer-sml-layout":"","theme-transparent-header-meta":"default","adv-header-id-meta":"","stick-header-meta":"default","header-above-stick-meta":"","header-main-stick-meta":"","header-below-stick-meta":"","astra-migrate-meta-layouts":"set","ast-page-background-enabled":"default","ast-page-background-meta":{"desktop":{"background-color":"var(--ast-global-color-4)","background-image":"","background-repeat":"repeat","background-position":"center center","background-size":"auto","background-attachment":"scroll","background-type":"","background-media":"","overlay-type":"","overlay-color":"","overlay-opacity":"","overlay-gradient":""},"tablet":{"background-color":"","background-image":"","background-repeat":"repeat","background-position":"center center","background-size":"auto","background-attachment":"scroll","background-type":"","background-media":"","overlay-type":"","overlay-color":"","overlay-opacity":"","overlay-gradient":""},"mobile":{"background-color":"","background-image":"","background-repeat":"repeat","background-position":"center center","background-size":"auto","background-attachment":"scroll","background-type":"","background-media":"","overlay-type":"","overlay-color":"","overlay-opacity":"","overlay-gradient":""}},"ast-content-background-meta":{"desktop":{"background-color":"var(--ast-global-color-5)","background-image":"","background-repeat":"repeat","background-position":"center center","background-size":"auto","background-attachment":"scroll","background-type":"","background-media":"","overlay-type":"","overlay-color":"","overlay-opacity":"","overlay-gradient":""},"tablet":{"background-color":"var(--ast-global-color-5)","background-image":"","background-repeat":"repeat","background-position":"center center","background-size":"auto","background-attachment":"scroll","background-type":"","background-media":"","overlay-type":"","overlay-color":"","overlay-opacity":"","overlay-gradient":""},"mobile":{"background-color":"var(--ast-global-color-5)","background-image":"","background-repeat":"repeat","background-position":"center center","background-size":"auto","background-attachment":"scroll","background-type":"","background-media":"","overlay-type":"","overlay-color":"","overlay-opacity":"","overlay-gradient":""}}},"soort":[],"product_brand":[],"product_cat":[2813,1972],"product_tag":[],"class_list":{"0":"post-56187","1":"product","2":"type-product","3":"status-publish","4":"has-post-thumbnail","6":"product_cat-verkoopzakjes","7":"product_cat-manen-en-sterren","8":"pa_herkomst-diverse","9":"pa_soort-fluoriet","10":"pa_soort-regenboog-fluoriet","11":"pa_verkoopeenheid-per-stuk","12":"pa_vorm-ster","13":"pa_vorm-verkoopzakje","14":"desktop-align-center","15":"tablet-align-center","16":"mobile-align-center","17":"ast-product-gallery-layout-horizontal-slider","18":"ast-product-gallery-with-no-image","19":"ast-product-tabs-layout-horizontal","21":"first","22":"instock","23":"taxable","24":"shipping-taxable","25":"product-type-simple"},"acf":[],"_links":{"self":[{"href":"https:\/\/www.ruschmineralen.nl\/de\/wp-json\/wp\/v2\/product\/56187","targetHints":{"allow":["GET"]}}],"collection":[{"href":"https:\/\/www.ruschmineralen.nl\/de\/wp-json\/wp\/v2\/product"}],"about":[{"href":"https:\/\/www.ruschmineralen.nl\/de\/wp-json\/wp\/v2\/types\/product"}],"wp:featuredmedia":[{"embeddable":true,"href":"https:\/\/www.ruschmineralen.nl\/de\/wp-json\/wp\/v2\/media\/56183"}],"wp:attachment":[{"href":"https:\/\/www.ruschmineralen.nl\/de\/wp-json\/wp\/v2\/media?parent=56187"}],"wp:term":[{"taxonomy":"soort","embeddable":true,"href":"https:\/\/www.ruschmineralen.nl\/de\/wp-json\/wp\/v2\/soort?post=56187"},{"taxonomy":"product_brand","embeddable":true,"href":"https:\/\/www.ruschmineralen.nl\/de\/wp-json\/wp\/v2\/product_brand?post=56187"},{"taxonomy":"product_cat","embeddable":true,"href":"https:\/\/www.ruschmineralen.nl\/de\/wp-json\/wp\/v2\/product_cat?post=56187"},{"taxonomy":"product_tag","embeddable":true,"href":"https:\/\/www.ruschmineralen.nl\/de\/wp-json\/wp\/v2\/product_tag?post=56187"}],"curies":[{"name":"wp","href":"https:\/\/api.w.org\/{rel}","templated":true}]}}