{"id":56210,"date":"2025-09-22T13:30:05","date_gmt":"2025-09-22T11:30:05","guid":{"rendered":"https:\/\/www.ruschmineralen.nl\/?post_type=product&#038;p=56210"},"modified":"2026-04-21T14:39:42","modified_gmt":"2026-04-21T12:39:42","slug":"8286-gelbes-aventurin-armband-geteilt","status":"publish","type":"product","link":"https:\/\/www.ruschmineralen.nl\/de\/produkt\/8286-gelbes-aventurin-armband-geteilt\/","title":{"rendered":"Gelbes Aventurin-Split-Armband"},"content":{"rendered":"<h2>Gelbes Aventurin-Split-Armband aus China<\/h2>\n<p><h3>Aventurin<\/h3>\n<p><a href=\"https:\/\/www.ruschmineralen.nl\/de\/typ\/aventurin\/\" target=\"_blank\">Aventurin<\/a> ist eine Quarzart, die winzige Einschl\u00fcsse von schimmernden Mineralien wie Glimmer oder H\u00e4matit enth\u00e4lt, die einen funkelnden Effekt erzeugen, der als Aventureszenz bezeichnet wird. Die h\u00e4ufigste Farbe ist gr\u00fcn, aber es gibt auch Exemplare in blau, orange, braun und grau.<\/p>\n<p>Gro\u00dfe Vorkommen gibt es in Indien, Brasilien, Russland und Tansania. Aventurin geh\u00f6rt zur Familie der Quarze und hat die chemische Formel SiO\u2082. Seine H\u00e4rte liegt zwischen 6,5 und 7 auf der Mohs-Skala.<\/p>\n<p>Bekannte Sorten sind gr\u00fcner Aventurin (meist mit Fuchsit), blauer Aventurin (mit Dumortierit) und orangefarbene bis rotbraune Sorten (mit H\u00e4matit oder Goethit).<\/p>\n<p><small><strong>Quellen: <\/strong><br \/><a href=\"https:\/\/www.mindat.org\/min-436.html\" target=\"_blank\" rel=\"noopener\">Mindat.org<\/a>, <a href=\"https:\/\/www.gemdat.org\/gem-436.html\" target=\"_blank\" rel=\"noopener\">Gemdat.org<\/a>, <a href=\"https:\/\/en.wikipedia.org\/wiki\/Aventurine\" target=\"_blank\" rel=\"noopener\">Wikipedia - Aventurin<\/a><\/small><\/p>\n<p>\n    Diese facettierten Kugel- oder Perlenarmb\u00e4nder sind auf einem stabilen, doppelten Gummiband aufgef\u00e4delt, so dass sie f\u00fcr verschiedene Handgelenksgr\u00f6\u00dfen geeignet sind. Unsere Armb\u00e4nder haben einen Perlendurchmesser von 4 mm bis 10 mm, wobei der Umfang des Handgelenks je nach Gr\u00f6\u00dfe leicht variiert. Die kleineren Gr\u00f6\u00dfen haben einen Handgelenksumfang von etwa \u00b1 160 mm, der bei den gr\u00f6\u00dferen auf \u00b1 180 mm ansteigt. Bei den Kinderarmb\u00e4ndern ist der Umfang des Handgelenks mit \u00b1 12 bis 13 cm der kleinste in unserem Sortiment.\n<\/p>\n<p>\n    Wir bieten auch geteilte Armb\u00e4nder an, bei denen die Teilung zwischen 5 und 10 mm betr\u00e4gt. Diese Armb\u00e4nder sind ebenfalls auf ein robustes, doppeltes Gummiband mit einem Umfang von ca. 16 cm bis maximal 18 cm aufgezogen. Bitte beachten Sie, dass die verwendeten Spaltst\u00fccke manchmal einen unterschiedlichen Typ haben k\u00f6nnen. Unsere Spaltarmb\u00e4nder werden in den meisten F\u00e4llen pro 10 St\u00fcck verkauft, aber es gibt auch Ausnahmen.\n<\/p>\n<p>\n    Bitte beachten Sie, dass wir nicht immer jede Gr\u00f6\u00dfe von jeder Sorte in unserem Sortiment haben.<\/p>\n<\/p>","protected":false},"excerpt":{"rendered":"<p>Gelbes Aventurin-Split-Armband aus China<\/p>","protected":false},"featured_media":56247,"template":"","meta":{"_acf_changed":false,"site-sidebar-layout":"default","site-content-layout":"","ast-site-content-layout":"default","site-content-style":"default","site-sidebar-style":"default","ast-global-header-display":"","ast-banner-title-visibility":"","ast-main-header-display":"","ast-hfb-above-header-display":"","ast-hfb-below-header-display":"","ast-hfb-mobile-header-display":"","site-post-title":"","ast-breadcrumbs-content":"","ast-featured-img":"","footer-sml-layout":"","theme-transparent-header-meta":"default","adv-header-id-meta":"","stick-header-meta":"default","header-above-stick-meta":"","header-main-stick-meta":"","header-below-stick-meta":"","astra-migrate-meta-layouts":"set","ast-page-background-enabled":"default","ast-page-background-meta":{"desktop":{"background-color":"var(--ast-global-color-4)","background-image":"","background-repeat":"repeat","background-position":"center center","background-size":"auto","background-attachment":"scroll","background-type":"","background-media":"","overlay-type":"","overlay-color":"","overlay-opacity":"","overlay-gradient":""},"tablet":{"background-color":"","background-image":"","background-repeat":"repeat","background-position":"center center","background-size":"auto","background-attachment":"scroll","background-type":"","background-media":"","overlay-type":"","overlay-color":"","overlay-opacity":"","overlay-gradient":""},"mobile":{"background-color":"","background-image":"","background-repeat":"repeat","background-position":"center center","background-size":"auto","background-attachment":"scroll","background-type":"","background-media":"","overlay-type":"","overlay-color":"","overlay-opacity":"","overlay-gradient":""}},"ast-content-background-meta":{"desktop":{"background-color":"var(--ast-global-color-5)","background-image":"","background-repeat":"repeat","background-position":"center center","background-size":"auto","background-attachment":"scroll","background-type":"","background-media":"","overlay-type":"","overlay-color":"","overlay-opacity":"","overlay-gradient":""},"tablet":{"background-color":"var(--ast-global-color-5)","background-image":"","background-repeat":"repeat","background-position":"center center","background-size":"auto","background-attachment":"scroll","background-type":"","background-media":"","overlay-type":"","overlay-color":"","overlay-opacity":"","overlay-gradient":""},"mobile":{"background-color":"var(--ast-global-color-5)","background-image":"","background-repeat":"repeat","background-position":"center center","background-size":"auto","background-attachment":"scroll","background-type":"","background-media":"","overlay-type":"","overlay-color":"","overlay-opacity":"","overlay-gradient":""}}},"soort":[],"product_brand":[],"product_cat":[1350],"product_tag":[],"class_list":{"0":"post-56210","1":"product","2":"type-product","3":"status-publish","4":"has-post-thumbnail","6":"product_cat-splitarmbanden","7":"pa_herkomst-china","8":"pa_maat-split","9":"pa_soort-aventurijn","10":"pa_soort-gele-aventurijn","11":"pa_verkoopeenheid-per-10-stuks","12":"pa_vorm-armband","13":"pa_vorm-splitarmband","14":"desktop-align-center","15":"tablet-align-center","16":"mobile-align-center","17":"ast-product-gallery-layout-horizontal-slider","18":"ast-product-tabs-layout-horizontal","20":"first","21":"instock","22":"taxable","23":"shipping-taxable","24":"product-type-simple"},"acf":[],"_links":{"self":[{"href":"https:\/\/www.ruschmineralen.nl\/de\/wp-json\/wp\/v2\/product\/56210","targetHints":{"allow":["GET"]}}],"collection":[{"href":"https:\/\/www.ruschmineralen.nl\/de\/wp-json\/wp\/v2\/product"}],"about":[{"href":"https:\/\/www.ruschmineralen.nl\/de\/wp-json\/wp\/v2\/types\/product"}],"wp:featuredmedia":[{"embeddable":true,"href":"https:\/\/www.ruschmineralen.nl\/de\/wp-json\/wp\/v2\/media\/56247"}],"wp:attachment":[{"href":"https:\/\/www.ruschmineralen.nl\/de\/wp-json\/wp\/v2\/media?parent=56210"}],"wp:term":[{"taxonomy":"soort","embeddable":true,"href":"https:\/\/www.ruschmineralen.nl\/de\/wp-json\/wp\/v2\/soort?post=56210"},{"taxonomy":"product_brand","embeddable":true,"href":"https:\/\/www.ruschmineralen.nl\/de\/wp-json\/wp\/v2\/product_brand?post=56210"},{"taxonomy":"product_cat","embeddable":true,"href":"https:\/\/www.ruschmineralen.nl\/de\/wp-json\/wp\/v2\/product_cat?post=56210"},{"taxonomy":"product_tag","embeddable":true,"href":"https:\/\/www.ruschmineralen.nl\/de\/wp-json\/wp\/v2\/product_tag?post=56210"}],"curies":[{"name":"wp","href":"https:\/\/api.w.org\/{rel}","templated":true}]}}