{"id":56659,"date":"2025-10-02T14:03:34","date_gmt":"2025-10-02T12:03:34","guid":{"rendered":"https:\/\/www.ruschmineralen.nl\/product\/20123-blauwe-apatiet-sculptuur\/"},"modified":"2025-10-02T16:03:39","modified_gmt":"2025-10-02T14:03:39","slug":"20123-blaue-apatit-skulptur","status":"publish","type":"product","link":"https:\/\/www.ruschmineralen.nl\/de\/produkt\/20123-blaue-apatit-skulptur\/","title":{"rendered":"Blaue Apatit-Skulptur"},"content":{"rendered":"<h2>Blaue Apatit-Skulptur aus Madagaskar<\/h2>\n<h3>Apatit<\/h3>\n<p><a href=\"https:\/\/www.ruschmineralen.nl\/de\/typ\/apatit\/\" target=\"_blank\">Apatit<\/a> ist eine Gruppe von Phosphatmineralien, die meist in blaugr\u00fcnen bis gr\u00fcnen Farbt\u00f6nen vorkommen, aber auch gelbe, violette und farblose Varianten sind bekannt. Der Name stammt aus dem Griechischen <em>apate<\/em>Es bedeutet \"T\u00e4uschung\", da Apatit oft mit anderen Mineralien verwechselt wird. Es ist ein h\u00e4ufiger Bestandteil von phosphorreichem Gestein und spielt eine wichtige Rolle bei biologischen Prozessen, da es auch in Z\u00e4hnen und Knochen von Menschen und Tieren vorkommt.<\/p>\n<p>Gro\u00dfe Apatitvorkommen gibt es in Brasilien, Mexiko, Myanmar, Russland und Madagaskar. Das Mineral kommt sowohl in magmatischen als auch in metamorphen Gesteinen vor und ist auch in Phosphatlagerst\u00e4tten zu finden. Apatit hat die chemische Formel Ca\u2085(PO\u2084)\u2083(F,Cl,OH). Apatit hat eine H\u00e4rte von 5 auf der Mohs-Skala.<\/p>\n<p><small><strong>Quellen: <\/strong><a href=\"https:\/\/www.mindat.org\/min-29229.html\" target=\"_blank\" rel=\"noopener\">Mindat.org<\/a>, <a href=\"https:\/\/www.gemdat.org\/gem-29229.html\" target=\"_blank\" rel=\"noopener\">Gemdat.org<\/a>, <a href=\"https:\/\/en.wikipedia.org\/wiki\/Apatite\" target=\"_blank\" rel=\"noopener\">Wikipedia - Apatit<\/a><\/small><\/p>","protected":false},"excerpt":{"rendered":"<p>Blaue Apatit-Skulptur aus Madagaskar<\/p>","protected":false},"featured_media":56506,"template":"","meta":{"_acf_changed":false,"site-sidebar-layout":"default","site-content-layout":"","ast-site-content-layout":"default","site-content-style":"default","site-sidebar-style":"default","ast-global-header-display":"","ast-banner-title-visibility":"","ast-main-header-display":"","ast-hfb-above-header-display":"","ast-hfb-below-header-display":"","ast-hfb-mobile-header-display":"","site-post-title":"","ast-breadcrumbs-content":"","ast-featured-img":"","footer-sml-layout":"","theme-transparent-header-meta":"","adv-header-id-meta":"","stick-header-meta":"","header-above-stick-meta":"","header-main-stick-meta":"","header-below-stick-meta":"","astra-migrate-meta-layouts":"default","ast-page-background-enabled":"default","ast-page-background-meta":{"desktop":{"background-color":"var(--ast-global-color-4)","background-image":"","background-repeat":"repeat","background-position":"center center","background-size":"auto","background-attachment":"scroll","background-type":"","background-media":"","overlay-type":"","overlay-color":"","overlay-opacity":"","overlay-gradient":""},"tablet":{"background-color":"","background-image":"","background-repeat":"repeat","background-position":"center center","background-size":"auto","background-attachment":"scroll","background-type":"","background-media":"","overlay-type":"","overlay-color":"","overlay-opacity":"","overlay-gradient":""},"mobile":{"background-color":"","background-image":"","background-repeat":"repeat","background-position":"center center","background-size":"auto","background-attachment":"scroll","background-type":"","background-media":"","overlay-type":"","overlay-color":"","overlay-opacity":"","overlay-gradient":""}},"ast-content-background-meta":{"desktop":{"background-color":"var(--ast-global-color-5)","background-image":"","background-repeat":"repeat","background-position":"center center","background-size":"auto","background-attachment":"scroll","background-type":"","background-media":"","overlay-type":"","overlay-color":"","overlay-opacity":"","overlay-gradient":""},"tablet":{"background-color":"var(--ast-global-color-5)","background-image":"","background-repeat":"repeat","background-position":"center center","background-size":"auto","background-attachment":"scroll","background-type":"","background-media":"","overlay-type":"","overlay-color":"","overlay-opacity":"","overlay-gradient":""},"mobile":{"background-color":"var(--ast-global-color-5)","background-image":"","background-repeat":"repeat","background-position":"center center","background-size":"auto","background-attachment":"scroll","background-type":"","background-media":"","overlay-type":"","overlay-color":"","overlay-opacity":"","overlay-gradient":""}}},"soort":[],"product_brand":[],"product_cat":[1348,3003],"product_tag":[1137],"class_list":{"0":"post-56659","1":"product","2":"type-product","3":"status-publish","4":"has-post-thumbnail","6":"product_cat-unieke-producten","7":"product_cat-sculpturen-per-stuk","8":"product_tag-uniek","9":"pa_herkomst-madagaskar","10":"pa_soort-apatiet","11":"pa_soort-blauwe-apatiet","12":"pa_verkoopeenheid-uniek","13":"pa_vorm-sculptuur","14":"pa_vorm-vrije-vorm","15":"desktop-align-center","16":"tablet-align-center","17":"mobile-align-center","18":"ast-product-gallery-layout-horizontal-slider","19":"ast-product-tabs-layout-horizontal","21":"first","22":"instock","23":"sold-individually","24":"taxable","25":"shipping-taxable","26":"product-type-simple"},"acf":[],"_links":{"self":[{"href":"https:\/\/www.ruschmineralen.nl\/de\/wp-json\/wp\/v2\/product\/56659","targetHints":{"allow":["GET"]}}],"collection":[{"href":"https:\/\/www.ruschmineralen.nl\/de\/wp-json\/wp\/v2\/product"}],"about":[{"href":"https:\/\/www.ruschmineralen.nl\/de\/wp-json\/wp\/v2\/types\/product"}],"wp:featuredmedia":[{"embeddable":true,"href":"https:\/\/www.ruschmineralen.nl\/de\/wp-json\/wp\/v2\/media\/56506"}],"wp:attachment":[{"href":"https:\/\/www.ruschmineralen.nl\/de\/wp-json\/wp\/v2\/media?parent=56659"}],"wp:term":[{"taxonomy":"soort","embeddable":true,"href":"https:\/\/www.ruschmineralen.nl\/de\/wp-json\/wp\/v2\/soort?post=56659"},{"taxonomy":"product_brand","embeddable":true,"href":"https:\/\/www.ruschmineralen.nl\/de\/wp-json\/wp\/v2\/product_brand?post=56659"},{"taxonomy":"product_cat","embeddable":true,"href":"https:\/\/www.ruschmineralen.nl\/de\/wp-json\/wp\/v2\/product_cat?post=56659"},{"taxonomy":"product_tag","embeddable":true,"href":"https:\/\/www.ruschmineralen.nl\/de\/wp-json\/wp\/v2\/product_tag?post=56659"}],"curies":[{"name":"wp","href":"https:\/\/api.w.org\/{rel}","templated":true}]}}