{"id":58586,"date":"2025-10-27T17:00:00","date_gmt":"2025-10-27T16:00:00","guid":{"rendered":"https:\/\/www.ruschmineralen.nl\/product\/20764-regenboog-maansteen-zilveren-hanger\/"},"modified":"2025-10-27T17:05:29","modified_gmt":"2025-10-27T16:05:29","slug":"20764-regenbogen-mondstein-silber-anhanger","status":"publish","type":"product","link":"https:\/\/www.ruschmineralen.nl\/de\/produkt\/20764-regenbogen-mondstein-silber-anhanger\/","title":{"rendered":"Regenbogen-Mondstein Silber-Anh\u00e4nger"},"content":{"rendered":"<h2>Regenbogen Mondstein Silber Anh\u00e4nger aus Indien<\/h2>\n<p><h3>Mondstein<\/h3>\n<p><a href=\"https:\/\/www.ruschmineralen.nl\/de\/typ\/mondstein\/\" target=\"_blank\">Mondstein<\/a> ist eine schimmernde Feldspatvariet\u00e4t, die f\u00fcr den optischen Effekt der Adulareszenz bekannt ist - ein sanftes, leuchtendes Gl\u00fchen direkt unter der Oberfl\u00e4che des Steins. Die Farbe reicht von farblos bis wei\u00df, pfirsichfarben, grau oder blau, oft mit einem charakteristischen Schimmer.<\/p>\n<p>Zu den wichtigsten Vorkommen geh\u00f6ren Sri Lanka, Indien, Madagaskar und Myanmar. Mondstein geh\u00f6rt zur Orthoklas- und Albitgruppe innerhalb der Feldsp\u00e4te und hat die chemische Formel KAlSi\u2083O\u2088. Er hat eine H\u00e4rte von 6 bis 6,5 auf der Mohs-Skala.<\/p>\n<p>Rosa Mondstein, schwarzer Mondstein und Regenbogenmondstein sind sehr begehrte Sorten, jede mit ihrem eigenen Glanzeffekt und Farbton.<\/p>\n<p><small><strong>Quellen: <\/strong><br \/><a href=\"https:\/\/www.mindat.org\/min-2774.html\" target=\"_blank\" rel=\"noopener\">Mindat.org<\/a>, <a href=\"https:\/\/www.gemdat.org\/gem-2774.html\" target=\"_blank\" rel=\"noopener\">Gemdat.org<\/a>, <a href=\"https:\/\/en.wikipedia.org\/wiki\/Moonstone_(gemstone)\" target=\"_blank\" rel=\"noopener\">Wikipedia - Mondstein<\/a><\/small><\/p>\n<h3>Silber-Anh\u00e4nger<\/h3>\n<p>Die Silberanh\u00e4nger aus unserem Sortiment sind hochwertige Schmuckst\u00fccke mit sorgf\u00e4ltig ausgew\u00e4hlten (Edel-)Steinen, die in 925er Sterlingsilber gefasst sind. Diese Anh\u00e4nger sind nicht vergoldet, sondern komplett aus massivem Silber gefertigt. Die verwendeten Steine sind von deutlich h\u00f6herer Qualit\u00e4t, als dies bei dieser Art von Schmuck \u00fcblich ist.<\/p>\n<p>Die Anh\u00e4nger sind in verschiedenen Formen erh\u00e4ltlich, wobei der Schwerpunkt auf tr\u00e4nenf\u00f6rmigen und ovalen Designs liegt, die durch runde, quadratische und organische Varianten erg\u00e4nzt werden. Wir bieten mehr als 20 Steinarten an, darunter Amethyst, Chalcedon, Fluorit, Labradorit, Malachit, Tigerauge, Rutilquarz und Regenbogenmondstein. Die Gr\u00f6\u00dfen reichen von 2 bis 4 cm und wiegen jeweils etwa 4 bis 16 Gramm.<\/p>\n<\/p>","protected":false},"excerpt":{"rendered":"<p>Regenbogen Mondstein Silber Anh\u00e4nger aus Indien<\/p>","protected":false},"featured_media":58571,"template":"","meta":{"_acf_changed":false,"site-sidebar-layout":"default","site-content-layout":"","ast-site-content-layout":"default","site-content-style":"default","site-sidebar-style":"default","ast-global-header-display":"","ast-banner-title-visibility":"","ast-main-header-display":"","ast-hfb-above-header-display":"","ast-hfb-below-header-display":"","ast-hfb-mobile-header-display":"","site-post-title":"","ast-breadcrumbs-content":"","ast-featured-img":"","footer-sml-layout":"","theme-transparent-header-meta":"","adv-header-id-meta":"","stick-header-meta":"","header-above-stick-meta":"","header-main-stick-meta":"","header-below-stick-meta":"","astra-migrate-meta-layouts":"default","ast-page-background-enabled":"default","ast-page-background-meta":{"desktop":{"background-color":"var(--ast-global-color-4)","background-image":"","background-repeat":"repeat","background-position":"center center","background-size":"auto","background-attachment":"scroll","background-type":"","background-media":"","overlay-type":"","overlay-color":"","overlay-opacity":"","overlay-gradient":""},"tablet":{"background-color":"","background-image":"","background-repeat":"repeat","background-position":"center center","background-size":"auto","background-attachment":"scroll","background-type":"","background-media":"","overlay-type":"","overlay-color":"","overlay-opacity":"","overlay-gradient":""},"mobile":{"background-color":"","background-image":"","background-repeat":"repeat","background-position":"center center","background-size":"auto","background-attachment":"scroll","background-type":"","background-media":"","overlay-type":"","overlay-color":"","overlay-opacity":"","overlay-gradient":""}},"ast-content-background-meta":{"desktop":{"background-color":"var(--ast-global-color-5)","background-image":"","background-repeat":"repeat","background-position":"center center","background-size":"auto","background-attachment":"scroll","background-type":"","background-media":"","overlay-type":"","overlay-color":"","overlay-opacity":"","overlay-gradient":""},"tablet":{"background-color":"var(--ast-global-color-5)","background-image":"","background-repeat":"repeat","background-position":"center center","background-size":"auto","background-attachment":"scroll","background-type":"","background-media":"","overlay-type":"","overlay-color":"","overlay-opacity":"","overlay-gradient":""},"mobile":{"background-color":"var(--ast-global-color-5)","background-image":"","background-repeat":"repeat","background-position":"center center","background-size":"auto","background-attachment":"scroll","background-type":"","background-media":"","overlay-type":"","overlay-color":"","overlay-opacity":"","overlay-gradient":""}}},"soort":[],"product_brand":[],"product_cat":[1058,1348],"product_tag":[1137],"class_list":{"0":"post-58586","1":"product","2":"type-product","3":"status-publish","4":"has-post-thumbnail","6":"product_cat-zilveren-hangers","7":"product_cat-unieke-producten","8":"product_tag-uniek","9":"pa_herkomst-india","10":"pa_soort-regenboog-maansteen","11":"pa_verkoopeenheid-uniek","12":"pa_vorm-zilveren-hanger","13":"desktop-align-center","14":"tablet-align-center","15":"mobile-align-center","16":"ast-product-gallery-layout-horizontal-slider","17":"ast-product-gallery-with-no-image","18":"ast-product-tabs-layout-horizontal","20":"first","21":"instock","22":"sold-individually","23":"taxable","24":"shipping-taxable","25":"product-type-simple"},"acf":[],"_links":{"self":[{"href":"https:\/\/www.ruschmineralen.nl\/de\/wp-json\/wp\/v2\/product\/58586","targetHints":{"allow":["GET"]}}],"collection":[{"href":"https:\/\/www.ruschmineralen.nl\/de\/wp-json\/wp\/v2\/product"}],"about":[{"href":"https:\/\/www.ruschmineralen.nl\/de\/wp-json\/wp\/v2\/types\/product"}],"wp:featuredmedia":[{"embeddable":true,"href":"https:\/\/www.ruschmineralen.nl\/de\/wp-json\/wp\/v2\/media\/58571"}],"wp:attachment":[{"href":"https:\/\/www.ruschmineralen.nl\/de\/wp-json\/wp\/v2\/media?parent=58586"}],"wp:term":[{"taxonomy":"soort","embeddable":true,"href":"https:\/\/www.ruschmineralen.nl\/de\/wp-json\/wp\/v2\/soort?post=58586"},{"taxonomy":"product_brand","embeddable":true,"href":"https:\/\/www.ruschmineralen.nl\/de\/wp-json\/wp\/v2\/product_brand?post=58586"},{"taxonomy":"product_cat","embeddable":true,"href":"https:\/\/www.ruschmineralen.nl\/de\/wp-json\/wp\/v2\/product_cat?post=58586"},{"taxonomy":"product_tag","embeddable":true,"href":"https:\/\/www.ruschmineralen.nl\/de\/wp-json\/wp\/v2\/product_tag?post=58586"}],"curies":[{"name":"wp","href":"https:\/\/api.w.org\/{rel}","templated":true}]}}