{"id":58779,"date":"2025-10-28T16:15:00","date_gmt":"2025-10-28T15:15:00","guid":{"rendered":"https:\/\/www.ruschmineralen.nl\/?post_type=product&#038;p=58779"},"modified":"2025-10-28T15:59:48","modified_gmt":"2025-10-28T14:59:48","slug":"20853-gabbro-skulptur","status":"publish","type":"product","link":"https:\/\/www.ruschmineralen.nl\/de\/produkt\/20853-gabbro-skulptur\/","title":{"rendered":"Gabbro-Skulptur"},"content":{"rendered":"<h2>Gabbro-Skulptur aus Madagaskar<\/h2>\n<h3>Gabbro<\/h3>\n<p><a href=\"https:\/\/www.ruschmineralen.nl\/de\/typ\/gabbro\/\" target=\"_blank\">Gabbro<\/a> ist ein grobk\u00f6rniges, dunkles Eruptivgestein, das haupts\u00e4chlich aus Plagioklas und Pyroxen besteht. Es wird oft mit Basalt verwechselt, aber Gabbro kristallisiert tiefer in der Erdkruste, so dass die Kristalle gr\u00f6\u00dfer sind. Das Gestein hat in der Regel eine schwarze bis dunkelgr\u00fcne Farbe und wird im Bauwesen und als Zierstein verwendet.<\/p>\n<p>Gabbro kommt weltweit vor, mit wichtigen Vorkommen in Kanada, S\u00fcdafrika, Italien und den Vereinigten Staaten. Da es sich um ein Gestein und nicht um ein reines Mineral handelt, besteht es aus mehreren Mineralien. Seine H\u00e4rte liegt im Durchschnitt bei 6 auf der Mohs-Skala.<\/p>\n<p>Eine bekannte Variante ist Indigo Gabrro, auch bekannt als \"Mystic Merlinite\", ein Handelsname f\u00fcr eine besondere Form von Gabbro aus Madagaskar mit einem charakteristischen schwarz-wei\u00dfen Muster.<\/p>\n<p><small><strong>Quellen: <\/strong><br \/><a href=\"https:\/\/www.mindat.org\/min-48275.html\" target=\"_blank\" rel=\"noopener\">Mindat.org<\/a>, <a href=\"https:\/\/en.wikipedia.org\/wiki\/Gabbro\" target=\"_blank\" rel=\"noopener\">Wikipedia - Gabbro<\/a><\/small><\/p>","protected":false},"excerpt":{"rendered":"<p>Gabbro-Skulptur aus Madagaskar<\/p>","protected":false},"featured_media":58780,"template":"","meta":{"_acf_changed":false,"site-sidebar-layout":"default","site-content-layout":"","ast-site-content-layout":"default","site-content-style":"default","site-sidebar-style":"default","ast-global-header-display":"","ast-banner-title-visibility":"","ast-main-header-display":"","ast-hfb-above-header-display":"","ast-hfb-below-header-display":"","ast-hfb-mobile-header-display":"","site-post-title":"","ast-breadcrumbs-content":"","ast-featured-img":"","footer-sml-layout":"","theme-transparent-header-meta":"","adv-header-id-meta":"","stick-header-meta":"","header-above-stick-meta":"","header-main-stick-meta":"","header-below-stick-meta":"","astra-migrate-meta-layouts":"default","ast-page-background-enabled":"default","ast-page-background-meta":{"desktop":{"background-color":"var(--ast-global-color-4)","background-image":"","background-repeat":"repeat","background-position":"center center","background-size":"auto","background-attachment":"scroll","background-type":"","background-media":"","overlay-type":"","overlay-color":"","overlay-opacity":"","overlay-gradient":""},"tablet":{"background-color":"","background-image":"","background-repeat":"repeat","background-position":"center center","background-size":"auto","background-attachment":"scroll","background-type":"","background-media":"","overlay-type":"","overlay-color":"","overlay-opacity":"","overlay-gradient":""},"mobile":{"background-color":"","background-image":"","background-repeat":"repeat","background-position":"center center","background-size":"auto","background-attachment":"scroll","background-type":"","background-media":"","overlay-type":"","overlay-color":"","overlay-opacity":"","overlay-gradient":""}},"ast-content-background-meta":{"desktop":{"background-color":"var(--ast-global-color-5)","background-image":"","background-repeat":"repeat","background-position":"center center","background-size":"auto","background-attachment":"scroll","background-type":"","background-media":"","overlay-type":"","overlay-color":"","overlay-opacity":"","overlay-gradient":""},"tablet":{"background-color":"var(--ast-global-color-5)","background-image":"","background-repeat":"repeat","background-position":"center center","background-size":"auto","background-attachment":"scroll","background-type":"","background-media":"","overlay-type":"","overlay-color":"","overlay-opacity":"","overlay-gradient":""},"mobile":{"background-color":"var(--ast-global-color-5)","background-image":"","background-repeat":"repeat","background-position":"center center","background-size":"auto","background-attachment":"scroll","background-type":"","background-media":"","overlay-type":"","overlay-color":"","overlay-opacity":"","overlay-gradient":""}}},"soort":[],"product_brand":[],"product_cat":[1348,3003],"product_tag":[1137],"class_list":{"0":"post-58779","1":"product","2":"type-product","3":"status-publish","4":"has-post-thumbnail","6":"product_cat-unieke-producten","7":"product_cat-sculpturen-per-stuk","8":"product_tag-uniek","9":"pa_herkomst-madagaskar","10":"pa_soort-gabbro","11":"pa_verkoopeenheid-uniek","12":"pa_vorm-sculptuur","13":"pa_vorm-vrije-vorm","14":"desktop-align-center","15":"tablet-align-center","16":"mobile-align-center","17":"ast-product-gallery-layout-horizontal-slider","18":"ast-product-tabs-layout-horizontal","20":"first","21":"instock","22":"sold-individually","23":"taxable","24":"shipping-taxable","25":"product-type-simple"},"acf":[],"_links":{"self":[{"href":"https:\/\/www.ruschmineralen.nl\/de\/wp-json\/wp\/v2\/product\/58779","targetHints":{"allow":["GET"]}}],"collection":[{"href":"https:\/\/www.ruschmineralen.nl\/de\/wp-json\/wp\/v2\/product"}],"about":[{"href":"https:\/\/www.ruschmineralen.nl\/de\/wp-json\/wp\/v2\/types\/product"}],"wp:featuredmedia":[{"embeddable":true,"href":"https:\/\/www.ruschmineralen.nl\/de\/wp-json\/wp\/v2\/media\/58780"}],"wp:attachment":[{"href":"https:\/\/www.ruschmineralen.nl\/de\/wp-json\/wp\/v2\/media?parent=58779"}],"wp:term":[{"taxonomy":"soort","embeddable":true,"href":"https:\/\/www.ruschmineralen.nl\/de\/wp-json\/wp\/v2\/soort?post=58779"},{"taxonomy":"product_brand","embeddable":true,"href":"https:\/\/www.ruschmineralen.nl\/de\/wp-json\/wp\/v2\/product_brand?post=58779"},{"taxonomy":"product_cat","embeddable":true,"href":"https:\/\/www.ruschmineralen.nl\/de\/wp-json\/wp\/v2\/product_cat?post=58779"},{"taxonomy":"product_tag","embeddable":true,"href":"https:\/\/www.ruschmineralen.nl\/de\/wp-json\/wp\/v2\/product_tag?post=58779"}],"curies":[{"name":"wp","href":"https:\/\/api.w.org\/{rel}","templated":true}]}}