{"id":60243,"date":"2025-11-27T15:09:29","date_gmt":"2025-11-27T14:09:29","guid":{"rendered":"https:\/\/www.ruschmineralen.nl\/?post_type=product&#038;p=60243"},"modified":"2025-11-28T11:23:37","modified_gmt":"2025-11-28T10:23:37","slug":"2232-apophyllit-punkte","status":"publish","type":"product","link":"https:\/\/www.ruschmineralen.nl\/de\/produkt\/2232-apophyllit-punkte\/","title":{"rendered":"Apophyllit-Punkte"},"content":{"rendered":"<h2>Apophyllit-Punkte aus Indien<\/h2>\n<p>Raue, kleine Apophyllit-Punkte in verschiedenen Gr\u00f6\u00dfen.<h3>Apophyllit<\/h3>\n<p><a href=\"https:\/\/www.ruschmineralen.nl\/de\/typ\/apophyllit\/\" target=\"_blank\">Apophyllit<\/a> ist eine Gruppe von Schichtsilikatmineralen, die h\u00e4ufig in klaren, prismenf\u00f6rmigen Kristallen mit glasartigem bis perlmuttartigem Glanz vorkommen. Die Farbe reicht von farblos und wei\u00df bis gr\u00fcn oder rosa, je nach Spuren anderer Elemente. Aufgrund seiner charakteristischen Kristallform und Transparenz ist Apophyllit bei Sammlern sehr beliebt und wird h\u00e4ufig in Kombination mit Zeolithen gefunden.<\/p>\n<p>Gro\u00dfe Vorkommen gibt es in Indien, Brasilien, Deutschland, Island und den Vereinigten Staaten. Apophyllit bildet sich in der Regel in den Hohlr\u00e4umen von basaltischen Laven und anderen vulkanischen Gesteinen durch hydrothermale Prozesse. Seine allgemeine Formel lautet KCa\u2084Si\u2088O\u2082\u2080(F,OH)-8H\u2082O, und seine H\u00e4rte liegt zwischen 4,5 und 5 auf der Mohs-Skala.<\/p>\n<p><small><strong>Quellen: <\/strong><br \/><a href=\"https:\/\/www.mindat.org\/min-283.html\" target=\"_blank\" rel=\"noopener\">Mindat.org<\/a>, <a href=\"https:\/\/www.gemdat.org\/gem-283.html\" target=\"_blank\" rel=\"noopener\">Gemdat.org<\/a>, <a href=\"https:\/\/en.wikipedia.org\/wiki\/Apophyllite\" target=\"_blank\" rel=\"noopener\">Wikipedia - Apophyllit<\/a><\/small><\/p>\n<\/p>","protected":false},"excerpt":{"rendered":"<p>Apofylliet Punten uit India Ruwe, kleine Apofylliet puntjes in diverse maten.<\/p>","protected":false},"featured_media":60244,"template":"","meta":{"_acf_changed":false,"site-sidebar-layout":"default","site-content-layout":"","ast-site-content-layout":"default","site-content-style":"default","site-sidebar-style":"default","ast-global-header-display":"","ast-banner-title-visibility":"","ast-main-header-display":"","ast-hfb-above-header-display":"","ast-hfb-below-header-display":"","ast-hfb-mobile-header-display":"","site-post-title":"","ast-breadcrumbs-content":"","ast-featured-img":"","footer-sml-layout":"","theme-transparent-header-meta":"default","adv-header-id-meta":"","stick-header-meta":"default","header-above-stick-meta":"","header-main-stick-meta":"","header-below-stick-meta":"","astra-migrate-meta-layouts":"set","ast-page-background-enabled":"default","ast-page-background-meta":{"desktop":{"background-color":"var(--ast-global-color-4)","background-image":"","background-repeat":"repeat","background-position":"center center","background-size":"auto","background-attachment":"scroll","background-type":"","background-media":"","overlay-type":"","overlay-color":"","overlay-opacity":"","overlay-gradient":""},"tablet":{"background-color":"","background-image":"","background-repeat":"repeat","background-position":"center center","background-size":"auto","background-attachment":"scroll","background-type":"","background-media":"","overlay-type":"","overlay-color":"","overlay-opacity":"","overlay-gradient":""},"mobile":{"background-color":"","background-image":"","background-repeat":"repeat","background-position":"center center","background-size":"auto","background-attachment":"scroll","background-type":"","background-media":"","overlay-type":"","overlay-color":"","overlay-opacity":"","overlay-gradient":""}},"ast-content-background-meta":{"desktop":{"background-color":"var(--ast-global-color-5)","background-image":"","background-repeat":"repeat","background-position":"center center","background-size":"auto","background-attachment":"scroll","background-type":"","background-media":"","overlay-type":"","overlay-color":"","overlay-opacity":"","overlay-gradient":""},"tablet":{"background-color":"var(--ast-global-color-5)","background-image":"","background-repeat":"repeat","background-position":"center center","background-size":"auto","background-attachment":"scroll","background-type":"","background-media":"","overlay-type":"","overlay-color":"","overlay-opacity":"","overlay-gradient":""},"mobile":{"background-color":"var(--ast-global-color-5)","background-image":"","background-repeat":"repeat","background-position":"center center","background-size":"auto","background-attachment":"scroll","background-type":"","background-media":"","overlay-type":"","overlay-color":"","overlay-opacity":"","overlay-gradient":""}}},"soort":[],"product_brand":[],"product_cat":[1073],"product_tag":[],"class_list":{"0":"post-60243","1":"product","2":"type-product","3":"status-publish","4":"has-post-thumbnail","6":"product_cat-gekristalliseerd","7":"pa_herkomst-india","8":"pa_soort-apofylliet","9":"pa_verkoopeenheid-per-100-gr","10":"pa_vorm-gekristalliseerd","11":"pa_vorm-ruw","12":"desktop-align-center","13":"tablet-align-center","14":"mobile-align-center","15":"ast-product-gallery-layout-horizontal-slider","16":"ast-product-tabs-layout-horizontal","18":"first","19":"instock","20":"taxable","21":"shipping-taxable","22":"product-type-simple"},"acf":[],"_links":{"self":[{"href":"https:\/\/www.ruschmineralen.nl\/de\/wp-json\/wp\/v2\/product\/60243","targetHints":{"allow":["GET"]}}],"collection":[{"href":"https:\/\/www.ruschmineralen.nl\/de\/wp-json\/wp\/v2\/product"}],"about":[{"href":"https:\/\/www.ruschmineralen.nl\/de\/wp-json\/wp\/v2\/types\/product"}],"wp:featuredmedia":[{"embeddable":true,"href":"https:\/\/www.ruschmineralen.nl\/de\/wp-json\/wp\/v2\/media\/60244"}],"wp:attachment":[{"href":"https:\/\/www.ruschmineralen.nl\/de\/wp-json\/wp\/v2\/media?parent=60243"}],"wp:term":[{"taxonomy":"soort","embeddable":true,"href":"https:\/\/www.ruschmineralen.nl\/de\/wp-json\/wp\/v2\/soort?post=60243"},{"taxonomy":"product_brand","embeddable":true,"href":"https:\/\/www.ruschmineralen.nl\/de\/wp-json\/wp\/v2\/product_brand?post=60243"},{"taxonomy":"product_cat","embeddable":true,"href":"https:\/\/www.ruschmineralen.nl\/de\/wp-json\/wp\/v2\/product_cat?post=60243"},{"taxonomy":"product_tag","embeddable":true,"href":"https:\/\/www.ruschmineralen.nl\/de\/wp-json\/wp\/v2\/product_tag?post=60243"}],"curies":[{"name":"wp","href":"https:\/\/api.w.org\/{rel}","templated":true}]}}