{"id":60486,"date":"2025-12-05T10:44:05","date_gmt":"2025-12-05T09:44:05","guid":{"rendered":"https:\/\/www.ruschmineralen.nl\/?post_type=product&#038;p=60486"},"modified":"2026-02-19T12:20:50","modified_gmt":"2026-02-19T11:20:50","slug":"4257-versteinerte-holzpunkte","status":"publish","type":"product","link":"https:\/\/www.ruschmineralen.nl\/de\/produkt\/4257-versteinerte-holzpunkte\/","title":{"rendered":"Versteinerte Holzspitzen Madagaskar"},"content":{"rendered":"<h2>Versteinerte Holzspitzen aus Madagaskar<\/h2>\n<p><h3>Versteinertes Holz<\/h3>\n<p><a href=\"https:\/\/www.ruschmineralen.nl\/de\/typ\/versteinertes-holz\/\" target=\"_blank\">Versteinertes Holz<\/a> entsteht, wenn Holz \u00fcber einen langen Zeitraum durch den Prozess der Permineralisierung versteinert, bei dem organisches Material durch Mineralien wie Quarz ersetzt wird. Das urspr\u00fcngliche Holzmuster bleibt bei diesem Prozess in der Regel gut erhalten, wodurch die erkennbare Holzstruktur im Stein entsteht.<\/p>\n<p>Es kommt weltweit in Gebieten mit vulkanischer Aktivit\u00e4t oder reich an kiesels\u00e4urehaltigem Wasser vor, z. B. in den Vereinigten Staaten (Arizona), Indonesien und Madagaskar. Seine chemische Zusammensetzung ist in der Regel SiO\u2082, da er haupts\u00e4chlich aus Quarz besteht. Seine H\u00e4rte betr\u00e4gt etwa 6,5 bis 7 auf der Mohs-Skala.<\/p>\n<p>Beliebte Sorten werden nach Farbe und Herkunft unterschieden, z. B. rotbraunes versteinertes Holz aus Arizona und schwarzes versteinertes Holz aus Indonesien.<\/p>\n<p><small><strong>Quellen: <\/strong><br \/><a href=\"https:\/\/www.mindat.org\/min-8018.html\" target=\"_blank\" rel=\"noopener\">Mindat.org<\/a>, <a href=\"https:\/\/www.gemdat.org\/gem-8018.html\" target=\"_blank\" rel=\"noopener\">Gemdat.org<\/a>, <a href=\"https:\/\/en.wikipedia.org\/wiki\/Petrified_wood\" target=\"_blank\" rel=\"noopener\">Wikipedia - Versteinertes Holz<\/a><\/small><\/p>\n<h3>Punkte<\/h3>\n<p> Unsere Spitzensammlung umfasst sowohl nat\u00fcrliche als auch geschliffene und polierte Exemplare, die aus verschiedenen L\u00e4ndern bezogen werden. Wir liefern unter anderem Spitzen aus Madagaskar, China, Brasilien und Indien. Diese Unterschiede in der Herkunft f\u00fchren zu deutlichen Variationen in Form, Oberfl\u00e4che und Aussehen. <\/p>\n<p> Madagaskar-Spitzen sind im Allgemeinen etwas kr\u00e4ftiger in der Form, haben rundere Facetten und ein robusteres Aussehen. Chinesische Spitzen hingegen sind enger und sch\u00e4rfer geschliffen, oft etwas kleiner und mit einer feineren Oberfl\u00e4che. Beide L\u00e4nder liefern in der Regel sechseckige Formen. Die Spitzen aus Indien sind in der Regel quadratisch geschliffen und etwas weniger spitz als die Varianten aus China, was ihnen einen eigenen Charakter verleiht. <\/p>\n<p> Die meisten Artikel haben eine Mindestbestellmenge von 500 Gramm. Sie erhalten eine Auswahl aus dem zu diesem Zeitpunkt verf\u00fcgbaren Sortiment. Wir w\u00e4hlen immer die sch\u00f6nsten und vielf\u00e4ltigsten Kombinationen nach unserem eigenen Geschmack aus. Bitte beachten Sie, dass die Gr\u00f6\u00dfen je nach Steinsorte, Land und Lieferung variieren k\u00f6nnen, so dass die Gr\u00f6\u00dfenauswahl gr\u00f6\u00dfer sein kann. Wir versuchen, dies so gut wie m\u00f6glich in der Produktinformation anzugeben. <\/p>\n<p> Wir haben die Punkte in die folgenden Kategorien eingeteilt:<br \/> <a href=\"https:\/\/www.ruschmineralen.nl\/de\/kategorie\/poliert-und-geschliffen\/punkte\/punkte-je\/\">Punkte pro St\u00fcck<\/a> &nbsp;|&nbsp; <a href=\"https:\/\/www.ruschmineralen.nl\/de\/kategorie\/poliert-und-geschliffen\/punkte\/punkte-pro-gewicht\/\">Punkte pro Gewicht<\/a> <\/p>\n<\/p>","protected":false},"excerpt":{"rendered":"<p>Versteinerte Holzspitzen aus Madagaskar<\/p>","protected":false},"featured_media":60500,"template":"","meta":{"_acf_changed":false,"site-sidebar-layout":"default","site-content-layout":"","ast-site-content-layout":"default","site-content-style":"default","site-sidebar-style":"default","ast-global-header-display":"","ast-banner-title-visibility":"","ast-main-header-display":"","ast-hfb-above-header-display":"","ast-hfb-below-header-display":"","ast-hfb-mobile-header-display":"","site-post-title":"","ast-breadcrumbs-content":"","ast-featured-img":"","footer-sml-layout":"","theme-transparent-header-meta":"default","adv-header-id-meta":"","stick-header-meta":"default","header-above-stick-meta":"","header-main-stick-meta":"","header-below-stick-meta":"","astra-migrate-meta-layouts":"set","ast-page-background-enabled":"default","ast-page-background-meta":{"desktop":{"background-color":"var(--ast-global-color-4)","background-image":"","background-repeat":"repeat","background-position":"center center","background-size":"auto","background-attachment":"scroll","background-type":"","background-media":"","overlay-type":"","overlay-color":"","overlay-opacity":"","overlay-gradient":""},"tablet":{"background-color":"","background-image":"","background-repeat":"repeat","background-position":"center center","background-size":"auto","background-attachment":"scroll","background-type":"","background-media":"","overlay-type":"","overlay-color":"","overlay-opacity":"","overlay-gradient":""},"mobile":{"background-color":"","background-image":"","background-repeat":"repeat","background-position":"center center","background-size":"auto","background-attachment":"scroll","background-type":"","background-media":"","overlay-type":"","overlay-color":"","overlay-opacity":"","overlay-gradient":""}},"ast-content-background-meta":{"desktop":{"background-color":"var(--ast-global-color-5)","background-image":"","background-repeat":"repeat","background-position":"center center","background-size":"auto","background-attachment":"scroll","background-type":"","background-media":"","overlay-type":"","overlay-color":"","overlay-opacity":"","overlay-gradient":""},"tablet":{"background-color":"var(--ast-global-color-5)","background-image":"","background-repeat":"repeat","background-position":"center center","background-size":"auto","background-attachment":"scroll","background-type":"","background-media":"","overlay-type":"","overlay-color":"","overlay-opacity":"","overlay-gradient":""},"mobile":{"background-color":"var(--ast-global-color-5)","background-image":"","background-repeat":"repeat","background-position":"center center","background-size":"auto","background-attachment":"scroll","background-type":"","background-media":"","overlay-type":"","overlay-color":"","overlay-opacity":"","overlay-gradient":""}}},"soort":[],"product_brand":[],"product_cat":[2992],"product_tag":[],"class_list":{"0":"post-60486","1":"product","2":"type-product","3":"status-publish","4":"has-post-thumbnail","6":"product_cat-punten-per-gewicht","7":"pa_herkomst-madagaskar","8":"pa_soort-versteend-hout","9":"pa_verkoopeenheid-per-100-gr","10":"pa_vorm-punt","11":"desktop-align-center","12":"tablet-align-center","13":"mobile-align-center","14":"ast-product-gallery-layout-horizontal-slider","15":"ast-product-gallery-with-no-image","16":"ast-product-tabs-layout-horizontal","18":"first","19":"instock","20":"taxable","21":"shipping-taxable","22":"product-type-simple"},"acf":[],"_links":{"self":[{"href":"https:\/\/www.ruschmineralen.nl\/de\/wp-json\/wp\/v2\/product\/60486","targetHints":{"allow":["GET"]}}],"collection":[{"href":"https:\/\/www.ruschmineralen.nl\/de\/wp-json\/wp\/v2\/product"}],"about":[{"href":"https:\/\/www.ruschmineralen.nl\/de\/wp-json\/wp\/v2\/types\/product"}],"wp:featuredmedia":[{"embeddable":true,"href":"https:\/\/www.ruschmineralen.nl\/de\/wp-json\/wp\/v2\/media\/60500"}],"wp:attachment":[{"href":"https:\/\/www.ruschmineralen.nl\/de\/wp-json\/wp\/v2\/media?parent=60486"}],"wp:term":[{"taxonomy":"soort","embeddable":true,"href":"https:\/\/www.ruschmineralen.nl\/de\/wp-json\/wp\/v2\/soort?post=60486"},{"taxonomy":"product_brand","embeddable":true,"href":"https:\/\/www.ruschmineralen.nl\/de\/wp-json\/wp\/v2\/product_brand?post=60486"},{"taxonomy":"product_cat","embeddable":true,"href":"https:\/\/www.ruschmineralen.nl\/de\/wp-json\/wp\/v2\/product_cat?post=60486"},{"taxonomy":"product_tag","embeddable":true,"href":"https:\/\/www.ruschmineralen.nl\/de\/wp-json\/wp\/v2\/product_tag?post=60486"}],"curies":[{"name":"wp","href":"https:\/\/api.w.org\/{rel}","templated":true}]}}