{"id":61353,"date":"2025-12-18T17:00:00","date_gmt":"2025-12-18T16:00:00","guid":{"rendered":"https:\/\/www.ruschmineralen.nl\/product\/4326-aquamarijn-dubbeleinder-hanger\/"},"modified":"2026-03-20T12:56:35","modified_gmt":"2026-03-20T11:56:35","slug":"4326-aquamarin-doppelzylinder-anhanger","status":"publish","type":"product","link":"https:\/\/www.ruschmineralen.nl\/de\/produkt\/4326-aquamarin-doppelzylinder-anhanger\/","title":{"rendered":"Aquamarin-Doppelschmetterling-Anh\u00e4nger | Goldton - 3,2 cm"},"content":{"rendered":"<h2>Aquamarin-Doppelschmetterling-Anh\u00e4nger aus China<\/h2>\n<p><h3>Aquamarin<\/h3>\n<p><a href=\"https:\/\/www.ruschmineralen.nl\/de\/typ\/aquamarin\/\" target=\"_blank\">Aquamarin<\/a> ist die blaugr\u00fcne Variante des Minerals Beril und bekannt f\u00fcr seine helle, w\u00e4ssrige Farbe, die an das Meer erinnert. Der Name leitet sich vom lateinischen \"aqua marina\" ab, was Meerwasser bedeutet. Die Farbe entsteht durch Spuren von Eisen in der Kristallstruktur und reicht von hellblau bis hellgr\u00fcn.<\/p>\n<p>Aquamarin kommt weltweit vor, mit wichtigen Vorkommen in Brasilien, Pakistan, Madagaskar, Russland und Nigeria. Wie andere Berile hat er die chemische Formel Be\u2083Al\u2082Si\u2086O\u2081\u2088 und kristallisiert im hexagonalen System. Seine H\u00e4rte liegt zwischen 7,5 und 8 auf der Mohs-Skala, wodurch es sich gut f\u00fcr die Verwendung in Schmuck eignet.<\/p>\n<p><small><strong>Quellen: <\/strong><br \/><a href=\"https:\/\/www.mindat.org\/min-289.html\" target=\"_blank\" rel=\"noopener\">Mindat.org<\/a>, <a href=\"https:\/\/www.gemdat.org\/gem-289.html\" target=\"_blank\" rel=\"noopener\">Gemdat.org<\/a>, <a href=\"https:\/\/en.wikipedia.org\/wiki\/Aquamarine_(gem)\" target=\"_blank\" rel=\"noopener\">Wikipedia - Aquamarin<\/a><\/small><\/p>\n<h3>Double-Binder-Anh\u00e4nger<\/h3>\n<p>Der zum Doppelzylinder geschliffene Stein ist in einer silber- oder goldfarbenen Fassung mit \u00d6se befestigt. Der Doppelzylinder hat eine L\u00e4nge von ca. 3,2 cm, gemessen ohne \u00d6se. Diese Anh\u00e4nger sind in verschiedenen Steinsorten erh\u00e4ltlich und werden einzeln geliefert. Aufgrund der Verwendung von Natursteinen k\u00f6nnen Farbe, Markierungen und Verarbeitung von einem Anh\u00e4nger zum anderen leicht variieren.<\/p>\n<\/p>","protected":false},"excerpt":{"rendered":"<p>Aquamarin-Doppelschmetterling-Anh\u00e4nger aus China<\/p>","protected":false},"featured_media":61332,"template":"","meta":{"_acf_changed":false,"site-sidebar-layout":"default","site-content-layout":"","ast-site-content-layout":"default","site-content-style":"default","site-sidebar-style":"default","ast-global-header-display":"","ast-banner-title-visibility":"","ast-main-header-display":"","ast-hfb-above-header-display":"","ast-hfb-below-header-display":"","ast-hfb-mobile-header-display":"","site-post-title":"","ast-breadcrumbs-content":"","ast-featured-img":"","footer-sml-layout":"","theme-transparent-header-meta":"","adv-header-id-meta":"","stick-header-meta":"","header-above-stick-meta":"","header-main-stick-meta":"","header-below-stick-meta":"","astra-migrate-meta-layouts":"default","ast-page-background-enabled":"default","ast-page-background-meta":{"desktop":{"background-color":"var(--ast-global-color-4)","background-image":"","background-repeat":"repeat","background-position":"center center","background-size":"auto","background-attachment":"scroll","background-type":"","background-media":"","overlay-type":"","overlay-color":"","overlay-opacity":"","overlay-gradient":""},"tablet":{"background-color":"","background-image":"","background-repeat":"repeat","background-position":"center center","background-size":"auto","background-attachment":"scroll","background-type":"","background-media":"","overlay-type":"","overlay-color":"","overlay-opacity":"","overlay-gradient":""},"mobile":{"background-color":"","background-image":"","background-repeat":"repeat","background-position":"center center","background-size":"auto","background-attachment":"scroll","background-type":"","background-media":"","overlay-type":"","overlay-color":"","overlay-opacity":"","overlay-gradient":""}},"ast-content-background-meta":{"desktop":{"background-color":"var(--ast-global-color-5)","background-image":"","background-repeat":"repeat","background-position":"center center","background-size":"auto","background-attachment":"scroll","background-type":"","background-media":"","overlay-type":"","overlay-color":"","overlay-opacity":"","overlay-gradient":""},"tablet":{"background-color":"var(--ast-global-color-5)","background-image":"","background-repeat":"repeat","background-position":"center center","background-size":"auto","background-attachment":"scroll","background-type":"","background-media":"","overlay-type":"","overlay-color":"","overlay-opacity":"","overlay-gradient":""},"mobile":{"background-color":"var(--ast-global-color-5)","background-image":"","background-repeat":"repeat","background-position":"center center","background-size":"auto","background-attachment":"scroll","background-type":"","background-media":"","overlay-type":"","overlay-color":"","overlay-opacity":"","overlay-gradient":""}}},"soort":[],"product_brand":[],"product_cat":[3388],"product_tag":[],"class_list":{"0":"post-61353","1":"product","2":"type-product","3":"status-publish","4":"has-post-thumbnail","6":"product_cat-dubbeleinder-hangers","7":"pa_herkomst-china","8":"pa_maat-32-cm","9":"pa_soort-aquamarijn","10":"pa_verkoopeenheid-per-stuk","11":"pa_vorm-dubbeleinder","12":"pa_vorm-hanger","13":"desktop-align-center","14":"tablet-align-center","15":"mobile-align-center","16":"ast-product-gallery-layout-horizontal-slider","17":"ast-product-tabs-layout-horizontal","19":"first","20":"instock","21":"taxable","22":"shipping-taxable","23":"product-type-simple"},"acf":[],"_links":{"self":[{"href":"https:\/\/www.ruschmineralen.nl\/de\/wp-json\/wp\/v2\/product\/61353","targetHints":{"allow":["GET"]}}],"collection":[{"href":"https:\/\/www.ruschmineralen.nl\/de\/wp-json\/wp\/v2\/product"}],"about":[{"href":"https:\/\/www.ruschmineralen.nl\/de\/wp-json\/wp\/v2\/types\/product"}],"wp:featuredmedia":[{"embeddable":true,"href":"https:\/\/www.ruschmineralen.nl\/de\/wp-json\/wp\/v2\/media\/61332"}],"wp:attachment":[{"href":"https:\/\/www.ruschmineralen.nl\/de\/wp-json\/wp\/v2\/media?parent=61353"}],"wp:term":[{"taxonomy":"soort","embeddable":true,"href":"https:\/\/www.ruschmineralen.nl\/de\/wp-json\/wp\/v2\/soort?post=61353"},{"taxonomy":"product_brand","embeddable":true,"href":"https:\/\/www.ruschmineralen.nl\/de\/wp-json\/wp\/v2\/product_brand?post=61353"},{"taxonomy":"product_cat","embeddable":true,"href":"https:\/\/www.ruschmineralen.nl\/de\/wp-json\/wp\/v2\/product_cat?post=61353"},{"taxonomy":"product_tag","embeddable":true,"href":"https:\/\/www.ruschmineralen.nl\/de\/wp-json\/wp\/v2\/product_tag?post=61353"}],"curies":[{"name":"wp","href":"https:\/\/api.w.org\/{rel}","templated":true}]}}