{"id":61364,"date":"2025-12-18T17:00:00","date_gmt":"2025-12-18T16:00:00","guid":{"rendered":"https:\/\/www.ruschmineralen.nl\/product\/4312-maansteen-mix-dubbeleinder-hanger\/"},"modified":"2026-04-24T16:38:09","modified_gmt":"2026-04-24T14:38:09","slug":"4312-mondstein-mix-doppelinder-anhanger","status":"publish","type":"product","link":"https:\/\/www.ruschmineralen.nl\/de\/produkt\/4312-mondstein-mix-doppelinder-anhanger\/","title":{"rendered":"Mondstein-Mix-Doppelschmetterling-Anh\u00e4nger | Gold - 3,2 cm"},"content":{"rendered":"<h2>Mondstein-Mix Doppel-Schmetterling-Anh\u00e4nger aus China<\/h2>\n<p><h3>Mondstein<\/h3>\n<p><a href=\"https:\/\/www.ruschmineralen.nl\/de\/typ\/mondstein\/\" target=\"_blank\">Mondstein<\/a> ist eine schimmernde Feldspatvariet\u00e4t, die f\u00fcr den optischen Effekt der Adulareszenz bekannt ist - ein sanftes, leuchtendes Gl\u00fchen direkt unter der Oberfl\u00e4che des Steins. Die Farbe reicht von farblos bis wei\u00df, pfirsichfarben, grau oder blau, oft mit einem charakteristischen Schimmer.<\/p>\n<p>Zu den wichtigsten Vorkommen geh\u00f6ren Sri Lanka, Indien, Madagaskar und Myanmar. Mondstein geh\u00f6rt zur Orthoklas- und Albitgruppe innerhalb der Feldsp\u00e4te und hat die chemische Formel KAlSi\u2083O\u2088. Er hat eine H\u00e4rte von 6 bis 6,5 auf der Mohs-Skala.<\/p>\n<p>Rosa Mondstein, schwarzer Mondstein und Regenbogenmondstein sind sehr begehrte Sorten, jede mit ihrem eigenen Glanzeffekt und Farbton.<\/p>\n<p><small><strong>Quellen: <\/strong><br \/><a href=\"https:\/\/www.mindat.org\/min-2774.html\" target=\"_blank\" rel=\"noopener\">Mindat.org<\/a>, <a href=\"https:\/\/www.gemdat.org\/gem-2774.html\" target=\"_blank\" rel=\"noopener\">Gemdat.org<\/a>, <a href=\"https:\/\/en.wikipedia.org\/wiki\/Moonstone_(gemstone)\" target=\"_blank\" rel=\"noopener\">Wikipedia - Mondstein<\/a><\/small><\/p>\n<h3>Double-Binder-Anh\u00e4nger<\/h3>\n<p>Der zum Doppelzylinder geschliffene Stein ist in einer silber- oder goldfarbenen Fassung mit \u00d6se befestigt. Der Doppelzylinder hat eine L\u00e4nge von ca. 3,2 cm, gemessen ohne \u00d6se. Diese Anh\u00e4nger sind in verschiedenen Steinsorten erh\u00e4ltlich und werden einzeln geliefert. Aufgrund der Verwendung von Natursteinen k\u00f6nnen Farbe, Markierungen und Verarbeitung von einem Anh\u00e4nger zum anderen leicht variieren.<\/p>\n<\/p>","protected":false},"excerpt":{"rendered":"<p>Mondstein-Mix Doppel-Schmetterling-Anh\u00e4nger aus China<\/p>","protected":false},"featured_media":61310,"template":"","meta":{"_acf_changed":false,"site-sidebar-layout":"default","site-content-layout":"","ast-site-content-layout":"default","site-content-style":"default","site-sidebar-style":"default","ast-global-header-display":"","ast-banner-title-visibility":"","ast-main-header-display":"","ast-hfb-above-header-display":"","ast-hfb-below-header-display":"","ast-hfb-mobile-header-display":"","site-post-title":"","ast-breadcrumbs-content":"","ast-featured-img":"","footer-sml-layout":"","theme-transparent-header-meta":"","adv-header-id-meta":"","stick-header-meta":"","header-above-stick-meta":"","header-main-stick-meta":"","header-below-stick-meta":"","astra-migrate-meta-layouts":"default","ast-page-background-enabled":"default","ast-page-background-meta":{"desktop":{"background-color":"var(--ast-global-color-4)","background-image":"","background-repeat":"repeat","background-position":"center center","background-size":"auto","background-attachment":"scroll","background-type":"","background-media":"","overlay-type":"","overlay-color":"","overlay-opacity":"","overlay-gradient":""},"tablet":{"background-color":"","background-image":"","background-repeat":"repeat","background-position":"center center","background-size":"auto","background-attachment":"scroll","background-type":"","background-media":"","overlay-type":"","overlay-color":"","overlay-opacity":"","overlay-gradient":""},"mobile":{"background-color":"","background-image":"","background-repeat":"repeat","background-position":"center center","background-size":"auto","background-attachment":"scroll","background-type":"","background-media":"","overlay-type":"","overlay-color":"","overlay-opacity":"","overlay-gradient":""}},"ast-content-background-meta":{"desktop":{"background-color":"var(--ast-global-color-5)","background-image":"","background-repeat":"repeat","background-position":"center center","background-size":"auto","background-attachment":"scroll","background-type":"","background-media":"","overlay-type":"","overlay-color":"","overlay-opacity":"","overlay-gradient":""},"tablet":{"background-color":"var(--ast-global-color-5)","background-image":"","background-repeat":"repeat","background-position":"center center","background-size":"auto","background-attachment":"scroll","background-type":"","background-media":"","overlay-type":"","overlay-color":"","overlay-opacity":"","overlay-gradient":""},"mobile":{"background-color":"var(--ast-global-color-5)","background-image":"","background-repeat":"repeat","background-position":"center center","background-size":"auto","background-attachment":"scroll","background-type":"","background-media":"","overlay-type":"","overlay-color":"","overlay-opacity":"","overlay-gradient":""}}},"soort":[],"product_brand":[],"product_cat":[3388],"product_tag":[],"class_list":{"0":"post-61364","1":"product","2":"type-product","3":"status-publish","4":"has-post-thumbnail","6":"product_cat-dubbeleinder-hangers","7":"pa_herkomst-china","8":"pa_maat-32-cm","9":"pa_soort-maansteen","10":"pa_soort-maansteen-mix","11":"pa_verkoopeenheid-per-stuk","12":"pa_vorm-dubbeleinder","13":"pa_vorm-hanger","14":"desktop-align-center","15":"tablet-align-center","16":"mobile-align-center","17":"ast-product-gallery-layout-horizontal-slider","18":"ast-product-tabs-layout-horizontal","20":"first","21":"instock","22":"taxable","23":"shipping-taxable","24":"product-type-simple"},"acf":[],"_links":{"self":[{"href":"https:\/\/www.ruschmineralen.nl\/de\/wp-json\/wp\/v2\/product\/61364","targetHints":{"allow":["GET"]}}],"collection":[{"href":"https:\/\/www.ruschmineralen.nl\/de\/wp-json\/wp\/v2\/product"}],"about":[{"href":"https:\/\/www.ruschmineralen.nl\/de\/wp-json\/wp\/v2\/types\/product"}],"wp:featuredmedia":[{"embeddable":true,"href":"https:\/\/www.ruschmineralen.nl\/de\/wp-json\/wp\/v2\/media\/61310"}],"wp:attachment":[{"href":"https:\/\/www.ruschmineralen.nl\/de\/wp-json\/wp\/v2\/media?parent=61364"}],"wp:term":[{"taxonomy":"soort","embeddable":true,"href":"https:\/\/www.ruschmineralen.nl\/de\/wp-json\/wp\/v2\/soort?post=61364"},{"taxonomy":"product_brand","embeddable":true,"href":"https:\/\/www.ruschmineralen.nl\/de\/wp-json\/wp\/v2\/product_brand?post=61364"},{"taxonomy":"product_cat","embeddable":true,"href":"https:\/\/www.ruschmineralen.nl\/de\/wp-json\/wp\/v2\/product_cat?post=61364"},{"taxonomy":"product_tag","embeddable":true,"href":"https:\/\/www.ruschmineralen.nl\/de\/wp-json\/wp\/v2\/product_tag?post=61364"}],"curies":[{"name":"wp","href":"https:\/\/api.w.org\/{rel}","templated":true}]}}