{"id":61373,"date":"2025-12-18T17:00:00","date_gmt":"2025-12-18T16:00:00","guid":{"rendered":"https:\/\/www.ruschmineralen.nl\/product\/4322-goudsteen-dubbeleinder-hanger\/"},"modified":"2026-01-26T15:55:38","modified_gmt":"2026-01-26T14:55:38","slug":"4322-goldstein-doppelinder-anhanger","status":"publish","type":"product","link":"https:\/\/www.ruschmineralen.nl\/de\/produkt\/4322-goldstein-doppelinder-anhanger\/","title":{"rendered":"Goldstein-Doppelschmetterling-Anh\u00e4nger | Goldfarbe - 3,2 cm"},"content":{"rendered":"<h2>Goldstein-Doppelschmetterling-Anh\u00e4nger aus China<\/h2>\n<p><h3>Goldstein<\/h3>\n<p><a href=\"https:\/\/www.ruschmineralen.nl\/de\/typ\/goldstein\/\" target=\"_blank\">Goldstein<\/a> ist kein nat\u00fcrliches Mineral, sondern ein synthetisches, glasartiges Material mit einem charakteristischen Schimmer, der durch eingeschlossene Kupferpartikel verursacht wird. Der Stein hat in der Regel eine warme br\u00e4unlich-rote bis goldbraune Farbe, es gibt aber auch blaue und gr\u00fcne Varianten. Wegen seines funkelnden Aussehens wird Goldstein h\u00e4ufig f\u00fcr Schmuck und Dekorationsgegenst\u00e4nde verwendet.<\/p>\n<p>Goldstein wurde wahrscheinlich erstmals im 17. Jahrhundert in Italien hergestellt, m\u00f6glicherweise von Glasmachern in Venedig. Obwohl es sich um ein k\u00fcnstliches Produkt handelt, wird er im Mineralienhandel wegen seines attraktiven Aussehens h\u00e4ufig neben Natursteinen angeboten. Seine H\u00e4rte betr\u00e4gt etwa 5,5 bis 6 auf der Mohs-Skala, \u00e4hnlich wie bei gew\u00f6hnlichem Glas.<\/p>\n<p><small><strong>Quellen: <\/strong><br \/><a href=\"https:\/\/www.mindat.org\/min-11403.html\" target=\"_blank\" rel=\"noopener\">Mindat.org<\/a>, <a href=\"https:\/\/en.wikipedia.org\/wiki\/Goldstone_(glass)\" target=\"_blank\" rel=\"noopener\">Wikipedia - Goldstone<\/a><\/small><\/p>\n<h3>Double-Binder-Anh\u00e4nger<\/h3>\n<p>Der zum Doppelzylinder geschliffene Stein ist in einer silber- oder goldfarbenen Fassung mit \u00d6se befestigt. Der Doppelzylinder hat eine L\u00e4nge von ca. 3,2 cm, gemessen ohne \u00d6se. Diese Anh\u00e4nger sind in verschiedenen Steinsorten erh\u00e4ltlich und werden einzeln geliefert. Aufgrund der Verwendung von Natursteinen k\u00f6nnen Farbe, Markierungen und Verarbeitung von einem Anh\u00e4nger zum anderen leicht variieren.<\/p>\n<\/p>","protected":false},"excerpt":{"rendered":"<p>Goldstein-Doppelschmetterling-Anh\u00e4nger aus China<\/p>","protected":false},"featured_media":61292,"template":"","meta":{"_acf_changed":false,"site-sidebar-layout":"default","site-content-layout":"","ast-site-content-layout":"default","site-content-style":"default","site-sidebar-style":"default","ast-global-header-display":"","ast-banner-title-visibility":"","ast-main-header-display":"","ast-hfb-above-header-display":"","ast-hfb-below-header-display":"","ast-hfb-mobile-header-display":"","site-post-title":"","ast-breadcrumbs-content":"","ast-featured-img":"","footer-sml-layout":"","theme-transparent-header-meta":"","adv-header-id-meta":"","stick-header-meta":"","header-above-stick-meta":"","header-main-stick-meta":"","header-below-stick-meta":"","astra-migrate-meta-layouts":"default","ast-page-background-enabled":"default","ast-page-background-meta":{"desktop":{"background-color":"var(--ast-global-color-4)","background-image":"","background-repeat":"repeat","background-position":"center center","background-size":"auto","background-attachment":"scroll","background-type":"","background-media":"","overlay-type":"","overlay-color":"","overlay-opacity":"","overlay-gradient":""},"tablet":{"background-color":"","background-image":"","background-repeat":"repeat","background-position":"center center","background-size":"auto","background-attachment":"scroll","background-type":"","background-media":"","overlay-type":"","overlay-color":"","overlay-opacity":"","overlay-gradient":""},"mobile":{"background-color":"","background-image":"","background-repeat":"repeat","background-position":"center center","background-size":"auto","background-attachment":"scroll","background-type":"","background-media":"","overlay-type":"","overlay-color":"","overlay-opacity":"","overlay-gradient":""}},"ast-content-background-meta":{"desktop":{"background-color":"var(--ast-global-color-5)","background-image":"","background-repeat":"repeat","background-position":"center center","background-size":"auto","background-attachment":"scroll","background-type":"","background-media":"","overlay-type":"","overlay-color":"","overlay-opacity":"","overlay-gradient":""},"tablet":{"background-color":"var(--ast-global-color-5)","background-image":"","background-repeat":"repeat","background-position":"center center","background-size":"auto","background-attachment":"scroll","background-type":"","background-media":"","overlay-type":"","overlay-color":"","overlay-opacity":"","overlay-gradient":""},"mobile":{"background-color":"var(--ast-global-color-5)","background-image":"","background-repeat":"repeat","background-position":"center center","background-size":"auto","background-attachment":"scroll","background-type":"","background-media":"","overlay-type":"","overlay-color":"","overlay-opacity":"","overlay-gradient":""}}},"soort":[],"product_brand":[],"product_cat":[3388],"product_tag":[],"class_list":{"0":"post-61373","1":"product","2":"type-product","3":"status-publish","4":"has-post-thumbnail","6":"product_cat-dubbeleinder-hangers","7":"pa_herkomst-china","8":"pa_maat-32-cm","9":"pa_soort-goudsteen","10":"pa_verkoopeenheid-per-stuk","11":"pa_vorm-dubbeleinder","12":"pa_vorm-hanger","13":"desktop-align-center","14":"tablet-align-center","15":"mobile-align-center","16":"ast-product-gallery-layout-horizontal-slider","17":"ast-product-tabs-layout-horizontal","19":"first","20":"instock","21":"taxable","22":"shipping-taxable","23":"product-type-simple"},"acf":[],"_links":{"self":[{"href":"https:\/\/www.ruschmineralen.nl\/de\/wp-json\/wp\/v2\/product\/61373","targetHints":{"allow":["GET"]}}],"collection":[{"href":"https:\/\/www.ruschmineralen.nl\/de\/wp-json\/wp\/v2\/product"}],"about":[{"href":"https:\/\/www.ruschmineralen.nl\/de\/wp-json\/wp\/v2\/types\/product"}],"wp:featuredmedia":[{"embeddable":true,"href":"https:\/\/www.ruschmineralen.nl\/de\/wp-json\/wp\/v2\/media\/61292"}],"wp:attachment":[{"href":"https:\/\/www.ruschmineralen.nl\/de\/wp-json\/wp\/v2\/media?parent=61373"}],"wp:term":[{"taxonomy":"soort","embeddable":true,"href":"https:\/\/www.ruschmineralen.nl\/de\/wp-json\/wp\/v2\/soort?post=61373"},{"taxonomy":"product_brand","embeddable":true,"href":"https:\/\/www.ruschmineralen.nl\/de\/wp-json\/wp\/v2\/product_brand?post=61373"},{"taxonomy":"product_cat","embeddable":true,"href":"https:\/\/www.ruschmineralen.nl\/de\/wp-json\/wp\/v2\/product_cat?post=61373"},{"taxonomy":"product_tag","embeddable":true,"href":"https:\/\/www.ruschmineralen.nl\/de\/wp-json\/wp\/v2\/product_tag?post=61373"}],"curies":[{"name":"wp","href":"https:\/\/api.w.org\/{rel}","templated":true}]}}