{"id":61375,"date":"2025-12-18T17:00:00","date_gmt":"2025-12-18T16:00:00","guid":{"rendered":"https:\/\/www.ruschmineralen.nl\/product\/4300-zwarte-toermalijn-dubbeleinder-hanger\/"},"modified":"2026-02-09T14:55:21","modified_gmt":"2026-02-09T13:55:21","slug":"4300-schwarzer-turmalin-doppelzylinder-anhanger","status":"publish","type":"product","link":"https:\/\/www.ruschmineralen.nl\/de\/produkt\/4300-schwarzer-turmalin-doppelzylinder-anhanger\/","title":{"rendered":"Schwarzer Turmalin-Doppelschmetterling-Anh\u00e4nger | Gold - 3,2 cm"},"content":{"rendered":"<h2>Schwarzer Turmalin-Doppelschmetterling-Anh\u00e4nger aus China<\/h2>\n<p><h3>Turmalin<\/h3>\n<p><a href=\"https:\/\/www.ruschmineralen.nl\/de\/typ\/turmalin\/\" target=\"_blank\">Turmalin<\/a> ist eine Gruppe von Borsilikatmineralien mit einer komplexen chemischen Zusammensetzung und einer gro\u00dfen Farbvielfalt. Er kommt in praktisch allen Farben des Regenbogens vor, darunter Rosa, Gr\u00fcn, Blau, Schwarz und mehrfarbige Kombinationen. Diese Vielfalt macht den Turmalin zu einem der beliebtesten Edelsteine in der Schmuckwelt.<\/p>\n<p>Turmalin bildet sich in der Regel in Pegmatiten und metamorphen Gesteinen. Gr\u00f6\u00dfere Vorkommen gibt es in Brasilien, Afghanistan, Mosambik, Nigeria und in den Vereinigten Staaten. Die chemische Formel variiert, aber eine allgemeine Form ist (Ca,K,Na)(Al,Fe,Li,Mg,Mn)\u2083(Al,Cr,Fe,V)\u2086(BO\u2083)\u2083(Si,Al,B)\u2086O\u2081\u2088(OH,F)\u2084. Die H\u00e4rte liegt zwischen 7 und 7,5 auf der Mohs-Skala.<\/p>\n<p>Beliebte Variet\u00e4ten sind der schwarze Turmalin (Sch\u00f6rl), der rosafarbene Turmalin (Rubellit), der gr\u00fcne Turmalin (Verdelit) und der Wassermelonenturmalin (innen rosa, au\u00dfen gr\u00fcn).<\/p>\n<p><small><strong>Quellen: <\/strong><br \/><a href=\"https:\/\/www.mindat.org\/min-4003.html\" target=\"_blank\" rel=\"noopener\">Mindat.org<\/a>, <a href=\"https:\/\/www.gemdat.org\/gem-4003.html\" target=\"_blank\" rel=\"noopener\">Gemdat.org<\/a>, <a href=\"https:\/\/en.wikipedia.org\/wiki\/Tourmaline\" target=\"_blank\" rel=\"noopener\">Wikipedia - Turmalin<\/a><\/small><\/p>\n<h3>Double-Binder-Anh\u00e4nger<\/h3>\n<p>Der zum Doppelzylinder geschliffene Stein ist in einer silber- oder goldfarbenen Fassung mit \u00d6se befestigt. Der Doppelzylinder hat eine L\u00e4nge von ca. 3,2 cm, gemessen ohne \u00d6se. Diese Anh\u00e4nger sind in verschiedenen Steinsorten erh\u00e4ltlich und werden einzeln geliefert. Aufgrund der Verwendung von Natursteinen k\u00f6nnen Farbe, Markierungen und Verarbeitung von einem Anh\u00e4nger zum anderen leicht variieren.<\/p>\n<\/p>","protected":false},"excerpt":{"rendered":"<p>Schwarzer Turmalin-Doppelschmetterling-Anh\u00e4nger aus China<\/p>","protected":false},"featured_media":61288,"template":"","meta":{"_acf_changed":false,"site-sidebar-layout":"default","site-content-layout":"","ast-site-content-layout":"default","site-content-style":"default","site-sidebar-style":"default","ast-global-header-display":"","ast-banner-title-visibility":"","ast-main-header-display":"","ast-hfb-above-header-display":"","ast-hfb-below-header-display":"","ast-hfb-mobile-header-display":"","site-post-title":"","ast-breadcrumbs-content":"","ast-featured-img":"","footer-sml-layout":"","theme-transparent-header-meta":"","adv-header-id-meta":"","stick-header-meta":"","header-above-stick-meta":"","header-main-stick-meta":"","header-below-stick-meta":"","astra-migrate-meta-layouts":"default","ast-page-background-enabled":"default","ast-page-background-meta":{"desktop":{"background-color":"var(--ast-global-color-4)","background-image":"","background-repeat":"repeat","background-position":"center center","background-size":"auto","background-attachment":"scroll","background-type":"","background-media":"","overlay-type":"","overlay-color":"","overlay-opacity":"","overlay-gradient":""},"tablet":{"background-color":"","background-image":"","background-repeat":"repeat","background-position":"center center","background-size":"auto","background-attachment":"scroll","background-type":"","background-media":"","overlay-type":"","overlay-color":"","overlay-opacity":"","overlay-gradient":""},"mobile":{"background-color":"","background-image":"","background-repeat":"repeat","background-position":"center center","background-size":"auto","background-attachment":"scroll","background-type":"","background-media":"","overlay-type":"","overlay-color":"","overlay-opacity":"","overlay-gradient":""}},"ast-content-background-meta":{"desktop":{"background-color":"var(--ast-global-color-5)","background-image":"","background-repeat":"repeat","background-position":"center center","background-size":"auto","background-attachment":"scroll","background-type":"","background-media":"","overlay-type":"","overlay-color":"","overlay-opacity":"","overlay-gradient":""},"tablet":{"background-color":"var(--ast-global-color-5)","background-image":"","background-repeat":"repeat","background-position":"center center","background-size":"auto","background-attachment":"scroll","background-type":"","background-media":"","overlay-type":"","overlay-color":"","overlay-opacity":"","overlay-gradient":""},"mobile":{"background-color":"var(--ast-global-color-5)","background-image":"","background-repeat":"repeat","background-position":"center center","background-size":"auto","background-attachment":"scroll","background-type":"","background-media":"","overlay-type":"","overlay-color":"","overlay-opacity":"","overlay-gradient":""}}},"soort":[],"product_brand":[],"product_cat":[3388],"product_tag":[],"class_list":{"0":"post-61375","1":"product","2":"type-product","3":"status-publish","4":"has-post-thumbnail","6":"product_cat-dubbeleinder-hangers","7":"pa_herkomst-china","8":"pa_maat-32-cm","9":"pa_soort-toermalijn","10":"pa_soort-zwarte-toermalijn","11":"pa_verkoopeenheid-per-stuk","12":"pa_vorm-dubbeleinder","13":"pa_vorm-hanger","14":"desktop-align-center","15":"tablet-align-center","16":"mobile-align-center","17":"ast-product-gallery-layout-horizontal-slider","18":"ast-product-tabs-layout-horizontal","20":"first","21":"instock","22":"taxable","23":"shipping-taxable","24":"product-type-simple"},"acf":[],"_links":{"self":[{"href":"https:\/\/www.ruschmineralen.nl\/de\/wp-json\/wp\/v2\/product\/61375","targetHints":{"allow":["GET"]}}],"collection":[{"href":"https:\/\/www.ruschmineralen.nl\/de\/wp-json\/wp\/v2\/product"}],"about":[{"href":"https:\/\/www.ruschmineralen.nl\/de\/wp-json\/wp\/v2\/types\/product"}],"wp:featuredmedia":[{"embeddable":true,"href":"https:\/\/www.ruschmineralen.nl\/de\/wp-json\/wp\/v2\/media\/61288"}],"wp:attachment":[{"href":"https:\/\/www.ruschmineralen.nl\/de\/wp-json\/wp\/v2\/media?parent=61375"}],"wp:term":[{"taxonomy":"soort","embeddable":true,"href":"https:\/\/www.ruschmineralen.nl\/de\/wp-json\/wp\/v2\/soort?post=61375"},{"taxonomy":"product_brand","embeddable":true,"href":"https:\/\/www.ruschmineralen.nl\/de\/wp-json\/wp\/v2\/product_brand?post=61375"},{"taxonomy":"product_cat","embeddable":true,"href":"https:\/\/www.ruschmineralen.nl\/de\/wp-json\/wp\/v2\/product_cat?post=61375"},{"taxonomy":"product_tag","embeddable":true,"href":"https:\/\/www.ruschmineralen.nl\/de\/wp-json\/wp\/v2\/product_tag?post=61375"}],"curies":[{"name":"wp","href":"https:\/\/api.w.org\/{rel}","templated":true}]}}