{"id":61376,"date":"2025-12-18T17:00:00","date_gmt":"2025-12-18T16:00:00","guid":{"rendered":"https:\/\/www.ruschmineralen.nl\/product\/4299-blauwe-apatiet-dubbeleinder-hanger\/"},"modified":"2026-04-24T16:38:10","modified_gmt":"2026-04-24T14:38:10","slug":"4299-blauer-apatit-doppelzylinder-anhanger","status":"publish","type":"product","link":"https:\/\/www.ruschmineralen.nl\/de\/produkt\/4299-blauer-apatit-doppelzylinder-anhanger\/","title":{"rendered":"Blauer Apatit-Doppelschmetterling-Anh\u00e4nger | Gold - 3,2 cm"},"content":{"rendered":"<h2>Blauer Apatit-Doppelschmetterling-Anh\u00e4nger aus China<\/h2>\n<p><h3>Apatit<\/h3>\n<p><a href=\"https:\/\/www.ruschmineralen.nl\/de\/typ\/apatit\/\" target=\"_blank\">Apatit<\/a> ist eine Gruppe von Phosphatmineralien, die meist in blaugr\u00fcnen bis gr\u00fcnen Farbt\u00f6nen vorkommen, aber auch gelbe, violette und farblose Varianten sind bekannt. Der Name stammt aus dem Griechischen <em>apate<\/em>Es bedeutet \"T\u00e4uschung\", da Apatit oft mit anderen Mineralien verwechselt wird. Es ist ein h\u00e4ufiger Bestandteil von phosphorreichem Gestein und spielt eine wichtige Rolle bei biologischen Prozessen, da es auch in Z\u00e4hnen und Knochen von Menschen und Tieren vorkommt.<\/p>\n<p>Gro\u00dfe Apatitvorkommen gibt es in Brasilien, Mexiko, Myanmar, Russland und Madagaskar. Das Mineral kommt sowohl in magmatischen als auch in metamorphen Gesteinen vor und ist auch in Phosphatlagerst\u00e4tten zu finden. Apatit hat die chemische Formel Ca\u2085(PO\u2084)\u2083(F,Cl,OH). Apatit hat eine H\u00e4rte von 5 auf der Mohs-Skala.<\/p>\n<p><small><strong>Quellen: <\/strong><a href=\"https:\/\/www.mindat.org\/min-29229.html\" target=\"_blank\" rel=\"noopener\">Mindat.org<\/a>, <a href=\"https:\/\/www.gemdat.org\/gem-29229.html\" target=\"_blank\" rel=\"noopener\">Gemdat.org<\/a>, <a href=\"https:\/\/en.wikipedia.org\/wiki\/Apatite\" target=\"_blank\" rel=\"noopener\">Wikipedia - Apatit<\/a><\/small><\/p>\n<h3>Double-Binder-Anh\u00e4nger<\/h3>\n<p>Der zum Doppelzylinder geschliffene Stein ist in einer silber- oder goldfarbenen Fassung mit \u00d6se befestigt. Der Doppelzylinder hat eine L\u00e4nge von ca. 3,2 cm, gemessen ohne \u00d6se. Diese Anh\u00e4nger sind in verschiedenen Steinsorten erh\u00e4ltlich und werden einzeln geliefert. Aufgrund der Verwendung von Natursteinen k\u00f6nnen Farbe, Markierungen und Verarbeitung von einem Anh\u00e4nger zum anderen leicht variieren.<\/p>\n<\/p>","protected":false},"excerpt":{"rendered":"<p>Blauer Apatit-Doppelschmetterling-Anh\u00e4nger aus China<\/p>","protected":false},"featured_media":61286,"template":"","meta":{"_acf_changed":false,"site-sidebar-layout":"default","site-content-layout":"","ast-site-content-layout":"default","site-content-style":"default","site-sidebar-style":"default","ast-global-header-display":"","ast-banner-title-visibility":"","ast-main-header-display":"","ast-hfb-above-header-display":"","ast-hfb-below-header-display":"","ast-hfb-mobile-header-display":"","site-post-title":"","ast-breadcrumbs-content":"","ast-featured-img":"","footer-sml-layout":"","theme-transparent-header-meta":"","adv-header-id-meta":"","stick-header-meta":"","header-above-stick-meta":"","header-main-stick-meta":"","header-below-stick-meta":"","astra-migrate-meta-layouts":"default","ast-page-background-enabled":"default","ast-page-background-meta":{"desktop":{"background-color":"var(--ast-global-color-4)","background-image":"","background-repeat":"repeat","background-position":"center center","background-size":"auto","background-attachment":"scroll","background-type":"","background-media":"","overlay-type":"","overlay-color":"","overlay-opacity":"","overlay-gradient":""},"tablet":{"background-color":"","background-image":"","background-repeat":"repeat","background-position":"center center","background-size":"auto","background-attachment":"scroll","background-type":"","background-media":"","overlay-type":"","overlay-color":"","overlay-opacity":"","overlay-gradient":""},"mobile":{"background-color":"","background-image":"","background-repeat":"repeat","background-position":"center center","background-size":"auto","background-attachment":"scroll","background-type":"","background-media":"","overlay-type":"","overlay-color":"","overlay-opacity":"","overlay-gradient":""}},"ast-content-background-meta":{"desktop":{"background-color":"var(--ast-global-color-5)","background-image":"","background-repeat":"repeat","background-position":"center center","background-size":"auto","background-attachment":"scroll","background-type":"","background-media":"","overlay-type":"","overlay-color":"","overlay-opacity":"","overlay-gradient":""},"tablet":{"background-color":"var(--ast-global-color-5)","background-image":"","background-repeat":"repeat","background-position":"center center","background-size":"auto","background-attachment":"scroll","background-type":"","background-media":"","overlay-type":"","overlay-color":"","overlay-opacity":"","overlay-gradient":""},"mobile":{"background-color":"var(--ast-global-color-5)","background-image":"","background-repeat":"repeat","background-position":"center center","background-size":"auto","background-attachment":"scroll","background-type":"","background-media":"","overlay-type":"","overlay-color":"","overlay-opacity":"","overlay-gradient":""}}},"soort":[],"product_brand":[],"product_cat":[3388],"product_tag":[],"class_list":{"0":"post-61376","1":"product","2":"type-product","3":"status-publish","4":"has-post-thumbnail","6":"product_cat-dubbeleinder-hangers","7":"pa_herkomst-china","8":"pa_maat-32-cm","9":"pa_soort-apatiet","10":"pa_soort-blauwe-apatiet","11":"pa_verkoopeenheid-per-stuk","12":"pa_vorm-dubbeleinder","13":"pa_vorm-hanger","14":"desktop-align-center","15":"tablet-align-center","16":"mobile-align-center","17":"ast-product-gallery-layout-horizontal-slider","18":"ast-product-tabs-layout-horizontal","20":"first","21":"instock","22":"taxable","23":"shipping-taxable","24":"product-type-simple"},"acf":[],"_links":{"self":[{"href":"https:\/\/www.ruschmineralen.nl\/de\/wp-json\/wp\/v2\/product\/61376","targetHints":{"allow":["GET"]}}],"collection":[{"href":"https:\/\/www.ruschmineralen.nl\/de\/wp-json\/wp\/v2\/product"}],"about":[{"href":"https:\/\/www.ruschmineralen.nl\/de\/wp-json\/wp\/v2\/types\/product"}],"wp:featuredmedia":[{"embeddable":true,"href":"https:\/\/www.ruschmineralen.nl\/de\/wp-json\/wp\/v2\/media\/61286"}],"wp:attachment":[{"href":"https:\/\/www.ruschmineralen.nl\/de\/wp-json\/wp\/v2\/media?parent=61376"}],"wp:term":[{"taxonomy":"soort","embeddable":true,"href":"https:\/\/www.ruschmineralen.nl\/de\/wp-json\/wp\/v2\/soort?post=61376"},{"taxonomy":"product_brand","embeddable":true,"href":"https:\/\/www.ruschmineralen.nl\/de\/wp-json\/wp\/v2\/product_brand?post=61376"},{"taxonomy":"product_cat","embeddable":true,"href":"https:\/\/www.ruschmineralen.nl\/de\/wp-json\/wp\/v2\/product_cat?post=61376"},{"taxonomy":"product_tag","embeddable":true,"href":"https:\/\/www.ruschmineralen.nl\/de\/wp-json\/wp\/v2\/product_tag?post=61376"}],"curies":[{"name":"wp","href":"https:\/\/api.w.org\/{rel}","templated":true}]}}