{"id":61463,"date":"2026-01-06T16:00:00","date_gmt":"2026-01-06T15:00:00","guid":{"rendered":"https:\/\/www.ruschmineralen.nl\/product\/20993-rhodochrosiet-zilveren-hanger\/"},"modified":"2026-01-06T16:37:48","modified_gmt":"2026-01-06T15:37:48","slug":"20993-rhodochrosit-silber-anhanger","status":"publish","type":"product","link":"https:\/\/www.ruschmineralen.nl\/de\/produkt\/20993-rhodochrosit-silber-anhanger\/","title":{"rendered":"Rhodochrosit Silber-Anh\u00e4nger"},"content":{"rendered":"<h2>Rhodochrosit Silber-Anh\u00e4nger aus Indien<\/h2>\n<p><h3>Rhodochrosit<\/h3>\n<p><a href=\"https:\/\/www.ruschmineralen.nl\/de\/typ\/rhodochrosit\/\" target=\"_blank\">Rhodochrosit<\/a> ist ein Manganmineral, das f\u00fcr seine rosa bis tiefrote Farbe und seine oft ausgepr\u00e4gte Bandstruktur bekannt ist. Das Mineral hat einen glasartigen Glanz und kommt sowohl in durchscheinenden Kristallen als auch in festen, gestreiften Formationen vor. Rhodochrosit wird wegen seiner leuchtenden Farbe und seiner einzigartigen Muster als Schmuckstein und Sammlerst\u00fcck gesch\u00e4tzt.<\/p>\n<p>Zu den wichtigsten Vorkommen von Rhodochrosit geh\u00f6ren Argentinien, S\u00fcdafrika, Peru, Rum\u00e4nien und die Vereinigten Staaten (insbesondere Colorado). Das Mineral bildet sich in hydrothermalen Adern, oft zusammen mit anderen manganhaltigen Mineralien. Seine chemische Formel lautet MnCO\u2083 und seine H\u00e4rte betr\u00e4gt 3,5 bis 4,5 auf der Mohs-Skala.<\/p>\n<p><small><strong>Quellen: <\/strong><br \/><a href=\"https:\/\/www.mindat.org\/min-3406.html\" target=\"_blank\" rel=\"noopener\">Mindat.org<\/a>, <a href=\"https:\/\/www.gemdat.org\/gem-3406.html\" target=\"_blank\" rel=\"noopener\">Gemdat.org<\/a>, <a href=\"https:\/\/en.wikipedia.org\/wiki\/Rhodochrosite\" target=\"_blank\" rel=\"noopener\">Wikipedia - Rhodochrosit<\/a><\/small><\/p>\n<h3>Silber-Anh\u00e4nger<\/h3>\n<p>Die Silberanh\u00e4nger aus unserem Sortiment sind hochwertige Schmuckst\u00fccke mit sorgf\u00e4ltig ausgew\u00e4hlten (Edel-)Steinen, die in 925er Sterlingsilber gefasst sind. Diese Anh\u00e4nger sind nicht vergoldet, sondern komplett aus massivem Silber gefertigt. Die verwendeten Steine sind von deutlich h\u00f6herer Qualit\u00e4t, als dies bei dieser Art von Schmuck \u00fcblich ist.<\/p>\n<p>Die Anh\u00e4nger sind in verschiedenen Formen erh\u00e4ltlich, wobei der Schwerpunkt auf tr\u00e4nenf\u00f6rmigen und ovalen Designs liegt, die durch runde, quadratische und organische Varianten erg\u00e4nzt werden. Wir bieten mehr als 20 Steinarten an, darunter Amethyst, Chalcedon, Fluorit, Labradorit, Malachit, Tigerauge, Rutilquarz und Regenbogenmondstein. Die Gr\u00f6\u00dfen reichen von 2 bis 4 cm und wiegen jeweils etwa 4 bis 16 Gramm.<\/p>\n<\/p>","protected":false},"excerpt":{"rendered":"<p>Rhodochrosit Silber-Anh\u00e4nger aus Indien<\/p>","protected":false},"featured_media":61420,"template":"","meta":{"_acf_changed":false,"site-sidebar-layout":"default","site-content-layout":"","ast-site-content-layout":"default","site-content-style":"default","site-sidebar-style":"default","ast-global-header-display":"","ast-banner-title-visibility":"","ast-main-header-display":"","ast-hfb-above-header-display":"","ast-hfb-below-header-display":"","ast-hfb-mobile-header-display":"","site-post-title":"","ast-breadcrumbs-content":"","ast-featured-img":"","footer-sml-layout":"","theme-transparent-header-meta":"","adv-header-id-meta":"","stick-header-meta":"","header-above-stick-meta":"","header-main-stick-meta":"","header-below-stick-meta":"","astra-migrate-meta-layouts":"default","ast-page-background-enabled":"default","ast-page-background-meta":{"desktop":{"background-color":"var(--ast-global-color-4)","background-image":"","background-repeat":"repeat","background-position":"center center","background-size":"auto","background-attachment":"scroll","background-type":"","background-media":"","overlay-type":"","overlay-color":"","overlay-opacity":"","overlay-gradient":""},"tablet":{"background-color":"","background-image":"","background-repeat":"repeat","background-position":"center center","background-size":"auto","background-attachment":"scroll","background-type":"","background-media":"","overlay-type":"","overlay-color":"","overlay-opacity":"","overlay-gradient":""},"mobile":{"background-color":"","background-image":"","background-repeat":"repeat","background-position":"center center","background-size":"auto","background-attachment":"scroll","background-type":"","background-media":"","overlay-type":"","overlay-color":"","overlay-opacity":"","overlay-gradient":""}},"ast-content-background-meta":{"desktop":{"background-color":"var(--ast-global-color-5)","background-image":"","background-repeat":"repeat","background-position":"center center","background-size":"auto","background-attachment":"scroll","background-type":"","background-media":"","overlay-type":"","overlay-color":"","overlay-opacity":"","overlay-gradient":""},"tablet":{"background-color":"var(--ast-global-color-5)","background-image":"","background-repeat":"repeat","background-position":"center center","background-size":"auto","background-attachment":"scroll","background-type":"","background-media":"","overlay-type":"","overlay-color":"","overlay-opacity":"","overlay-gradient":""},"mobile":{"background-color":"var(--ast-global-color-5)","background-image":"","background-repeat":"repeat","background-position":"center center","background-size":"auto","background-attachment":"scroll","background-type":"","background-media":"","overlay-type":"","overlay-color":"","overlay-opacity":"","overlay-gradient":""}}},"soort":[],"product_brand":[],"product_cat":[1058,1348],"product_tag":[1137],"class_list":{"0":"post-61463","1":"product","2":"type-product","3":"status-publish","4":"has-post-thumbnail","6":"product_cat-zilveren-hangers","7":"product_cat-unieke-producten","8":"product_tag-uniek","9":"pa_herkomst-india","10":"pa_soort-rhodochrosiet","11":"pa_verkoopeenheid-uniek","12":"pa_vorm-zilveren-hanger","13":"desktop-align-center","14":"tablet-align-center","15":"mobile-align-center","16":"ast-product-gallery-layout-horizontal-slider","17":"ast-product-tabs-layout-horizontal","19":"first","20":"instock","21":"sold-individually","22":"taxable","23":"shipping-taxable","24":"product-type-simple"},"acf":[],"_links":{"self":[{"href":"https:\/\/www.ruschmineralen.nl\/de\/wp-json\/wp\/v2\/product\/61463","targetHints":{"allow":["GET"]}}],"collection":[{"href":"https:\/\/www.ruschmineralen.nl\/de\/wp-json\/wp\/v2\/product"}],"about":[{"href":"https:\/\/www.ruschmineralen.nl\/de\/wp-json\/wp\/v2\/types\/product"}],"wp:featuredmedia":[{"embeddable":true,"href":"https:\/\/www.ruschmineralen.nl\/de\/wp-json\/wp\/v2\/media\/61420"}],"wp:attachment":[{"href":"https:\/\/www.ruschmineralen.nl\/de\/wp-json\/wp\/v2\/media?parent=61463"}],"wp:term":[{"taxonomy":"soort","embeddable":true,"href":"https:\/\/www.ruschmineralen.nl\/de\/wp-json\/wp\/v2\/soort?post=61463"},{"taxonomy":"product_brand","embeddable":true,"href":"https:\/\/www.ruschmineralen.nl\/de\/wp-json\/wp\/v2\/product_brand?post=61463"},{"taxonomy":"product_cat","embeddable":true,"href":"https:\/\/www.ruschmineralen.nl\/de\/wp-json\/wp\/v2\/product_cat?post=61463"},{"taxonomy":"product_tag","embeddable":true,"href":"https:\/\/www.ruschmineralen.nl\/de\/wp-json\/wp\/v2\/product_tag?post=61463"}],"curies":[{"name":"wp","href":"https:\/\/api.w.org\/{rel}","templated":true}]}}