{"id":61706,"date":"2026-01-12T12:00:00","date_gmt":"2026-01-12T11:00:00","guid":{"rendered":"https:\/\/www.ruschmineralen.nl\/?post_type=product&#038;p=61706"},"modified":"2026-02-20T21:01:57","modified_gmt":"2026-02-20T20:01:57","slug":"8393-amazonit-facettiert-armband","status":"publish","type":"product","link":"https:\/\/www.ruschmineralen.nl\/de\/produkt\/8393-amazonit-facettiert-armband\/","title":{"rendered":"Amazonit Facettenarmband | Extra - 4 mm"},"content":{"rendered":"<h2>Facettiertes Amazonit-Armband aus China<\/h2>\n<p><h3>Amazonit<\/h3>\n<p><a href=\"https:\/\/www.ruschmineralen.nl\/de\/typ\/amazonit\/\" target=\"_blank\">Amazonit<\/a> ist eine auff\u00e4llige Feldspatart, die f\u00fcr ihre charakteristische blaugr\u00fcne Farbe bekannt ist. Der Stein ist nach dem Amazonas benannt, obwohl es in diesem Gebiet keine bekannten Vorkommen gibt. Die Farbe reicht von zartem T\u00fcrkis bis zu tiefem Gr\u00fcnblau und wird durch das Vorhandensein von Blei und Wasser in der Kristallstruktur verursacht. H\u00e4ufig weist Amazonit ein leicht gestreiftes oder gesprenkeltes Muster auf, was zu seinem einzigartigen Aussehen beitr\u00e4gt.<\/p>\n<p>Zu den wichtigsten Vorkommen von Amazonit geh\u00f6ren Brasilien, Madagaskar, Russland und die Vereinigten Staaten. Die hellsten und am intensivsten gef\u00e4rbten Exemplare stammen h\u00e4ufig aus Colorado und Madagaskar. Geologisch gesehen bildet sich Amazonit in Pegmatiten, grobk\u00f6rnigen magmatischen Gesteinen, die reich an Mineralien sind. Die chemische Formel von Amazonit lautet K(AlSi\u2083O\u2088), und er geh\u00f6rt zu den Mikroklin-Feldsp\u00e4ten. Mit einer H\u00e4rte von 6 bis 6,5 auf der Mohs-Skala.<\/p>\n<p><small><strong>Quellen: <\/strong><a href=\"https:\/\/www.mindat.org\/min-184.html\" target=\"_blank\" rel=\"noopener\">Mindat.org<\/a>, <a href=\"https:\/\/www.gemdat.org\/gem-184.html\" target=\"_blank\" rel=\"noopener\">Gemdat.org<\/a>, <a href=\"https:\/\/en.wikipedia.org\/wiki\/Amazonite\" target=\"_blank\" rel=\"noopener\">Wikipedia - Amazonit<\/a><\/small><\/p>\n<p>\n    Diese facettierten Kugel- oder Perlenarmb\u00e4nder sind auf einem stabilen, doppelten Gummiband aufgef\u00e4delt, so dass sie f\u00fcr verschiedene Handgelenksgr\u00f6\u00dfen geeignet sind. Unsere Armb\u00e4nder haben einen Perlendurchmesser von 4 mm bis 10 mm, wobei der Umfang des Handgelenks je nach Gr\u00f6\u00dfe leicht variiert. Die kleineren Gr\u00f6\u00dfen haben einen Handgelenksumfang von etwa \u00b1 160 mm, der bei den gr\u00f6\u00dferen auf \u00b1 180 mm ansteigt. Bei den Kinderarmb\u00e4ndern ist der Umfang des Handgelenks mit \u00b1 12 bis 13 cm der kleinste in unserem Sortiment.\n<\/p>\n<p>\n    Wir bieten auch geteilte Armb\u00e4nder an, bei denen die Teilung zwischen 5 und 10 mm betr\u00e4gt. Diese Armb\u00e4nder sind ebenfalls auf ein robustes, doppeltes Gummiband mit einem Umfang von ca. 16 cm bis maximal 18 cm aufgezogen. Bitte beachten Sie, dass die verwendeten Spaltst\u00fccke manchmal einen unterschiedlichen Typ haben k\u00f6nnen. Unsere Spaltarmb\u00e4nder werden in den meisten F\u00e4llen pro 10 St\u00fcck verkauft, aber es gibt auch Ausnahmen.\n<\/p>\n<p>\n    Bitte beachten Sie, dass wir nicht immer jede Gr\u00f6\u00dfe von jeder Sorte in unserem Sortiment haben.<\/p>\n<\/p>","protected":false},"excerpt":{"rendered":"<p>Facettiertes Amazonit-Armband aus China<\/p>","protected":false},"featured_media":61668,"template":"","meta":{"_acf_changed":false,"site-sidebar-layout":"default","site-content-layout":"","ast-site-content-layout":"default","site-content-style":"default","site-sidebar-style":"default","ast-global-header-display":"","ast-banner-title-visibility":"","ast-main-header-display":"","ast-hfb-above-header-display":"","ast-hfb-below-header-display":"","ast-hfb-mobile-header-display":"","site-post-title":"","ast-breadcrumbs-content":"","ast-featured-img":"","footer-sml-layout":"","theme-transparent-header-meta":"","adv-header-id-meta":"","stick-header-meta":"","header-above-stick-meta":"","header-main-stick-meta":"","header-below-stick-meta":"","astra-migrate-meta-layouts":"default","ast-page-background-enabled":"default","ast-page-background-meta":{"desktop":{"background-color":"var(--ast-global-color-4)","background-image":"","background-repeat":"repeat","background-position":"center center","background-size":"auto","background-attachment":"scroll","background-type":"","background-media":"","overlay-type":"","overlay-color":"","overlay-opacity":"","overlay-gradient":""},"tablet":{"background-color":"","background-image":"","background-repeat":"repeat","background-position":"center center","background-size":"auto","background-attachment":"scroll","background-type":"","background-media":"","overlay-type":"","overlay-color":"","overlay-opacity":"","overlay-gradient":""},"mobile":{"background-color":"","background-image":"","background-repeat":"repeat","background-position":"center center","background-size":"auto","background-attachment":"scroll","background-type":"","background-media":"","overlay-type":"","overlay-color":"","overlay-opacity":"","overlay-gradient":""}},"ast-content-background-meta":{"desktop":{"background-color":"var(--ast-global-color-5)","background-image":"","background-repeat":"repeat","background-position":"center center","background-size":"auto","background-attachment":"scroll","background-type":"","background-media":"","overlay-type":"","overlay-color":"","overlay-opacity":"","overlay-gradient":""},"tablet":{"background-color":"var(--ast-global-color-5)","background-image":"","background-repeat":"repeat","background-position":"center center","background-size":"auto","background-attachment":"scroll","background-type":"","background-media":"","overlay-type":"","overlay-color":"","overlay-opacity":"","overlay-gradient":""},"mobile":{"background-color":"var(--ast-global-color-5)","background-image":"","background-repeat":"repeat","background-position":"center center","background-size":"auto","background-attachment":"scroll","background-type":"","background-media":"","overlay-type":"","overlay-color":"","overlay-opacity":"","overlay-gradient":""}}},"soort":[],"product_brand":[],"product_cat":[2481],"product_tag":[],"class_list":{"0":"post-61706","1":"product","2":"type-product","3":"status-publish","4":"has-post-thumbnail","6":"product_cat-4-mm-facetarmband","7":"pa_herkomst-china","8":"pa_maat-4-mm","9":"pa_soort-amazoniet","10":"pa_verkoopeenheid-per-stuk","11":"pa_vorm-facetarmband","12":"desktop-align-center","13":"tablet-align-center","14":"mobile-align-center","15":"ast-product-gallery-layout-horizontal-slider","16":"ast-product-tabs-layout-horizontal","18":"first","19":"instock","20":"taxable","21":"shipping-taxable","22":"product-type-simple"},"acf":[],"_links":{"self":[{"href":"https:\/\/www.ruschmineralen.nl\/de\/wp-json\/wp\/v2\/product\/61706","targetHints":{"allow":["GET"]}}],"collection":[{"href":"https:\/\/www.ruschmineralen.nl\/de\/wp-json\/wp\/v2\/product"}],"about":[{"href":"https:\/\/www.ruschmineralen.nl\/de\/wp-json\/wp\/v2\/types\/product"}],"wp:featuredmedia":[{"embeddable":true,"href":"https:\/\/www.ruschmineralen.nl\/de\/wp-json\/wp\/v2\/media\/61668"}],"wp:attachment":[{"href":"https:\/\/www.ruschmineralen.nl\/de\/wp-json\/wp\/v2\/media?parent=61706"}],"wp:term":[{"taxonomy":"soort","embeddable":true,"href":"https:\/\/www.ruschmineralen.nl\/de\/wp-json\/wp\/v2\/soort?post=61706"},{"taxonomy":"product_brand","embeddable":true,"href":"https:\/\/www.ruschmineralen.nl\/de\/wp-json\/wp\/v2\/product_brand?post=61706"},{"taxonomy":"product_cat","embeddable":true,"href":"https:\/\/www.ruschmineralen.nl\/de\/wp-json\/wp\/v2\/product_cat?post=61706"},{"taxonomy":"product_tag","embeddable":true,"href":"https:\/\/www.ruschmineralen.nl\/de\/wp-json\/wp\/v2\/product_tag?post=61706"}],"curies":[{"name":"wp","href":"https:\/\/api.w.org\/{rel}","templated":true}]}}