{"id":61741,"date":"2026-01-13T13:00:00","date_gmt":"2026-01-13T12:00:00","guid":{"rendered":"https:\/\/www.ruschmineralen.nl\/?post_type=product&#038;p=61741"},"modified":"2026-01-15T09:43:00","modified_gmt":"2026-01-15T08:43:00","slug":"21296-blauer-chalzedon-silber-anhanger","status":"publish","type":"product","link":"https:\/\/www.ruschmineralen.nl\/de\/produkt\/21296-blauer-chalzedon-silber-anhanger\/","title":{"rendered":"Blauer Chalcedon Silber Anh\u00e4nger"},"content":{"rendered":"<h2>Blauer Chalcedon Silberanh\u00e4nger aus Indien<\/h2>\n<p><h3>Chalcedon<\/h3>\n<p><a href=\"https:\/\/www.ruschmineralen.nl\/de\/typ\/chalcedon\/\" target=\"_blank\">Chalcedon<\/a> ist eine mikrokristalline Quarzsorte, die in einer breiten Farbpalette vorkommt, wobei blau, grau und wei\u00df die bekanntesten sind. Der Stein hat einen wachsartigen Glanz und ist oft durchscheinend. Aufgrund seiner feinen Struktur wird Chalcedon h\u00e4ufig f\u00fcr Schmuck und dekorative Gegenst\u00e4nde verwendet.<\/p>\n<p>Chalcedon bildet sich in Hohlr\u00e4umen von Vulkangestein, wo er sich Schicht f\u00fcr Schicht aus kiesels\u00e4urereichen L\u00f6sungen ablagert. Er kommt weltweit vor, mit bedeutenden Vorkommen u. a. in der T\u00fcrkei, Namibia, Brasilien, den Vereinigten Staaten und Indien. Seine chemische Zusammensetzung ist SiO\u2082 und seine H\u00e4rte liegt zwischen 6,5 und 7 auf der Mohs-Skala.<\/p>\n<p><small><strong>Quellen: <\/strong><br \/><a href=\"https:\/\/www.mindat.org\/min-960.html\" target=\"_blank\" rel=\"noopener\">Mindat.org<\/a>, <a href=\"https:\/\/www.gemdat.org\/gem-960.html\" target=\"_blank\" rel=\"noopener\">Gemdat.org<\/a>, <a href=\"https:\/\/en.wikipedia.org\/wiki\/Chalcedony\" target=\"_blank\" rel=\"noopener\">Wikipedia - Chalcedon<\/a><\/small><\/p>\n<h3>Silber-Anh\u00e4nger<\/h3>\n<p>Die Silberanh\u00e4nger aus unserem Sortiment sind hochwertige Schmuckst\u00fccke mit sorgf\u00e4ltig ausgew\u00e4hlten (Edel-)Steinen, die in 925er Sterlingsilber gefasst sind. Diese Anh\u00e4nger sind nicht vergoldet, sondern komplett aus massivem Silber gefertigt. Die verwendeten Steine sind von deutlich h\u00f6herer Qualit\u00e4t, als dies bei dieser Art von Schmuck \u00fcblich ist.<\/p>\n<p>Die Anh\u00e4nger sind in verschiedenen Formen erh\u00e4ltlich, wobei der Schwerpunkt auf tr\u00e4nenf\u00f6rmigen und ovalen Designs liegt, die durch runde, quadratische und organische Varianten erg\u00e4nzt werden. Wir bieten mehr als 20 Steinarten an, darunter Amethyst, Chalcedon, Fluorit, Labradorit, Malachit, Tigerauge, Rutilquarz und Regenbogenmondstein. Die Gr\u00f6\u00dfen reichen von 2 bis 4 cm und wiegen jeweils etwa 4 bis 16 Gramm.<\/p>\n<\/p>","protected":false},"excerpt":{"rendered":"<p>Blauer Chalcedon Silberanh\u00e4nger aus Indien<\/p>","protected":false},"featured_media":61615,"template":"","meta":{"_acf_changed":false,"site-sidebar-layout":"default","site-content-layout":"","ast-site-content-layout":"default","site-content-style":"default","site-sidebar-style":"default","ast-global-header-display":"","ast-banner-title-visibility":"","ast-main-header-display":"","ast-hfb-above-header-display":"","ast-hfb-below-header-display":"","ast-hfb-mobile-header-display":"","site-post-title":"","ast-breadcrumbs-content":"","ast-featured-img":"","footer-sml-layout":"","theme-transparent-header-meta":"","adv-header-id-meta":"","stick-header-meta":"","header-above-stick-meta":"","header-main-stick-meta":"","header-below-stick-meta":"","astra-migrate-meta-layouts":"default","ast-page-background-enabled":"default","ast-page-background-meta":{"desktop":{"background-color":"var(--ast-global-color-4)","background-image":"","background-repeat":"repeat","background-position":"center center","background-size":"auto","background-attachment":"scroll","background-type":"","background-media":"","overlay-type":"","overlay-color":"","overlay-opacity":"","overlay-gradient":""},"tablet":{"background-color":"","background-image":"","background-repeat":"repeat","background-position":"center center","background-size":"auto","background-attachment":"scroll","background-type":"","background-media":"","overlay-type":"","overlay-color":"","overlay-opacity":"","overlay-gradient":""},"mobile":{"background-color":"","background-image":"","background-repeat":"repeat","background-position":"center center","background-size":"auto","background-attachment":"scroll","background-type":"","background-media":"","overlay-type":"","overlay-color":"","overlay-opacity":"","overlay-gradient":""}},"ast-content-background-meta":{"desktop":{"background-color":"var(--ast-global-color-5)","background-image":"","background-repeat":"repeat","background-position":"center center","background-size":"auto","background-attachment":"scroll","background-type":"","background-media":"","overlay-type":"","overlay-color":"","overlay-opacity":"","overlay-gradient":""},"tablet":{"background-color":"var(--ast-global-color-5)","background-image":"","background-repeat":"repeat","background-position":"center center","background-size":"auto","background-attachment":"scroll","background-type":"","background-media":"","overlay-type":"","overlay-color":"","overlay-opacity":"","overlay-gradient":""},"mobile":{"background-color":"var(--ast-global-color-5)","background-image":"","background-repeat":"repeat","background-position":"center center","background-size":"auto","background-attachment":"scroll","background-type":"","background-media":"","overlay-type":"","overlay-color":"","overlay-opacity":"","overlay-gradient":""}}},"soort":[],"product_brand":[],"product_cat":[1058,1348],"product_tag":[1137],"class_list":{"0":"post-61741","1":"product","2":"type-product","3":"status-publish","4":"has-post-thumbnail","6":"product_cat-zilveren-hangers","7":"product_cat-unieke-producten","8":"product_tag-uniek","9":"pa_herkomst-india","10":"pa_soort-chalcedoon","11":"pa_verkoopeenheid-uniek","12":"pa_vorm-zilveren-hanger","13":"desktop-align-center","14":"tablet-align-center","15":"mobile-align-center","16":"ast-product-gallery-layout-horizontal-slider","17":"ast-product-tabs-layout-horizontal","19":"first","20":"instock","21":"sold-individually","22":"taxable","23":"shipping-taxable","24":"product-type-simple"},"acf":[],"_links":{"self":[{"href":"https:\/\/www.ruschmineralen.nl\/de\/wp-json\/wp\/v2\/product\/61741","targetHints":{"allow":["GET"]}}],"collection":[{"href":"https:\/\/www.ruschmineralen.nl\/de\/wp-json\/wp\/v2\/product"}],"about":[{"href":"https:\/\/www.ruschmineralen.nl\/de\/wp-json\/wp\/v2\/types\/product"}],"wp:featuredmedia":[{"embeddable":true,"href":"https:\/\/www.ruschmineralen.nl\/de\/wp-json\/wp\/v2\/media\/61615"}],"wp:attachment":[{"href":"https:\/\/www.ruschmineralen.nl\/de\/wp-json\/wp\/v2\/media?parent=61741"}],"wp:term":[{"taxonomy":"soort","embeddable":true,"href":"https:\/\/www.ruschmineralen.nl\/de\/wp-json\/wp\/v2\/soort?post=61741"},{"taxonomy":"product_brand","embeddable":true,"href":"https:\/\/www.ruschmineralen.nl\/de\/wp-json\/wp\/v2\/product_brand?post=61741"},{"taxonomy":"product_cat","embeddable":true,"href":"https:\/\/www.ruschmineralen.nl\/de\/wp-json\/wp\/v2\/product_cat?post=61741"},{"taxonomy":"product_tag","embeddable":true,"href":"https:\/\/www.ruschmineralen.nl\/de\/wp-json\/wp\/v2\/product_tag?post=61741"}],"curies":[{"name":"wp","href":"https:\/\/api.w.org\/{rel}","templated":true}]}}