{"id":61918,"date":"2026-01-20T15:00:00","date_gmt":"2026-01-20T14:00:00","guid":{"rendered":"https:\/\/www.ruschmineralen.nl\/?post_type=product&#038;p=61918"},"modified":"2026-03-27T13:11:47","modified_gmt":"2026-03-27T12:11:47","slug":"6183-tigerauge-herz","status":"publish","type":"product","link":"https:\/\/www.ruschmineralen.nl\/de\/produkt\/6183-tigerauge-herz\/","title":{"rendered":"Tigerauge Herz | 4,5 cm"},"content":{"rendered":"<h2>Tigerauge Herz aus China<\/h2>\n<h3>Tigerauge<\/h3>\n<p><a href=\"https:\/\/www.ruschmineralen.nl\/de\/typ\/tigerauge\/\" target=\"_blank\">Tigerauge<\/a> ist ein goldbraunes bis gelbliches, quarz\u00e4hnliches Gestein, das f\u00fcr seinen Seidenglanz und seinen ausgepr\u00e4gten Lichtreflexionseffekt, auch Chatoyance genannt, bekannt ist. Dieser Effekt ist auf die faserige Struktur des urspr\u00fcnglichen Minerals Krokydolith zur\u00fcckzuf\u00fchren, das w\u00e4hrend des Verkieselungsprozesses durch Quarz ersetzt wurde.<\/p>\n<p>Das Tigerauge kommt haupts\u00e4chlich in S\u00fcdafrika, Australien, Indien und Namibia vor. Es entsteht durch die Umwandlung von Amphibolmineralien in Kiesels\u00e4ure, wobei die urspr\u00fcngliche Faserstruktur erhalten bleibt. Seine chemische Formel lautet SiO\u2082 und seine H\u00e4rte betr\u00e4gt 7 auf der Mohs-Skala. Bekannte Varianten sind das Falkenauge (bl\u00e4ulich) und das Bullenauge oder Katzenauge (r\u00f6tlich-braun), die durch unvollst\u00e4ndige bzw. erhitzte Umwandlung entstehen.<\/p>\n<p><small><strong>Quellen: <\/strong><br \/><a href=\"https:\/\/www.mindat.org\/min-3960.html\" target=\"_blank\" rel=\"noopener\">Mindat.org<\/a>, <a href=\"https:\/\/www.gemdat.org\/gem-3960.html\" target=\"_blank\" rel=\"noopener\">Gemdat.org<\/a>, <a href=\"https:\/\/en.wikipedia.org\/wiki\/Tiger%27s_eye\" target=\"_blank\" rel=\"noopener\">Wikipedia - Tigerauge<\/a><\/small><\/p>","protected":false},"excerpt":{"rendered":"<p>Tigerauge Herz aus China<\/p>","protected":false},"featured_media":61908,"template":"","meta":{"_acf_changed":false,"site-sidebar-layout":"default","site-content-layout":"","ast-site-content-layout":"default","site-content-style":"default","site-sidebar-style":"default","ast-global-header-display":"","ast-banner-title-visibility":"","ast-main-header-display":"","ast-hfb-above-header-display":"","ast-hfb-below-header-display":"","ast-hfb-mobile-header-display":"","site-post-title":"","ast-breadcrumbs-content":"","ast-featured-img":"","footer-sml-layout":"","theme-transparent-header-meta":"","adv-header-id-meta":"","stick-header-meta":"","header-above-stick-meta":"","header-main-stick-meta":"","header-below-stick-meta":"","astra-migrate-meta-layouts":"default","ast-page-background-enabled":"default","ast-page-background-meta":{"desktop":{"background-color":"var(--ast-global-color-4)","background-image":"","background-repeat":"repeat","background-position":"center center","background-size":"auto","background-attachment":"scroll","background-type":"","background-media":"","overlay-type":"","overlay-color":"","overlay-opacity":"","overlay-gradient":""},"tablet":{"background-color":"","background-image":"","background-repeat":"repeat","background-position":"center center","background-size":"auto","background-attachment":"scroll","background-type":"","background-media":"","overlay-type":"","overlay-color":"","overlay-opacity":"","overlay-gradient":""},"mobile":{"background-color":"","background-image":"","background-repeat":"repeat","background-position":"center center","background-size":"auto","background-attachment":"scroll","background-type":"","background-media":"","overlay-type":"","overlay-color":"","overlay-opacity":"","overlay-gradient":""}},"ast-content-background-meta":{"desktop":{"background-color":"var(--ast-global-color-5)","background-image":"","background-repeat":"repeat","background-position":"center center","background-size":"auto","background-attachment":"scroll","background-type":"","background-media":"","overlay-type":"","overlay-color":"","overlay-opacity":"","overlay-gradient":""},"tablet":{"background-color":"var(--ast-global-color-5)","background-image":"","background-repeat":"repeat","background-position":"center center","background-size":"auto","background-attachment":"scroll","background-type":"","background-media":"","overlay-type":"","overlay-color":"","overlay-opacity":"","overlay-gradient":""},"mobile":{"background-color":"var(--ast-global-color-5)","background-image":"","background-repeat":"repeat","background-position":"center center","background-size":"auto","background-attachment":"scroll","background-type":"","background-media":"","overlay-type":"","overlay-color":"","overlay-opacity":"","overlay-gradient":""}}},"soort":[],"product_brand":[],"product_cat":[2989],"product_tag":[],"class_list":{"0":"post-61918","1":"product","2":"type-product","3":"status-publish","4":"has-post-thumbnail","6":"product_cat-harten-per-stuk","7":"pa_herkomst-china","8":"pa_maat-45-cm","9":"pa_soort-tijgeroog","10":"pa_verkoopeenheid-per-stuk","11":"pa_vorm-hart","12":"desktop-align-center","13":"tablet-align-center","14":"mobile-align-center","15":"ast-product-gallery-layout-horizontal-slider","16":"ast-product-gallery-with-no-image","17":"ast-product-tabs-layout-horizontal","19":"first","20":"outofstock","21":"taxable","22":"shipping-taxable","23":"product-type-simple"},"acf":[],"_links":{"self":[{"href":"https:\/\/www.ruschmineralen.nl\/de\/wp-json\/wp\/v2\/product\/61918","targetHints":{"allow":["GET"]}}],"collection":[{"href":"https:\/\/www.ruschmineralen.nl\/de\/wp-json\/wp\/v2\/product"}],"about":[{"href":"https:\/\/www.ruschmineralen.nl\/de\/wp-json\/wp\/v2\/types\/product"}],"wp:featuredmedia":[{"embeddable":true,"href":"https:\/\/www.ruschmineralen.nl\/de\/wp-json\/wp\/v2\/media\/61908"}],"wp:attachment":[{"href":"https:\/\/www.ruschmineralen.nl\/de\/wp-json\/wp\/v2\/media?parent=61918"}],"wp:term":[{"taxonomy":"soort","embeddable":true,"href":"https:\/\/www.ruschmineralen.nl\/de\/wp-json\/wp\/v2\/soort?post=61918"},{"taxonomy":"product_brand","embeddable":true,"href":"https:\/\/www.ruschmineralen.nl\/de\/wp-json\/wp\/v2\/product_brand?post=61918"},{"taxonomy":"product_cat","embeddable":true,"href":"https:\/\/www.ruschmineralen.nl\/de\/wp-json\/wp\/v2\/product_cat?post=61918"},{"taxonomy":"product_tag","embeddable":true,"href":"https:\/\/www.ruschmineralen.nl\/de\/wp-json\/wp\/v2\/product_tag?post=61918"}],"curies":[{"name":"wp","href":"https:\/\/api.w.org\/{rel}","templated":true}]}}