{"id":62017,"date":"2026-01-22T16:24:19","date_gmt":"2026-01-22T15:24:19","guid":{"rendered":"https:\/\/www.ruschmineralen.nl\/?post_type=product&#038;p=62017"},"modified":"2026-03-28T18:42:51","modified_gmt":"2026-03-28T17:42:51","slug":"4957-serpentine-neue-jade-sorgen-stein-tropfen","status":"publish","type":"product","link":"https:\/\/www.ruschmineralen.nl\/de\/produkt\/4957-serpentine-neue-jade-sorgen-stein-tropfen\/","title":{"rendered":"Serpentin - Neuer Jade-Sorgenstein | Tropfen"},"content":{"rendered":"<h2>Serpentin - Neuer Jade-Sorgenstein in Tropfenform aus China<\/h2>\n<p><h3>Serpentine<\/h3>\n<p><a href=\"https:\/\/www.ruschmineralen.nl\/de\/typ\/serpentine\/\" target=\"_blank\">Serpentine<\/a> ist eine Gruppe von Mineralien, die durch hydrothermale Umwandlung von Olivin und Pyroxen in ultramafischem Gestein entstehen. Seine Farbe reicht von hellgr\u00fcn bis dunkelgr\u00fcn, manchmal mit einem marmorartigen Muster. Serpentin hat einen w\u00e4chsernen bis seidigen Glanz und eine glatte Oberfl\u00e4che, was ihn f\u00fcr dekorative Zwecke und Skulpturen beliebt macht.<\/p>\n<p>Gro\u00dfe Serpentinvorkommen gibt es in China, Italien, Afghanistan, den USA und S\u00fcdafrika. Die chemische Zusammensetzung variiert, g\u00e4ngige Formen sind Antigorit, Lizardit und Chrysotil. Die allgemeine Formel lautet (Mg,Fe)\u2083Si\u2082O\u2085(OH)\u2084. Serpentin hat eine H\u00e4rte von 2,5 bis 5,5 auf der Mohs-Skala, je nach Sorte.<\/p>\n<p>Eine beliebte Sorte ist \"New Jade\", ein Handelsname f\u00fcr eine hellgr\u00fcne Form von Serpentin, die h\u00e4ufig als Alternative zu Jade f\u00fcr Schmuck und dekorative Gegenst\u00e4nde verwendet wird. Trotz des Namens handelt es sich also nicht um echte Jade, sondern um Serpentin mit einem jade\u00e4hnlichen Aussehen.<\/p>\n<p><small><strong>Quellen: <\/strong><br \/><a href=\"https:\/\/www.mindat.org\/min-11135.html\" target=\"_blank\" rel=\"noopener\">Mindat.org<\/a>, <a href=\"https:\/\/www.gemdat.org\/gem-7484.html\" target=\"_blank\" rel=\"noopener\">Gemdat.org<\/a>, <a href=\"https:\/\/en.wikipedia.org\/wiki\/Serpentine_subgroup\" target=\"_blank\" rel=\"noopener\">Wikipedia - Serpentine<\/a><\/small><\/p>\n<h3>Steine der Sorge<\/h3>\n<p>Andere Namen f\u00fcr diesen geschliffenen Stein sind Daumenstein oder Sorgenstein. Der Sorgenstein hat eine Vertiefung, in die der Daumen gelegt werden kann. Das Bewegen oder Reiben des Daumens in dieser Vertiefung soll m\u00f6glicherweise eine beruhigende Wirkung haben, was den Ursprung der genannten Namen erkl\u00e4rt. Wir bieten Sorgensteine in drei verschiedenen Formen an: <a href=\"https:\/\/www.ruschmineralen.nl\/de\/produkt-schlagwort\/sorgenstein\/?filter_vorm=ovaal\" title=\"Sorgenfresser Oval\">Oval<\/a>, <a href=\"https:\/\/www.ruschmineralen.nl\/de\/produkt-schlagwort\/sorgenstein\/?filter_vorm=hart\" title=\"Sorgensteine Herz\">Herz<\/a> und <a href=\"https:\/\/www.ruschmineralen.nl\/de\/produkt-schlagwort\/sorgenstein\/?filter_vorm=druppel\" title=\"Sorgensteine fallen\">Ablegen<\/a>.<\/p>\n<\/p>","protected":false},"excerpt":{"rendered":"<p>Serpentin - Neuer Jade-Sorgenstein in Tropfenform aus China<\/p>","protected":false},"featured_media":62046,"template":"","meta":{"_acf_changed":false,"site-sidebar-layout":"default","site-content-layout":"","ast-site-content-layout":"default","site-content-style":"default","site-sidebar-style":"default","ast-global-header-display":"","ast-banner-title-visibility":"","ast-main-header-display":"","ast-hfb-above-header-display":"","ast-hfb-below-header-display":"","ast-hfb-mobile-header-display":"","site-post-title":"","ast-breadcrumbs-content":"","ast-featured-img":"","footer-sml-layout":"","theme-transparent-header-meta":"default","adv-header-id-meta":"","stick-header-meta":"default","header-above-stick-meta":"","header-main-stick-meta":"","header-below-stick-meta":"","astra-migrate-meta-layouts":"set","ast-page-background-enabled":"default","ast-page-background-meta":{"desktop":{"background-color":"var(--ast-global-color-4)","background-image":"","background-repeat":"repeat","background-position":"center center","background-size":"auto","background-attachment":"scroll","background-type":"","background-media":"","overlay-type":"","overlay-color":"","overlay-opacity":"","overlay-gradient":""},"tablet":{"background-color":"","background-image":"","background-repeat":"repeat","background-position":"center center","background-size":"auto","background-attachment":"scroll","background-type":"","background-media":"","overlay-type":"","overlay-color":"","overlay-opacity":"","overlay-gradient":""},"mobile":{"background-color":"","background-image":"","background-repeat":"repeat","background-position":"center center","background-size":"auto","background-attachment":"scroll","background-type":"","background-media":"","overlay-type":"","overlay-color":"","overlay-opacity":"","overlay-gradient":""}},"ast-content-background-meta":{"desktop":{"background-color":"var(--ast-global-color-5)","background-image":"","background-repeat":"repeat","background-position":"center center","background-size":"auto","background-attachment":"scroll","background-type":"","background-media":"","overlay-type":"","overlay-color":"","overlay-opacity":"","overlay-gradient":""},"tablet":{"background-color":"var(--ast-global-color-5)","background-image":"","background-repeat":"repeat","background-position":"center center","background-size":"auto","background-attachment":"scroll","background-type":"","background-media":"","overlay-type":"","overlay-color":"","overlay-opacity":"","overlay-gradient":""},"mobile":{"background-color":"var(--ast-global-color-5)","background-image":"","background-repeat":"repeat","background-position":"center center","background-size":"auto","background-attachment":"scroll","background-type":"","background-media":"","overlay-type":"","overlay-color":"","overlay-opacity":"","overlay-gradient":""}}},"soort":[],"product_brand":[],"product_cat":[3108],"product_tag":[],"class_list":{"0":"post-62017","1":"product","2":"type-product","3":"status-publish","4":"has-post-thumbnail","6":"product_cat-worry-stones","7":"pa_herkomst-china","8":"pa_soort-serpentijn-new-jade","9":"pa_verkoopeenheid-per-stuk","10":"pa_vorm-druppel","11":"pa_vorm-worry-stone","12":"desktop-align-center","13":"tablet-align-center","14":"mobile-align-center","15":"ast-product-gallery-layout-horizontal-slider","16":"ast-product-tabs-layout-horizontal","18":"first","19":"instock","20":"taxable","21":"shipping-taxable","22":"product-type-simple"},"acf":[],"_links":{"self":[{"href":"https:\/\/www.ruschmineralen.nl\/de\/wp-json\/wp\/v2\/product\/62017","targetHints":{"allow":["GET"]}}],"collection":[{"href":"https:\/\/www.ruschmineralen.nl\/de\/wp-json\/wp\/v2\/product"}],"about":[{"href":"https:\/\/www.ruschmineralen.nl\/de\/wp-json\/wp\/v2\/types\/product"}],"wp:featuredmedia":[{"embeddable":true,"href":"https:\/\/www.ruschmineralen.nl\/de\/wp-json\/wp\/v2\/media\/62046"}],"wp:attachment":[{"href":"https:\/\/www.ruschmineralen.nl\/de\/wp-json\/wp\/v2\/media?parent=62017"}],"wp:term":[{"taxonomy":"soort","embeddable":true,"href":"https:\/\/www.ruschmineralen.nl\/de\/wp-json\/wp\/v2\/soort?post=62017"},{"taxonomy":"product_brand","embeddable":true,"href":"https:\/\/www.ruschmineralen.nl\/de\/wp-json\/wp\/v2\/product_brand?post=62017"},{"taxonomy":"product_cat","embeddable":true,"href":"https:\/\/www.ruschmineralen.nl\/de\/wp-json\/wp\/v2\/product_cat?post=62017"},{"taxonomy":"product_tag","embeddable":true,"href":"https:\/\/www.ruschmineralen.nl\/de\/wp-json\/wp\/v2\/product_tag?post=62017"}],"curies":[{"name":"wp","href":"https:\/\/api.w.org\/{rel}","templated":true}]}}