{"id":62018,"date":"2026-01-22T16:29:11","date_gmt":"2026-01-22T15:29:11","guid":{"rendered":"https:\/\/www.ruschmineralen.nl\/?post_type=product&#038;p=62018"},"modified":"2026-04-11T13:45:55","modified_gmt":"2026-04-11T11:45:55","slug":"5321-rosenquarz-sorgenstein-tropfen","status":"publish","type":"product","link":"https:\/\/www.ruschmineralen.nl\/de\/produkt\/5321-rosenquarz-sorgenstein-tropfen\/","title":{"rendered":"Rosenquarz Sorgenstein | Tropfen"},"content":{"rendered":"<h2>Rosenquarz Sorgenstein in Tropfenform aus China<\/h2>\n<p><h3>Rosenquarz<\/h3>\n<p><a href=\"https:\/\/www.ruschmineralen.nl\/de\/typ\/rosenquarz\/\" target=\"_blank\">Rosenquarz<\/a> ist die rosafarbene Variante des Quarzes, die ihre Farbe Spuren von Titan, Eisen oder Mangan oder mikroskopisch kleinen Fasern eines anderen Minerals verdankt. Die Farbe reicht von zartem Blassrosa bis zu intensivem Rosa und ist in der Regel durchscheinend bis undurchsichtig, mit einem glasartigen Glanz. Rosenquarz wird h\u00e4ufig f\u00fcr Schmuck und als dekorativer Stein verwendet.<\/p>\n<p>Gr\u00f6\u00dfere Vorkommen gibt es in Brasilien, Madagaskar, S\u00fcdafrika und den Vereinigten Staaten. Das Mineral kommt in Pegmatiten und hydrothermalen Adern vor. Seine chemische Formel lautet SiO\u2082 und seine H\u00e4rte betr\u00e4gt 7 auf der Mohs-Skala. Eine seltene Variante ist der Sternrosenquarz, der in geschliffenen Cabochons aufgrund von feinen Rutileinschl\u00fcssen Sternchen aufweisen kann.<\/p>\n<p><small><strong>Quellen: <\/strong><br \/><a href=\"https:\/\/www.mindat.org\/min-3456.html\" target=\"_blank\" rel=\"noopener\">Mindat.org<\/a>, <a href=\"https:\/\/www.gemdat.org\/gem-3456.html\" target=\"_blank\" rel=\"noopener\">Gemdat.org<\/a>, <a href=\"https:\/\/en.wikipedia.org\/wiki\/Quartz#Rose_quartz\" target=\"_blank\" rel=\"noopener\">Wikipedia - Rosenquarz<\/a><\/small><\/p>\n<h3>Steine der Sorge<\/h3>\n<p>Andere Namen f\u00fcr diesen geschliffenen Stein sind Daumenstein oder Sorgenstein. Der Sorgenstein hat eine Vertiefung, in die der Daumen gelegt werden kann. Das Bewegen oder Reiben des Daumens in dieser Vertiefung soll m\u00f6glicherweise eine beruhigende Wirkung haben, was den Ursprung der genannten Namen erkl\u00e4rt. Wir bieten Sorgensteine in drei verschiedenen Formen an: <a href=\"https:\/\/www.ruschmineralen.nl\/de\/produkt-schlagwort\/sorgenstein\/?filter_vorm=ovaal\" title=\"Sorgenfresser Oval\">Oval<\/a>, <a href=\"https:\/\/www.ruschmineralen.nl\/de\/produkt-schlagwort\/sorgenstein\/?filter_vorm=hart\" title=\"Sorgensteine Herz\">Herz<\/a> und <a href=\"https:\/\/www.ruschmineralen.nl\/de\/produkt-schlagwort\/sorgenstein\/?filter_vorm=druppel\" title=\"Sorgensteine fallen\">Ablegen<\/a>.<\/p>\n<\/p>","protected":false},"excerpt":{"rendered":"<p>Rosenquarz Sorgenstein in Tropfenform aus China<\/p>","protected":false},"featured_media":62043,"template":"","meta":{"_acf_changed":false,"site-sidebar-layout":"default","site-content-layout":"","ast-site-content-layout":"default","site-content-style":"default","site-sidebar-style":"default","ast-global-header-display":"","ast-banner-title-visibility":"","ast-main-header-display":"","ast-hfb-above-header-display":"","ast-hfb-below-header-display":"","ast-hfb-mobile-header-display":"","site-post-title":"","ast-breadcrumbs-content":"","ast-featured-img":"","footer-sml-layout":"","theme-transparent-header-meta":"default","adv-header-id-meta":"","stick-header-meta":"default","header-above-stick-meta":"","header-main-stick-meta":"","header-below-stick-meta":"","astra-migrate-meta-layouts":"set","ast-page-background-enabled":"default","ast-page-background-meta":{"desktop":{"background-color":"var(--ast-global-color-4)","background-image":"","background-repeat":"repeat","background-position":"center center","background-size":"auto","background-attachment":"scroll","background-type":"","background-media":"","overlay-type":"","overlay-color":"","overlay-opacity":"","overlay-gradient":""},"tablet":{"background-color":"","background-image":"","background-repeat":"repeat","background-position":"center center","background-size":"auto","background-attachment":"scroll","background-type":"","background-media":"","overlay-type":"","overlay-color":"","overlay-opacity":"","overlay-gradient":""},"mobile":{"background-color":"","background-image":"","background-repeat":"repeat","background-position":"center center","background-size":"auto","background-attachment":"scroll","background-type":"","background-media":"","overlay-type":"","overlay-color":"","overlay-opacity":"","overlay-gradient":""}},"ast-content-background-meta":{"desktop":{"background-color":"var(--ast-global-color-5)","background-image":"","background-repeat":"repeat","background-position":"center center","background-size":"auto","background-attachment":"scroll","background-type":"","background-media":"","overlay-type":"","overlay-color":"","overlay-opacity":"","overlay-gradient":""},"tablet":{"background-color":"var(--ast-global-color-5)","background-image":"","background-repeat":"repeat","background-position":"center center","background-size":"auto","background-attachment":"scroll","background-type":"","background-media":"","overlay-type":"","overlay-color":"","overlay-opacity":"","overlay-gradient":""},"mobile":{"background-color":"var(--ast-global-color-5)","background-image":"","background-repeat":"repeat","background-position":"center center","background-size":"auto","background-attachment":"scroll","background-type":"","background-media":"","overlay-type":"","overlay-color":"","overlay-opacity":"","overlay-gradient":""}}},"soort":[],"product_brand":[],"product_cat":[3108],"product_tag":[],"class_list":{"0":"post-62018","1":"product","2":"type-product","3":"status-publish","4":"has-post-thumbnail","6":"product_cat-worry-stones","7":"pa_herkomst-china","8":"pa_soort-rozenkwarts","9":"pa_verkoopeenheid-per-stuk","10":"pa_vorm-druppel","11":"pa_vorm-worry-stone","12":"desktop-align-center","13":"tablet-align-center","14":"mobile-align-center","15":"ast-product-gallery-layout-horizontal-slider","16":"ast-product-tabs-layout-horizontal","18":"first","19":"instock","20":"taxable","21":"shipping-taxable","22":"product-type-simple"},"acf":[],"_links":{"self":[{"href":"https:\/\/www.ruschmineralen.nl\/de\/wp-json\/wp\/v2\/product\/62018","targetHints":{"allow":["GET"]}}],"collection":[{"href":"https:\/\/www.ruschmineralen.nl\/de\/wp-json\/wp\/v2\/product"}],"about":[{"href":"https:\/\/www.ruschmineralen.nl\/de\/wp-json\/wp\/v2\/types\/product"}],"wp:featuredmedia":[{"embeddable":true,"href":"https:\/\/www.ruschmineralen.nl\/de\/wp-json\/wp\/v2\/media\/62043"}],"wp:attachment":[{"href":"https:\/\/www.ruschmineralen.nl\/de\/wp-json\/wp\/v2\/media?parent=62018"}],"wp:term":[{"taxonomy":"soort","embeddable":true,"href":"https:\/\/www.ruschmineralen.nl\/de\/wp-json\/wp\/v2\/soort?post=62018"},{"taxonomy":"product_brand","embeddable":true,"href":"https:\/\/www.ruschmineralen.nl\/de\/wp-json\/wp\/v2\/product_brand?post=62018"},{"taxonomy":"product_cat","embeddable":true,"href":"https:\/\/www.ruschmineralen.nl\/de\/wp-json\/wp\/v2\/product_cat?post=62018"},{"taxonomy":"product_tag","embeddable":true,"href":"https:\/\/www.ruschmineralen.nl\/de\/wp-json\/wp\/v2\/product_tag?post=62018"}],"curies":[{"name":"wp","href":"https:\/\/api.w.org\/{rel}","templated":true}]}}