{"id":62022,"date":"2026-01-22T16:54:07","date_gmt":"2026-01-22T15:54:07","guid":{"rendered":"https:\/\/www.ruschmineralen.nl\/?post_type=product&#038;p=62022"},"modified":"2026-03-30T10:50:10","modified_gmt":"2026-03-30T08:50:10","slug":"4973-labradorit-sorgenstein-oval","status":"publish","type":"product","link":"https:\/\/www.ruschmineralen.nl\/de\/produkt\/4973-labradorit-sorgenstein-oval\/","title":{"rendered":"Labradorit Sorgenstein | Oval"},"content":{"rendered":"<h2>Labradorit Kummerstein in ovaler Form aus China<\/h2>\n<p><h3>Labradorit<\/h3>\n<p><a href=\"https:\/\/www.ruschmineralen.nl\/de\/typ\/labradorit\/\" target=\"_blank\">Labradorit<\/a> ist ein Feldspatmineral, das f\u00fcr sein auff\u00e4lliges Farbenspiel bekannt ist, das auch als Labradoreszenz bezeichnet wird. Je nach Lichteinfall k\u00f6nnen Farben wie Blau, Gr\u00fcn, Gold und Violett sichtbar werden. Diese optische Eigenschaft macht Labradorit als Schmuckstein besonders beliebt.<\/p>\n<p>Gr\u00f6\u00dfere Vorkommen gibt es in Kanada, Madagaskar, Finnland und Russland. Das Mineral geh\u00f6rt zur Gruppe der Plagioklase und hat die chemische Formel (Ca,Na)(Al,Si)\u2084O\u2088. Seine H\u00e4rte liegt zwischen 6 und 6,5 auf der Mohs-Skala.<\/p>\n<p>Eine bekannte Variante ist der Spektrolith, eine Art Labradorit aus Finnland mit einem besonders intensiven Farbspiel.<\/p>\n<p><small><strong>Quellen: <\/strong><br \/><a href=\"https:\/\/www.mindat.org\/min-2308.html\" target=\"_blank\" rel=\"noopener\">Mindat.org<\/a>, <a href=\"https:\/\/www.gemdat.org\/gem-2308.html\" target=\"_blank\" rel=\"noopener\">Gemdat.org<\/a>, <a href=\"https:\/\/en.wikipedia.org\/wiki\/Labradorite\" target=\"_blank\" rel=\"noopener\">Wikipedia - Labradorit<\/a><\/small><\/p>\n<h3>Steine der Sorge<\/h3>\n<p>Andere Namen f\u00fcr diesen geschliffenen Stein sind Daumenstein oder Sorgenstein. Der Sorgenstein hat eine Vertiefung, in die der Daumen gelegt werden kann. Das Bewegen oder Reiben des Daumens in dieser Vertiefung soll m\u00f6glicherweise eine beruhigende Wirkung haben, was den Ursprung der genannten Namen erkl\u00e4rt. Wir bieten Sorgensteine in drei verschiedenen Formen an: <a href=\"https:\/\/www.ruschmineralen.nl\/de\/produkt-schlagwort\/sorgenstein\/?filter_vorm=ovaal\" title=\"Sorgenfresser Oval\">Oval<\/a>, <a href=\"https:\/\/www.ruschmineralen.nl\/de\/produkt-schlagwort\/sorgenstein\/?filter_vorm=hart\" title=\"Sorgensteine Herz\">Herz<\/a> und <a href=\"https:\/\/www.ruschmineralen.nl\/de\/produkt-schlagwort\/sorgenstein\/?filter_vorm=druppel\" title=\"Sorgensteine fallen\">Ablegen<\/a>.<\/p>\n<\/p>","protected":false},"excerpt":{"rendered":"<p>Labradorit Kummerstein in ovaler Form aus China<\/p>","protected":false},"featured_media":62040,"template":"","meta":{"_acf_changed":false,"site-sidebar-layout":"default","site-content-layout":"","ast-site-content-layout":"default","site-content-style":"default","site-sidebar-style":"default","ast-global-header-display":"","ast-banner-title-visibility":"","ast-main-header-display":"","ast-hfb-above-header-display":"","ast-hfb-below-header-display":"","ast-hfb-mobile-header-display":"","site-post-title":"","ast-breadcrumbs-content":"","ast-featured-img":"","footer-sml-layout":"","theme-transparent-header-meta":"default","adv-header-id-meta":"","stick-header-meta":"default","header-above-stick-meta":"","header-main-stick-meta":"","header-below-stick-meta":"","astra-migrate-meta-layouts":"set","ast-page-background-enabled":"default","ast-page-background-meta":{"desktop":{"background-color":"var(--ast-global-color-4)","background-image":"","background-repeat":"repeat","background-position":"center center","background-size":"auto","background-attachment":"scroll","background-type":"","background-media":"","overlay-type":"","overlay-color":"","overlay-opacity":"","overlay-gradient":""},"tablet":{"background-color":"","background-image":"","background-repeat":"repeat","background-position":"center center","background-size":"auto","background-attachment":"scroll","background-type":"","background-media":"","overlay-type":"","overlay-color":"","overlay-opacity":"","overlay-gradient":""},"mobile":{"background-color":"","background-image":"","background-repeat":"repeat","background-position":"center center","background-size":"auto","background-attachment":"scroll","background-type":"","background-media":"","overlay-type":"","overlay-color":"","overlay-opacity":"","overlay-gradient":""}},"ast-content-background-meta":{"desktop":{"background-color":"var(--ast-global-color-5)","background-image":"","background-repeat":"repeat","background-position":"center center","background-size":"auto","background-attachment":"scroll","background-type":"","background-media":"","overlay-type":"","overlay-color":"","overlay-opacity":"","overlay-gradient":""},"tablet":{"background-color":"var(--ast-global-color-5)","background-image":"","background-repeat":"repeat","background-position":"center center","background-size":"auto","background-attachment":"scroll","background-type":"","background-media":"","overlay-type":"","overlay-color":"","overlay-opacity":"","overlay-gradient":""},"mobile":{"background-color":"var(--ast-global-color-5)","background-image":"","background-repeat":"repeat","background-position":"center center","background-size":"auto","background-attachment":"scroll","background-type":"","background-media":"","overlay-type":"","overlay-color":"","overlay-opacity":"","overlay-gradient":""}}},"soort":[],"product_brand":[],"product_cat":[3108],"product_tag":[],"class_list":{"0":"post-62022","1":"product","2":"type-product","3":"status-publish","4":"has-post-thumbnail","6":"product_cat-worry-stones","7":"pa_herkomst-china","8":"pa_soort-labradoriet","9":"pa_verkoopeenheid-per-stuk","10":"pa_vorm-ovaal","11":"pa_vorm-worry-stone","12":"desktop-align-center","13":"tablet-align-center","14":"mobile-align-center","15":"ast-product-gallery-layout-horizontal-slider","16":"ast-product-tabs-layout-horizontal","18":"first","19":"outofstock","20":"taxable","21":"shipping-taxable","22":"product-type-simple"},"acf":[],"_links":{"self":[{"href":"https:\/\/www.ruschmineralen.nl\/de\/wp-json\/wp\/v2\/product\/62022","targetHints":{"allow":["GET"]}}],"collection":[{"href":"https:\/\/www.ruschmineralen.nl\/de\/wp-json\/wp\/v2\/product"}],"about":[{"href":"https:\/\/www.ruschmineralen.nl\/de\/wp-json\/wp\/v2\/types\/product"}],"wp:featuredmedia":[{"embeddable":true,"href":"https:\/\/www.ruschmineralen.nl\/de\/wp-json\/wp\/v2\/media\/62040"}],"wp:attachment":[{"href":"https:\/\/www.ruschmineralen.nl\/de\/wp-json\/wp\/v2\/media?parent=62022"}],"wp:term":[{"taxonomy":"soort","embeddable":true,"href":"https:\/\/www.ruschmineralen.nl\/de\/wp-json\/wp\/v2\/soort?post=62022"},{"taxonomy":"product_brand","embeddable":true,"href":"https:\/\/www.ruschmineralen.nl\/de\/wp-json\/wp\/v2\/product_brand?post=62022"},{"taxonomy":"product_cat","embeddable":true,"href":"https:\/\/www.ruschmineralen.nl\/de\/wp-json\/wp\/v2\/product_cat?post=62022"},{"taxonomy":"product_tag","embeddable":true,"href":"https:\/\/www.ruschmineralen.nl\/de\/wp-json\/wp\/v2\/product_tag?post=62022"}],"curies":[{"name":"wp","href":"https:\/\/api.w.org\/{rel}","templated":true}]}}