{"id":62136,"date":"2026-01-27T15:38:22","date_gmt":"2026-01-27T14:38:22","guid":{"rendered":"https:\/\/www.ruschmineralen.nl\/?post_type=product&#038;p=62136"},"modified":"2026-04-13T14:55:51","modified_gmt":"2026-04-13T12:55:51","slug":"6314-rosa-achat-trommelsteine","status":"publish","type":"product","link":"https:\/\/www.ruschmineralen.nl\/de\/produkt\/6314-rosa-achat-trommelsteine\/","title":{"rendered":"Rosa Achat-Trommelsteine"},"content":{"rendered":"<h2>Rosa Achat-Trommelsteine aus S\u00fcdafrika<\/h2>\n<h3>Achat<\/h3>\n<p><a href=\"https:\/\/www.ruschmineralen.nl\/de\/typ\/achat\/\" target=\"_blank\">Achat<\/a> ist eine mehrfarbige Variet\u00e4t des Chalcedons, die sich durch ihre feinen Bandstrukturen und Schichtmuster auszeichnet. Die Farben entstehen durch die schichtweise Ablagerung verschiedener Mineralien w\u00e4hrend der Entstehung. Achat wird seit Tausenden von Jahren wegen seines attraktiven Aussehens und seiner gro\u00dfen Formenvielfalt f\u00fcr Schmuck und Dekoration verwendet.<\/p>\n<p>Gro\u00dfe Vorkommen gibt es in Brasilien, Uruguay, Indien, den Vereinigten Staaten und Madagaskar. Achat bildet sich in vulkanischem Gestein und ist h\u00e4ufig in Geoden zu finden. Seine chemische Formel lautet SiO\u2082, da er eine Form von Quarz ist. Achat hat eine H\u00e4rte von 6,5 bis 7 auf der Mohs-Skala.<\/p>\n<p><strong>Bekannte Varianten:<\/strong> Botswana-Achat, Crazy Lace Achat, Moosachat und Blumenachat sind einige beliebte und gefragte Arten, jede mit ihrer eigenen unverwechselbaren Zeichnung und F\u00e4rbung.<\/p>\n<p><small><strong>Quellen: <\/strong><br \/><a href=\"https:\/\/www.mindat.org\/min-51.html\" target=\"_blank\" rel=\"noopener\">Mindat.org<\/a>, <a href=\"https:\/\/www.gemdat.org\/gem-51.html\" target=\"_blank\" rel=\"noopener\">Gemdat.org<\/a>, <a href=\"https:\/\/en.wikipedia.org\/wiki\/Agate\" target=\"_blank\" rel=\"noopener\">Wikipedia - Achat<\/a><\/small><\/p>","protected":false},"excerpt":{"rendered":"<p>Rosa Achat-Trommelsteine aus S\u00fcdafrika<\/p>","protected":false},"featured_media":62117,"template":"","meta":{"_acf_changed":false,"site-sidebar-layout":"default","site-content-layout":"","ast-site-content-layout":"default","site-content-style":"default","site-sidebar-style":"default","ast-global-header-display":"","ast-banner-title-visibility":"","ast-main-header-display":"","ast-hfb-above-header-display":"","ast-hfb-below-header-display":"","ast-hfb-mobile-header-display":"","site-post-title":"","ast-breadcrumbs-content":"","ast-featured-img":"","footer-sml-layout":"","theme-transparent-header-meta":"default","adv-header-id-meta":"","stick-header-meta":"default","header-above-stick-meta":"","header-main-stick-meta":"","header-below-stick-meta":"","astra-migrate-meta-layouts":"set","ast-page-background-enabled":"default","ast-page-background-meta":{"desktop":{"background-color":"var(--ast-global-color-4)","background-image":"","background-repeat":"repeat","background-position":"center center","background-size":"auto","background-attachment":"scroll","background-type":"","background-media":"","overlay-type":"","overlay-color":"","overlay-opacity":"","overlay-gradient":""},"tablet":{"background-color":"","background-image":"","background-repeat":"repeat","background-position":"center center","background-size":"auto","background-attachment":"scroll","background-type":"","background-media":"","overlay-type":"","overlay-color":"","overlay-opacity":"","overlay-gradient":""},"mobile":{"background-color":"","background-image":"","background-repeat":"repeat","background-position":"center center","background-size":"auto","background-attachment":"scroll","background-type":"","background-media":"","overlay-type":"","overlay-color":"","overlay-opacity":"","overlay-gradient":""}},"ast-content-background-meta":{"desktop":{"background-color":"var(--ast-global-color-5)","background-image":"","background-repeat":"repeat","background-position":"center center","background-size":"auto","background-attachment":"scroll","background-type":"","background-media":"","overlay-type":"","overlay-color":"","overlay-opacity":"","overlay-gradient":""},"tablet":{"background-color":"var(--ast-global-color-5)","background-image":"","background-repeat":"repeat","background-position":"center center","background-size":"auto","background-attachment":"scroll","background-type":"","background-media":"","overlay-type":"","overlay-color":"","overlay-opacity":"","overlay-gradient":""},"mobile":{"background-color":"var(--ast-global-color-5)","background-image":"","background-repeat":"repeat","background-position":"center center","background-size":"auto","background-attachment":"scroll","background-type":"","background-media":"","overlay-type":"","overlay-color":"","overlay-opacity":"","overlay-gradient":""}}},"soort":[],"product_brand":[],"product_cat":[1044],"product_tag":[],"class_list":{"0":"post-62136","1":"product","2":"type-product","3":"status-publish","4":"has-post-thumbnail","6":"product_cat-trommelstenen","7":"pa_herkomst-zuid-afrika","8":"pa_maat-m-l-trommelstenen","9":"pa_soort-agaat","10":"pa_soort-roze-agaat","11":"pa_verkoopeenheid-per-100-gr","12":"pa_vorm-getrommeld","13":"desktop-align-center","14":"tablet-align-center","15":"mobile-align-center","16":"ast-product-gallery-layout-horizontal-slider","17":"ast-product-tabs-layout-horizontal","19":"first","20":"instock","21":"taxable","22":"shipping-taxable","23":"product-type-simple"},"acf":[],"_links":{"self":[{"href":"https:\/\/www.ruschmineralen.nl\/de\/wp-json\/wp\/v2\/product\/62136","targetHints":{"allow":["GET"]}}],"collection":[{"href":"https:\/\/www.ruschmineralen.nl\/de\/wp-json\/wp\/v2\/product"}],"about":[{"href":"https:\/\/www.ruschmineralen.nl\/de\/wp-json\/wp\/v2\/types\/product"}],"wp:featuredmedia":[{"embeddable":true,"href":"https:\/\/www.ruschmineralen.nl\/de\/wp-json\/wp\/v2\/media\/62117"}],"wp:attachment":[{"href":"https:\/\/www.ruschmineralen.nl\/de\/wp-json\/wp\/v2\/media?parent=62136"}],"wp:term":[{"taxonomy":"soort","embeddable":true,"href":"https:\/\/www.ruschmineralen.nl\/de\/wp-json\/wp\/v2\/soort?post=62136"},{"taxonomy":"product_brand","embeddable":true,"href":"https:\/\/www.ruschmineralen.nl\/de\/wp-json\/wp\/v2\/product_brand?post=62136"},{"taxonomy":"product_cat","embeddable":true,"href":"https:\/\/www.ruschmineralen.nl\/de\/wp-json\/wp\/v2\/product_cat?post=62136"},{"taxonomy":"product_tag","embeddable":true,"href":"https:\/\/www.ruschmineralen.nl\/de\/wp-json\/wp\/v2\/product_tag?post=62136"}],"curies":[{"name":"wp","href":"https:\/\/api.w.org\/{rel}","templated":true}]}}