{"id":62140,"date":"2026-01-27T15:55:04","date_gmt":"2026-01-27T14:55:04","guid":{"rendered":"https:\/\/www.ruschmineralen.nl\/?post_type=product&#038;p=62140"},"modified":"2026-01-27T15:57:08","modified_gmt":"2026-01-27T14:57:08","slug":"6311-versteinerte-holz-trommelsteine","status":"publish","type":"product","link":"https:\/\/www.ruschmineralen.nl\/de\/produkt\/6311-versteinerte-holz-trommelsteine\/","title":{"rendered":"Versteinertes Holz Tumblestones"},"content":{"rendered":"<h2>Versteinerte Holz-Trommelsteine aus Madagaskar<\/h2>\n<h3>Versteinertes Holz<\/h3>\n<p><a href=\"https:\/\/www.ruschmineralen.nl\/de\/typ\/versteinertes-holz\/\" target=\"_blank\">Versteinertes Holz<\/a> entsteht, wenn Holz \u00fcber einen langen Zeitraum durch den Prozess der Permineralisierung versteinert, bei dem organisches Material durch Mineralien wie Quarz ersetzt wird. Das urspr\u00fcngliche Holzmuster bleibt bei diesem Prozess in der Regel gut erhalten, wodurch die erkennbare Holzstruktur im Stein entsteht.<\/p>\n<p>Es kommt weltweit in Gebieten mit vulkanischer Aktivit\u00e4t oder reich an kiesels\u00e4urehaltigem Wasser vor, z. B. in den Vereinigten Staaten (Arizona), Indonesien und Madagaskar. Seine chemische Zusammensetzung ist in der Regel SiO\u2082, da er haupts\u00e4chlich aus Quarz besteht. Seine H\u00e4rte betr\u00e4gt etwa 6,5 bis 7 auf der Mohs-Skala.<\/p>\n<p>Beliebte Sorten werden nach Farbe und Herkunft unterschieden, z. B. rotbraunes versteinertes Holz aus Arizona und schwarzes versteinertes Holz aus Indonesien.<\/p>\n<p><small><strong>Quellen: <\/strong><br \/><a href=\"https:\/\/www.mindat.org\/min-8018.html\" target=\"_blank\" rel=\"noopener\">Mindat.org<\/a>, <a href=\"https:\/\/www.gemdat.org\/gem-8018.html\" target=\"_blank\" rel=\"noopener\">Gemdat.org<\/a>, <a href=\"https:\/\/en.wikipedia.org\/wiki\/Petrified_wood\" target=\"_blank\" rel=\"noopener\">Wikipedia - Versteinertes Holz<\/a><\/small><\/p>","protected":false},"excerpt":{"rendered":"<p>Versteinerte Holz-Trommelsteine aus Madagaskar<\/p>","protected":false},"featured_media":62108,"template":"","meta":{"_acf_changed":false,"site-sidebar-layout":"default","site-content-layout":"","ast-site-content-layout":"default","site-content-style":"default","site-sidebar-style":"default","ast-global-header-display":"","ast-banner-title-visibility":"","ast-main-header-display":"","ast-hfb-above-header-display":"","ast-hfb-below-header-display":"","ast-hfb-mobile-header-display":"","site-post-title":"","ast-breadcrumbs-content":"","ast-featured-img":"","footer-sml-layout":"","theme-transparent-header-meta":"default","adv-header-id-meta":"","stick-header-meta":"default","header-above-stick-meta":"","header-main-stick-meta":"","header-below-stick-meta":"","astra-migrate-meta-layouts":"set","ast-page-background-enabled":"default","ast-page-background-meta":{"desktop":{"background-color":"var(--ast-global-color-4)","background-image":"","background-repeat":"repeat","background-position":"center center","background-size":"auto","background-attachment":"scroll","background-type":"","background-media":"","overlay-type":"","overlay-color":"","overlay-opacity":"","overlay-gradient":""},"tablet":{"background-color":"","background-image":"","background-repeat":"repeat","background-position":"center center","background-size":"auto","background-attachment":"scroll","background-type":"","background-media":"","overlay-type":"","overlay-color":"","overlay-opacity":"","overlay-gradient":""},"mobile":{"background-color":"","background-image":"","background-repeat":"repeat","background-position":"center center","background-size":"auto","background-attachment":"scroll","background-type":"","background-media":"","overlay-type":"","overlay-color":"","overlay-opacity":"","overlay-gradient":""}},"ast-content-background-meta":{"desktop":{"background-color":"var(--ast-global-color-5)","background-image":"","background-repeat":"repeat","background-position":"center center","background-size":"auto","background-attachment":"scroll","background-type":"","background-media":"","overlay-type":"","overlay-color":"","overlay-opacity":"","overlay-gradient":""},"tablet":{"background-color":"var(--ast-global-color-5)","background-image":"","background-repeat":"repeat","background-position":"center center","background-size":"auto","background-attachment":"scroll","background-type":"","background-media":"","overlay-type":"","overlay-color":"","overlay-opacity":"","overlay-gradient":""},"mobile":{"background-color":"var(--ast-global-color-5)","background-image":"","background-repeat":"repeat","background-position":"center center","background-size":"auto","background-attachment":"scroll","background-type":"","background-media":"","overlay-type":"","overlay-color":"","overlay-opacity":"","overlay-gradient":""}}},"soort":[],"product_brand":[],"product_cat":[1044],"product_tag":[],"class_list":{"0":"post-62140","1":"product","2":"type-product","3":"status-publish","4":"has-post-thumbnail","6":"product_cat-trommelstenen","7":"pa_herkomst-madagaskar","8":"pa_maat-m-l-trommelstenen","9":"pa_soort-versteend-hout","10":"pa_verkoopeenheid-per-100-gr","11":"pa_vorm-getrommeld","12":"desktop-align-center","13":"tablet-align-center","14":"mobile-align-center","15":"ast-product-gallery-layout-horizontal-slider","16":"ast-product-tabs-layout-horizontal","18":"first","19":"instock","20":"taxable","21":"shipping-taxable","22":"product-type-simple"},"acf":[],"_links":{"self":[{"href":"https:\/\/www.ruschmineralen.nl\/de\/wp-json\/wp\/v2\/product\/62140","targetHints":{"allow":["GET"]}}],"collection":[{"href":"https:\/\/www.ruschmineralen.nl\/de\/wp-json\/wp\/v2\/product"}],"about":[{"href":"https:\/\/www.ruschmineralen.nl\/de\/wp-json\/wp\/v2\/types\/product"}],"wp:featuredmedia":[{"embeddable":true,"href":"https:\/\/www.ruschmineralen.nl\/de\/wp-json\/wp\/v2\/media\/62108"}],"wp:attachment":[{"href":"https:\/\/www.ruschmineralen.nl\/de\/wp-json\/wp\/v2\/media?parent=62140"}],"wp:term":[{"taxonomy":"soort","embeddable":true,"href":"https:\/\/www.ruschmineralen.nl\/de\/wp-json\/wp\/v2\/soort?post=62140"},{"taxonomy":"product_brand","embeddable":true,"href":"https:\/\/www.ruschmineralen.nl\/de\/wp-json\/wp\/v2\/product_brand?post=62140"},{"taxonomy":"product_cat","embeddable":true,"href":"https:\/\/www.ruschmineralen.nl\/de\/wp-json\/wp\/v2\/product_cat?post=62140"},{"taxonomy":"product_tag","embeddable":true,"href":"https:\/\/www.ruschmineralen.nl\/de\/wp-json\/wp\/v2\/product_tag?post=62140"}],"curies":[{"name":"wp","href":"https:\/\/api.w.org\/{rel}","templated":true}]}}