{"id":62148,"date":"2026-01-26T16:45:43","date_gmt":"2026-01-26T15:45:43","guid":{"rendered":"https:\/\/www.ruschmineralen.nl\/?post_type=product&#038;p=62148"},"modified":"2026-04-13T14:55:48","modified_gmt":"2026-04-13T12:55:48","slug":"6318-lapislazuli-trommelsteine","status":"publish","type":"product","link":"https:\/\/www.ruschmineralen.nl\/de\/produkt\/6318-lapislazuli-trommelsteine\/","title":{"rendered":"Lapislazuli-Trommelsteine"},"content":{"rendered":"<h2>Lapislazuli-Trommelsteine aus Afghanistan<\/h2>\n<h3>Lapislazuli<\/h3>\n<p><a href=\"https:\/\/www.ruschmineralen.nl\/de\/typ\/lapislazuli\/\" target=\"_blank\">Lapislazuli<\/a> ist ein tiefblaues Gestein, das haupts\u00e4chlich aus dem Mineral Lazurit besteht und oft von Calcit und Pyrit begleitet wird. Der Stein wird seit Tausenden von Jahren f\u00fcr Schmuck, Skulpturen und als Pigment verwendet und wurde in der Antike wegen seiner intensiven Farbe besonders gesch\u00e4tzt. Kleine goldene Einschl\u00fcsse von Pyrit verleihen Lapislazuli ein charakteristisches gesprenkeltes Aussehen.<\/p>\n<p>Lapislazuli wird haupts\u00e4chlich in Afghanistan abgebaut, insbesondere in der Provinz Badakhshan. Weitere Vorkommen gibt es in Chile, Russland und Pakistan. Das Gestein entsteht durch metamorphe Prozesse, bei denen sich Kalkstein unter hohem Druck und hoher Temperatur ver\u00e4ndert. Seine H\u00e4rte liegt zwischen 5 und 5,5 auf der Mohs-Skala.<\/p>\n<p><small><strong>Quellen: <\/strong><br \/><a href=\"https:\/\/www.mindat.org\/min-2330.html\" target=\"_blank\" rel=\"noopener\">Mindat.org<\/a>, <a href=\"https:\/\/www.gemdat.org\/gem-2330.html\" target=\"_blank\" rel=\"noopener\">Gemdat.org<\/a>, <a href=\"https:\/\/en.wikipedia.org\/wiki\/Lapis_lazuli\" target=\"_blank\" rel=\"noopener\">Wikipedia - Lapislazuli<\/a><\/small><\/p>","protected":false},"excerpt":{"rendered":"<p>Lapislazuli-Trommelsteine aus Afghanistan<\/p>","protected":false},"featured_media":62096,"template":"","meta":{"_acf_changed":false,"site-sidebar-layout":"default","site-content-layout":"","ast-site-content-layout":"default","site-content-style":"default","site-sidebar-style":"default","ast-global-header-display":"","ast-banner-title-visibility":"","ast-main-header-display":"","ast-hfb-above-header-display":"","ast-hfb-below-header-display":"","ast-hfb-mobile-header-display":"","site-post-title":"","ast-breadcrumbs-content":"","ast-featured-img":"","footer-sml-layout":"","theme-transparent-header-meta":"default","adv-header-id-meta":"","stick-header-meta":"default","header-above-stick-meta":"","header-main-stick-meta":"","header-below-stick-meta":"","astra-migrate-meta-layouts":"set","ast-page-background-enabled":"default","ast-page-background-meta":{"desktop":{"background-color":"var(--ast-global-color-4)","background-image":"","background-repeat":"repeat","background-position":"center center","background-size":"auto","background-attachment":"scroll","background-type":"","background-media":"","overlay-type":"","overlay-color":"","overlay-opacity":"","overlay-gradient":""},"tablet":{"background-color":"","background-image":"","background-repeat":"repeat","background-position":"center center","background-size":"auto","background-attachment":"scroll","background-type":"","background-media":"","overlay-type":"","overlay-color":"","overlay-opacity":"","overlay-gradient":""},"mobile":{"background-color":"","background-image":"","background-repeat":"repeat","background-position":"center center","background-size":"auto","background-attachment":"scroll","background-type":"","background-media":"","overlay-type":"","overlay-color":"","overlay-opacity":"","overlay-gradient":""}},"ast-content-background-meta":{"desktop":{"background-color":"var(--ast-global-color-5)","background-image":"","background-repeat":"repeat","background-position":"center center","background-size":"auto","background-attachment":"scroll","background-type":"","background-media":"","overlay-type":"","overlay-color":"","overlay-opacity":"","overlay-gradient":""},"tablet":{"background-color":"var(--ast-global-color-5)","background-image":"","background-repeat":"repeat","background-position":"center center","background-size":"auto","background-attachment":"scroll","background-type":"","background-media":"","overlay-type":"","overlay-color":"","overlay-opacity":"","overlay-gradient":""},"mobile":{"background-color":"var(--ast-global-color-5)","background-image":"","background-repeat":"repeat","background-position":"center center","background-size":"auto","background-attachment":"scroll","background-type":"","background-media":"","overlay-type":"","overlay-color":"","overlay-opacity":"","overlay-gradient":""}}},"soort":[],"product_brand":[],"product_cat":[1044],"product_tag":[],"class_list":{"0":"post-62148","1":"product","2":"type-product","3":"status-publish","4":"has-post-thumbnail","6":"product_cat-trommelstenen","7":"pa_herkomst-afghanistan","8":"pa_maat-s-l-trommelstenen","9":"pa_soort-lapis-lazuli","10":"pa_verkoopeenheid-per-100-gr","11":"pa_vorm-getrommeld","12":"desktop-align-center","13":"tablet-align-center","14":"mobile-align-center","15":"ast-product-gallery-layout-horizontal-slider","16":"ast-product-tabs-layout-horizontal","18":"first","19":"instock","20":"taxable","21":"shipping-taxable","22":"product-type-simple"},"acf":[],"_links":{"self":[{"href":"https:\/\/www.ruschmineralen.nl\/de\/wp-json\/wp\/v2\/product\/62148","targetHints":{"allow":["GET"]}}],"collection":[{"href":"https:\/\/www.ruschmineralen.nl\/de\/wp-json\/wp\/v2\/product"}],"about":[{"href":"https:\/\/www.ruschmineralen.nl\/de\/wp-json\/wp\/v2\/types\/product"}],"wp:featuredmedia":[{"embeddable":true,"href":"https:\/\/www.ruschmineralen.nl\/de\/wp-json\/wp\/v2\/media\/62096"}],"wp:attachment":[{"href":"https:\/\/www.ruschmineralen.nl\/de\/wp-json\/wp\/v2\/media?parent=62148"}],"wp:term":[{"taxonomy":"soort","embeddable":true,"href":"https:\/\/www.ruschmineralen.nl\/de\/wp-json\/wp\/v2\/soort?post=62148"},{"taxonomy":"product_brand","embeddable":true,"href":"https:\/\/www.ruschmineralen.nl\/de\/wp-json\/wp\/v2\/product_brand?post=62148"},{"taxonomy":"product_cat","embeddable":true,"href":"https:\/\/www.ruschmineralen.nl\/de\/wp-json\/wp\/v2\/product_cat?post=62148"},{"taxonomy":"product_tag","embeddable":true,"href":"https:\/\/www.ruschmineralen.nl\/de\/wp-json\/wp\/v2\/product_tag?post=62148"}],"curies":[{"name":"wp","href":"https:\/\/api.w.org\/{rel}","templated":true}]}}