{"id":62295,"date":"2026-02-02T12:00:00","date_gmt":"2026-02-02T11:00:00","guid":{"rendered":"https:\/\/www.ruschmineralen.nl\/?post_type=product&#038;p=62295"},"modified":"2026-02-02T13:34:40","modified_gmt":"2026-02-02T12:34:40","slug":"21347-indien-mix-roh","status":"publish","type":"product","link":"https:\/\/www.ruschmineralen.nl\/de\/produkt\/21347-indien-mix-roh\/","title":{"rendered":"Apophyllit mit Stilbit"},"content":{"rendered":"<h2>Apophyllit mit Stilbit - Indien-Mischung aus Indien<\/h2>\n<h3>Indien-Mix<\/h3>\n<p>India Mix ist ein Sammelbegriff f\u00fcr verschiedene Mineralien, von denen viele gemeinsam und teilweise auf einem St\u00fcck vorkommen und als gemischte Auswahl aus Indien geliefert werden. Diese St\u00fccke bestehen aus Kombinationen verschiedener Gesteinsarten, bei denen mehrere Mineralien nat\u00fcrlich zusammengewachsen sind.<\/p>\n<p>In dieser Mischung sind unter anderem Apophylit, Stilbit, Heulandit, Chalcedon und Skolezit enthalten. Die genaue Zusammensetzung, Farbe und Form kann von St\u00fcck zu St\u00fcck variieren und macht jedes St\u00fcck zu einem Unikat. Die gezeigten Fotos vermitteln eine realistische Vorstellung von dem, was Sie erwarten k\u00f6nnen, aber Abweichungen sind bei dieser Art von Produkten unvermeidlich.<\/p>\n<p>In unserem Ausstellungsraum haben wir ein sehr umfangreiches Sortiment an India Mix, mit Dutzenden bis Hunderten von Kilos auf Lager in einer Vielzahl von Kombinationen und Gr\u00f6\u00dfen. Wir stellen regelm\u00e4\u00dfig eine Auswahl in den Webshop ein, aber viele St\u00fccke sind zu gro\u00df oder zu schwierig, um sie online richtig darzustellen. Wenn Sie spezielle W\u00fcnsche haben oder eine gr\u00f6\u00dfere Auswahl w\u00fcnschen, k\u00f6nnen Sie uns jederzeit kontaktieren oder einen Termin vereinbaren.<\/p>","protected":false},"excerpt":{"rendered":"<p>Apophyllit mit Stilbit - Indien-Mischung aus Indien<\/p>","protected":false},"featured_media":62271,"template":"","meta":{"_acf_changed":false,"site-sidebar-layout":"default","site-content-layout":"","ast-site-content-layout":"default","site-content-style":"default","site-sidebar-style":"default","ast-global-header-display":"","ast-banner-title-visibility":"","ast-main-header-display":"","ast-hfb-above-header-display":"","ast-hfb-below-header-display":"","ast-hfb-mobile-header-display":"","site-post-title":"","ast-breadcrumbs-content":"","ast-featured-img":"","footer-sml-layout":"","theme-transparent-header-meta":"default","adv-header-id-meta":"","stick-header-meta":"default","header-above-stick-meta":"","header-main-stick-meta":"","header-below-stick-meta":"","astra-migrate-meta-layouts":"set","ast-page-background-enabled":"default","ast-page-background-meta":{"desktop":{"background-color":"var(--ast-global-color-4)","background-image":"","background-repeat":"repeat","background-position":"center center","background-size":"auto","background-attachment":"scroll","background-type":"","background-media":"","overlay-type":"","overlay-color":"","overlay-opacity":"","overlay-gradient":""},"tablet":{"background-color":"","background-image":"","background-repeat":"repeat","background-position":"center center","background-size":"auto","background-attachment":"scroll","background-type":"","background-media":"","overlay-type":"","overlay-color":"","overlay-opacity":"","overlay-gradient":""},"mobile":{"background-color":"","background-image":"","background-repeat":"repeat","background-position":"center center","background-size":"auto","background-attachment":"scroll","background-type":"","background-media":"","overlay-type":"","overlay-color":"","overlay-opacity":"","overlay-gradient":""}},"ast-content-background-meta":{"desktop":{"background-color":"var(--ast-global-color-5)","background-image":"","background-repeat":"repeat","background-position":"center center","background-size":"auto","background-attachment":"scroll","background-type":"","background-media":"","overlay-type":"","overlay-color":"","overlay-opacity":"","overlay-gradient":""},"tablet":{"background-color":"var(--ast-global-color-5)","background-image":"","background-repeat":"repeat","background-position":"center center","background-size":"auto","background-attachment":"scroll","background-type":"","background-media":"","overlay-type":"","overlay-color":"","overlay-opacity":"","overlay-gradient":""},"mobile":{"background-color":"var(--ast-global-color-5)","background-image":"","background-repeat":"repeat","background-position":"center center","background-size":"auto","background-attachment":"scroll","background-type":"","background-media":"","overlay-type":"","overlay-color":"","overlay-opacity":"","overlay-gradient":""}}},"soort":[],"product_brand":[],"product_cat":[1348,1073],"product_tag":[1137],"class_list":{"0":"post-62295","1":"product","2":"type-product","3":"status-publish","4":"has-post-thumbnail","6":"product_cat-unieke-producten","7":"product_cat-gekristalliseerd","8":"product_tag-uniek","9":"pa_herkomst-india","10":"pa_soort-india-mix","11":"pa_verkoopeenheid-uniek","12":"pa_vorm-gekristalliseerd","13":"pa_vorm-ruw","14":"desktop-align-center","15":"tablet-align-center","16":"mobile-align-center","17":"ast-product-gallery-layout-horizontal-slider","18":"ast-product-tabs-layout-horizontal","20":"first","21":"instock","22":"sold-individually","23":"taxable","24":"shipping-taxable","25":"product-type-simple"},"acf":[],"_links":{"self":[{"href":"https:\/\/www.ruschmineralen.nl\/de\/wp-json\/wp\/v2\/product\/62295","targetHints":{"allow":["GET"]}}],"collection":[{"href":"https:\/\/www.ruschmineralen.nl\/de\/wp-json\/wp\/v2\/product"}],"about":[{"href":"https:\/\/www.ruschmineralen.nl\/de\/wp-json\/wp\/v2\/types\/product"}],"wp:featuredmedia":[{"embeddable":true,"href":"https:\/\/www.ruschmineralen.nl\/de\/wp-json\/wp\/v2\/media\/62271"}],"wp:attachment":[{"href":"https:\/\/www.ruschmineralen.nl\/de\/wp-json\/wp\/v2\/media?parent=62295"}],"wp:term":[{"taxonomy":"soort","embeddable":true,"href":"https:\/\/www.ruschmineralen.nl\/de\/wp-json\/wp\/v2\/soort?post=62295"},{"taxonomy":"product_brand","embeddable":true,"href":"https:\/\/www.ruschmineralen.nl\/de\/wp-json\/wp\/v2\/product_brand?post=62295"},{"taxonomy":"product_cat","embeddable":true,"href":"https:\/\/www.ruschmineralen.nl\/de\/wp-json\/wp\/v2\/product_cat?post=62295"},{"taxonomy":"product_tag","embeddable":true,"href":"https:\/\/www.ruschmineralen.nl\/de\/wp-json\/wp\/v2\/product_tag?post=62295"}],"curies":[{"name":"wp","href":"https:\/\/api.w.org\/{rel}","templated":true}]}}