{"id":63045,"date":"2026-02-16T15:30:00","date_gmt":"2026-02-16T14:30:00","guid":{"rendered":"https:\/\/www.ruschmineralen.nl\/product\/21457-agaat-geode-op-standaard\/"},"modified":"2026-02-16T15:32:17","modified_gmt":"2026-02-16T14:32:17","slug":"21457-achat-geode-auf-stander","status":"publish","type":"product","link":"https:\/\/www.ruschmineralen.nl\/de\/produkt\/21457-achat-geode-auf-stander\/","title":{"rendered":"Achat-Geode auf St\u00e4nder"},"content":{"rendered":"<h2>Achat Geode auf Standard aus Brasilien<\/h2>\n<p>Dieser Achat (Geode) ist in zwei H\u00e4lften geschnitten, poliert und auf einen schwarz beschichteten St\u00e4nder montiert. Die Gesamth\u00f6he, einschlie\u00dflich St\u00e4nder, variiert zwischen 12 und 15 cm. Der St\u00e4nder misst 5 cm mal 7 cm. Bitte beachten Sie, dass kleine Unebenheiten oder Kratzer auf dem schwarzen St\u00e4nder nicht immer zu vermeiden sind. <h3>Achat<\/h3>\n<p><a href=\"https:\/\/www.ruschmineralen.nl\/de\/typ\/achat\/\" target=\"_blank\">Achat<\/a> ist eine mehrfarbige Variet\u00e4t des Chalcedons, die sich durch ihre feinen Bandstrukturen und Schichtmuster auszeichnet. Die Farben entstehen durch die schichtweise Ablagerung verschiedener Mineralien w\u00e4hrend der Entstehung. Achat wird seit Tausenden von Jahren wegen seines attraktiven Aussehens und seiner gro\u00dfen Formenvielfalt f\u00fcr Schmuck und Dekoration verwendet.<\/p>\n<p>Gro\u00dfe Vorkommen gibt es in Brasilien, Uruguay, Indien, den Vereinigten Staaten und Madagaskar. Achat bildet sich in vulkanischem Gestein und ist h\u00e4ufig in Geoden zu finden. Seine chemische Formel lautet SiO\u2082, da er eine Form von Quarz ist. Achat hat eine H\u00e4rte von 6,5 bis 7 auf der Mohs-Skala.<\/p>\n<p><strong>Bekannte Varianten:<\/strong> Botswana-Achat, Crazy Lace Achat, Moosachat und Blumenachat sind einige beliebte und gefragte Arten, jede mit ihrer eigenen unverwechselbaren Zeichnung und F\u00e4rbung.<\/p>\n<p><small><strong>Quellen: <\/strong><br \/><a href=\"https:\/\/www.mindat.org\/min-51.html\" target=\"_blank\" rel=\"noopener\">Mindat.org<\/a>, <a href=\"https:\/\/www.gemdat.org\/gem-51.html\" target=\"_blank\" rel=\"noopener\">Gemdat.org<\/a>, <a href=\"https:\/\/en.wikipedia.org\/wiki\/Agate\" target=\"_blank\" rel=\"noopener\">Wikipedia - Achat<\/a><\/small><\/p>\n<\/p>","protected":false},"excerpt":{"rendered":"<p>Agaat Geode Op Standaard uit Brazili\u00eb Deze Agaat (geode) is doormidden gezaagd, gepolijst en gemonteerd op een zwart gecoate standaard. De totale hoogte, inclusief standaard, varieert tussen de 12 en 15 cm. De standaard heeft een formaat van 5 bij 7 cm. Houd er rekening mee dat kleine imperfecties of krasjes op de zwarte standaard [&hellip;]<\/p>","protected":false},"featured_media":62988,"template":"","meta":{"_acf_changed":false,"site-sidebar-layout":"default","site-content-layout":"","ast-site-content-layout":"default","site-content-style":"default","site-sidebar-style":"default","ast-global-header-display":"","ast-banner-title-visibility":"","ast-main-header-display":"","ast-hfb-above-header-display":"","ast-hfb-below-header-display":"","ast-hfb-mobile-header-display":"","site-post-title":"","ast-breadcrumbs-content":"","ast-featured-img":"","footer-sml-layout":"","theme-transparent-header-meta":"","adv-header-id-meta":"","stick-header-meta":"","header-above-stick-meta":"","header-main-stick-meta":"","header-below-stick-meta":"","astra-migrate-meta-layouts":"default","ast-page-background-enabled":"default","ast-page-background-meta":{"desktop":{"background-color":"var(--ast-global-color-4)","background-image":"","background-repeat":"repeat","background-position":"center center","background-size":"auto","background-attachment":"scroll","background-type":"","background-media":"","overlay-type":"","overlay-color":"","overlay-opacity":"","overlay-gradient":""},"tablet":{"background-color":"","background-image":"","background-repeat":"repeat","background-position":"center center","background-size":"auto","background-attachment":"scroll","background-type":"","background-media":"","overlay-type":"","overlay-color":"","overlay-opacity":"","overlay-gradient":""},"mobile":{"background-color":"","background-image":"","background-repeat":"repeat","background-position":"center center","background-size":"auto","background-attachment":"scroll","background-type":"","background-media":"","overlay-type":"","overlay-color":"","overlay-opacity":"","overlay-gradient":""}},"ast-content-background-meta":{"desktop":{"background-color":"var(--ast-global-color-5)","background-image":"","background-repeat":"repeat","background-position":"center center","background-size":"auto","background-attachment":"scroll","background-type":"","background-media":"","overlay-type":"","overlay-color":"","overlay-opacity":"","overlay-gradient":""},"tablet":{"background-color":"var(--ast-global-color-5)","background-image":"","background-repeat":"repeat","background-position":"center center","background-size":"auto","background-attachment":"scroll","background-type":"","background-media":"","overlay-type":"","overlay-color":"","overlay-opacity":"","overlay-gradient":""},"mobile":{"background-color":"var(--ast-global-color-5)","background-image":"","background-repeat":"repeat","background-position":"center center","background-size":"auto","background-attachment":"scroll","background-type":"","background-media":"","overlay-type":"","overlay-color":"","overlay-opacity":"","overlay-gradient":""}}},"soort":[],"product_brand":[],"product_cat":[1348,1052],"product_tag":[1137],"class_list":{"0":"post-63045","1":"product","2":"type-product","3":"status-publish","4":"has-post-thumbnail","6":"product_cat-unieke-producten","7":"product_cat-mineralen-op-standaard","8":"product_tag-uniek","9":"pa_herkomst-brazilie","10":"pa_soort-agaat","11":"pa_verkoopeenheid-uniek","12":"pa_vorm-geode","13":"pa_vorm-op-standaard","14":"desktop-align-center","15":"tablet-align-center","16":"mobile-align-center","17":"ast-product-gallery-layout-horizontal-slider","18":"ast-product-tabs-layout-horizontal","20":"first","21":"instock","22":"sold-individually","23":"taxable","24":"shipping-taxable","25":"product-type-simple"},"acf":[],"_links":{"self":[{"href":"https:\/\/www.ruschmineralen.nl\/de\/wp-json\/wp\/v2\/product\/63045","targetHints":{"allow":["GET"]}}],"collection":[{"href":"https:\/\/www.ruschmineralen.nl\/de\/wp-json\/wp\/v2\/product"}],"about":[{"href":"https:\/\/www.ruschmineralen.nl\/de\/wp-json\/wp\/v2\/types\/product"}],"wp:featuredmedia":[{"embeddable":true,"href":"https:\/\/www.ruschmineralen.nl\/de\/wp-json\/wp\/v2\/media\/62988"}],"wp:attachment":[{"href":"https:\/\/www.ruschmineralen.nl\/de\/wp-json\/wp\/v2\/media?parent=63045"}],"wp:term":[{"taxonomy":"soort","embeddable":true,"href":"https:\/\/www.ruschmineralen.nl\/de\/wp-json\/wp\/v2\/soort?post=63045"},{"taxonomy":"product_brand","embeddable":true,"href":"https:\/\/www.ruschmineralen.nl\/de\/wp-json\/wp\/v2\/product_brand?post=63045"},{"taxonomy":"product_cat","embeddable":true,"href":"https:\/\/www.ruschmineralen.nl\/de\/wp-json\/wp\/v2\/product_cat?post=63045"},{"taxonomy":"product_tag","embeddable":true,"href":"https:\/\/www.ruschmineralen.nl\/de\/wp-json\/wp\/v2\/product_tag?post=63045"}],"curies":[{"name":"wp","href":"https:\/\/api.w.org\/{rel}","templated":true}]}}