{"id":63784,"date":"2026-02-19T16:31:00","date_gmt":"2026-02-19T15:31:00","guid":{"rendered":"https:\/\/www.ruschmineralen.nl\/product\/21588-agaat-eind-op-standaard\/"},"modified":"2026-03-13T14:43:18","modified_gmt":"2026-03-13T13:43:18","slug":"21588-achatende-auf-stander","status":"publish","type":"product","link":"https:\/\/www.ruschmineralen.nl\/de\/produkt\/21588-achatende-auf-stander\/","title":{"rendered":"Achat Ende auf Standard"},"content":{"rendered":"<h2>Achat End on Standard aus Brasilien<\/h2>\n<p><h2>Achat auf Standard<\/h2>\n<p>Dieser Achat wurde geschliffen, poliert und auf einen schwarz beschichteten St\u00e4nder gesetzt. Wir haben drei Varianten in unserem Sortiment: <em><strong>Achat-Geode auf Standard<\/strong><\/em>, <em><strong>Achat Ende auf Standard<\/strong><\/em> und <em><strong>Achat auf Standard<\/strong><\/em>.<\/p>\n<p>Eine Achatgeode hat normalerweise eine \u00d6ffnung mit sichtbarer Kristallbildung. Ein Achat-Ende (das Endst\u00fcck einer Geode) ist in der Regel massiv und hat keine \u00d6ffnung, kann aber gelegentlich leichte Kristallbildung aufweisen. Der Achat auf Standard ist vollst\u00e4ndig massiv und sieht daher im Allgemeinen eint\u00f6niger aus als ein Achatende.<\/p>\n<p>Alle Varianten sind in folgenden Gr\u00f6\u00dfen erh\u00e4ltlich <strong>S<\/strong> und <strong>M<\/strong>:<\/p>\n<p>Gr\u00f6\u00dfe S: H\u00f6he 12-15 cm (einschlie\u00dflich St\u00e4nder). Die Basis des St\u00e4nders ist 5 \u00d7 7 cm.<br \/>Gr\u00f6\u00dfe M: H\u00f6he 14-17 cm (einschlie\u00dflich St\u00e4nder). Die Basis des St\u00e4nders ist 7 \u00d7 9 cm.<\/p>\n<p>Kleine Unebenheiten oder leichte Kratzer auf dem schwarzen St\u00e4nder lassen sich nicht immer vermeiden.<\/p>\n<h3>Achat<\/h3>\n<p><a href=\"https:\/\/www.ruschmineralen.nl\/de\/typ\/achat\/\" target=\"_blank\">Achat<\/a> ist eine mehrfarbige Variet\u00e4t des Chalcedons, die sich durch ihre feinen Bandstrukturen und Schichtmuster auszeichnet. Die Farben entstehen durch die schichtweise Ablagerung verschiedener Mineralien w\u00e4hrend der Entstehung. Achat wird seit Tausenden von Jahren wegen seines attraktiven Aussehens und seiner gro\u00dfen Formenvielfalt f\u00fcr Schmuck und Dekoration verwendet.<\/p>\n<p>Gro\u00dfe Vorkommen gibt es in Brasilien, Uruguay, Indien, den Vereinigten Staaten und Madagaskar. Achat bildet sich in vulkanischem Gestein und ist h\u00e4ufig in Geoden zu finden. Seine chemische Formel lautet SiO\u2082, da er eine Form von Quarz ist. Achat hat eine H\u00e4rte von 6,5 bis 7 auf der Mohs-Skala.<\/p>\n<p><strong>Bekannte Varianten:<\/strong> Botswana-Achat, Crazy Lace Achat, Moosachat und Blumenachat sind einige beliebte und gefragte Arten, jede mit ihrer eigenen unverwechselbaren Zeichnung und F\u00e4rbung.<\/p>\n<p><small><strong>Quellen: <\/strong><br \/><a href=\"https:\/\/www.mindat.org\/min-51.html\" target=\"_blank\" rel=\"noopener\">Mindat.org<\/a>, <a href=\"https:\/\/www.gemdat.org\/gem-51.html\" target=\"_blank\" rel=\"noopener\">Gemdat.org<\/a>, <a href=\"https:\/\/en.wikipedia.org\/wiki\/Agate\" target=\"_blank\" rel=\"noopener\">Wikipedia - Achat<\/a><\/small><\/p>\n<\/p>","protected":false},"excerpt":{"rendered":"<p>Achat End on Standard aus Brasilien<\/p>","protected":false},"featured_media":63672,"template":"","meta":{"_acf_changed":false,"site-sidebar-layout":"default","site-content-layout":"","ast-site-content-layout":"default","site-content-style":"default","site-sidebar-style":"default","ast-global-header-display":"","ast-banner-title-visibility":"","ast-main-header-display":"","ast-hfb-above-header-display":"","ast-hfb-below-header-display":"","ast-hfb-mobile-header-display":"","site-post-title":"","ast-breadcrumbs-content":"","ast-featured-img":"","footer-sml-layout":"","theme-transparent-header-meta":"","adv-header-id-meta":"","stick-header-meta":"","header-above-stick-meta":"","header-main-stick-meta":"","header-below-stick-meta":"","astra-migrate-meta-layouts":"default","ast-page-background-enabled":"default","ast-page-background-meta":{"desktop":{"background-color":"var(--ast-global-color-4)","background-image":"","background-repeat":"repeat","background-position":"center center","background-size":"auto","background-attachment":"scroll","background-type":"","background-media":"","overlay-type":"","overlay-color":"","overlay-opacity":"","overlay-gradient":""},"tablet":{"background-color":"","background-image":"","background-repeat":"repeat","background-position":"center center","background-size":"auto","background-attachment":"scroll","background-type":"","background-media":"","overlay-type":"","overlay-color":"","overlay-opacity":"","overlay-gradient":""},"mobile":{"background-color":"","background-image":"","background-repeat":"repeat","background-position":"center center","background-size":"auto","background-attachment":"scroll","background-type":"","background-media":"","overlay-type":"","overlay-color":"","overlay-opacity":"","overlay-gradient":""}},"ast-content-background-meta":{"desktop":{"background-color":"var(--ast-global-color-5)","background-image":"","background-repeat":"repeat","background-position":"center center","background-size":"auto","background-attachment":"scroll","background-type":"","background-media":"","overlay-type":"","overlay-color":"","overlay-opacity":"","overlay-gradient":""},"tablet":{"background-color":"var(--ast-global-color-5)","background-image":"","background-repeat":"repeat","background-position":"center center","background-size":"auto","background-attachment":"scroll","background-type":"","background-media":"","overlay-type":"","overlay-color":"","overlay-opacity":"","overlay-gradient":""},"mobile":{"background-color":"var(--ast-global-color-5)","background-image":"","background-repeat":"repeat","background-position":"center center","background-size":"auto","background-attachment":"scroll","background-type":"","background-media":"","overlay-type":"","overlay-color":"","overlay-opacity":"","overlay-gradient":""}}},"soort":[],"product_brand":[],"product_cat":[1348,1052],"product_tag":[1137],"class_list":{"0":"post-63784","1":"product","2":"type-product","3":"status-publish","4":"has-post-thumbnail","6":"product_cat-unieke-producten","7":"product_cat-mineralen-op-standaard","8":"product_tag-uniek","9":"pa_herkomst-brazilie","10":"pa_maat-m","11":"pa_soort-agaat","12":"pa_verkoopeenheid-uniek","13":"pa_vorm-op-standaard","14":"desktop-align-center","15":"tablet-align-center","16":"mobile-align-center","17":"ast-product-gallery-layout-horizontal-slider","18":"ast-product-tabs-layout-horizontal","20":"first","21":"instock","22":"sold-individually","23":"taxable","24":"shipping-taxable","25":"product-type-simple"},"acf":[],"_links":{"self":[{"href":"https:\/\/www.ruschmineralen.nl\/de\/wp-json\/wp\/v2\/product\/63784","targetHints":{"allow":["GET"]}}],"collection":[{"href":"https:\/\/www.ruschmineralen.nl\/de\/wp-json\/wp\/v2\/product"}],"about":[{"href":"https:\/\/www.ruschmineralen.nl\/de\/wp-json\/wp\/v2\/types\/product"}],"wp:featuredmedia":[{"embeddable":true,"href":"https:\/\/www.ruschmineralen.nl\/de\/wp-json\/wp\/v2\/media\/63672"}],"wp:attachment":[{"href":"https:\/\/www.ruschmineralen.nl\/de\/wp-json\/wp\/v2\/media?parent=63784"}],"wp:term":[{"taxonomy":"soort","embeddable":true,"href":"https:\/\/www.ruschmineralen.nl\/de\/wp-json\/wp\/v2\/soort?post=63784"},{"taxonomy":"product_brand","embeddable":true,"href":"https:\/\/www.ruschmineralen.nl\/de\/wp-json\/wp\/v2\/product_brand?post=63784"},{"taxonomy":"product_cat","embeddable":true,"href":"https:\/\/www.ruschmineralen.nl\/de\/wp-json\/wp\/v2\/product_cat?post=63784"},{"taxonomy":"product_tag","embeddable":true,"href":"https:\/\/www.ruschmineralen.nl\/de\/wp-json\/wp\/v2\/product_tag?post=63784"}],"curies":[{"name":"wp","href":"https:\/\/api.w.org\/{rel}","templated":true}]}}