{"id":63918,"date":"2026-02-20T15:30:00","date_gmt":"2026-02-20T14:30:00","guid":{"rendered":"https:\/\/www.ruschmineralen.nl\/product\/21649-bergkristal-lamp-ruw\/"},"modified":"2026-04-13T14:55:53","modified_gmt":"2026-04-13T12:55:53","slug":"21649-bergkristall-lampe-grob","status":"publish","type":"product","link":"https:\/\/www.ruschmineralen.nl\/de\/produkt\/21649-bergkristall-lampe-grob\/","title":{"rendered":"Bergkristall-Lampe Raw"},"content":{"rendered":"<h2>Bergkristalllampe roh aus Brasilien<\/h2>\n<p>Die Lampe wird standardm\u00e4\u00dfig geliefert <b>einschlie\u00dflich<\/b> Halterung und Lichtquelle! Dies ist eine hochwertige e14-LED-Lampe mit einer Lichtleistung von 144lm, 1,3w (ersetzt 15w) und 2700k warmwei\u00dfem Licht.<h3>Rosenquarz<\/h3>\n<p><a href=\"https:\/\/www.ruschmineralen.nl\/de\/typ\/rosenquarz\/\" target=\"_blank\">Rosenquarz<\/a> ist die rosafarbene Variante des Quarzes, die ihre Farbe Spuren von Titan, Eisen oder Mangan oder mikroskopisch kleinen Fasern eines anderen Minerals verdankt. Die Farbe reicht von zartem Blassrosa bis zu intensivem Rosa und ist in der Regel durchscheinend bis undurchsichtig, mit einem glasartigen Glanz. Rosenquarz wird h\u00e4ufig f\u00fcr Schmuck und als dekorativer Stein verwendet.<\/p>\n<p>Gr\u00f6\u00dfere Vorkommen gibt es in Brasilien, Madagaskar, S\u00fcdafrika und den Vereinigten Staaten. Das Mineral kommt in Pegmatiten und hydrothermalen Adern vor. Seine chemische Formel lautet SiO\u2082 und seine H\u00e4rte betr\u00e4gt 7 auf der Mohs-Skala. Eine seltene Variante ist der Sternrosenquarz, der in geschliffenen Cabochons aufgrund von feinen Rutileinschl\u00fcssen Sternchen aufweisen kann.<\/p>\n<p><small><strong>Quellen: <\/strong><br \/><a href=\"https:\/\/www.mindat.org\/min-3456.html\" target=\"_blank\" rel=\"noopener\">Mindat.org<\/a>, <a href=\"https:\/\/www.gemdat.org\/gem-3456.html\" target=\"_blank\" rel=\"noopener\">Gemdat.org<\/a>, <a href=\"https:\/\/en.wikipedia.org\/wiki\/Quartz#Rose_quartz\" target=\"_blank\" rel=\"noopener\">Wikipedia - Rosenquarz<\/a><\/small><\/p>\n<\/p>","protected":false},"excerpt":{"rendered":"<p>Bergkristal Lamp Ruw uit Brazili\u00eb De lamp word standaard geleverd inclusief armatuur en lichtbron! Dit betreft een goede kwaliteit e14 ledlamp met een lichtopbrengst van 144lm, 1,3w (vervangt 15w) en 2700k warm wit licht.<\/p>","protected":false},"featured_media":63896,"template":"","meta":{"_acf_changed":false,"site-sidebar-layout":"default","site-content-layout":"","ast-site-content-layout":"default","site-content-style":"default","site-sidebar-style":"default","ast-global-header-display":"","ast-banner-title-visibility":"","ast-main-header-display":"","ast-hfb-above-header-display":"","ast-hfb-below-header-display":"","ast-hfb-mobile-header-display":"","site-post-title":"","ast-breadcrumbs-content":"","ast-featured-img":"","footer-sml-layout":"","theme-transparent-header-meta":"","adv-header-id-meta":"","stick-header-meta":"","header-above-stick-meta":"","header-main-stick-meta":"","header-below-stick-meta":"","astra-migrate-meta-layouts":"default","ast-page-background-enabled":"default","ast-page-background-meta":{"desktop":{"background-color":"var(--ast-global-color-4)","background-image":"","background-repeat":"repeat","background-position":"center center","background-size":"auto","background-attachment":"scroll","background-type":"","background-media":"","overlay-type":"","overlay-color":"","overlay-opacity":"","overlay-gradient":""},"tablet":{"background-color":"","background-image":"","background-repeat":"repeat","background-position":"center center","background-size":"auto","background-attachment":"scroll","background-type":"","background-media":"","overlay-type":"","overlay-color":"","overlay-opacity":"","overlay-gradient":""},"mobile":{"background-color":"","background-image":"","background-repeat":"repeat","background-position":"center center","background-size":"auto","background-attachment":"scroll","background-type":"","background-media":"","overlay-type":"","overlay-color":"","overlay-opacity":"","overlay-gradient":""}},"ast-content-background-meta":{"desktop":{"background-color":"var(--ast-global-color-5)","background-image":"","background-repeat":"repeat","background-position":"center center","background-size":"auto","background-attachment":"scroll","background-type":"","background-media":"","overlay-type":"","overlay-color":"","overlay-opacity":"","overlay-gradient":""},"tablet":{"background-color":"var(--ast-global-color-5)","background-image":"","background-repeat":"repeat","background-position":"center center","background-size":"auto","background-attachment":"scroll","background-type":"","background-media":"","overlay-type":"","overlay-color":"","overlay-opacity":"","overlay-gradient":""},"mobile":{"background-color":"var(--ast-global-color-5)","background-image":"","background-repeat":"repeat","background-position":"center center","background-size":"auto","background-attachment":"scroll","background-type":"","background-media":"","overlay-type":"","overlay-color":"","overlay-opacity":"","overlay-gradient":""}}},"soort":[],"product_brand":[],"product_cat":[1348,1059],"product_tag":[1137],"class_list":{"0":"post-63918","1":"product","2":"type-product","3":"status-publish","4":"has-post-thumbnail","6":"product_cat-unieke-producten","7":"product_cat-lampen","8":"product_tag-uniek","9":"pa_herkomst-brazilie","10":"pa_soort-bergkristal","11":"pa_verkoopeenheid-uniek","12":"pa_vorm-lamp","13":"pa_vorm-ruw","14":"desktop-align-center","15":"tablet-align-center","16":"mobile-align-center","17":"ast-product-gallery-layout-horizontal-slider","18":"ast-product-tabs-layout-horizontal","20":"first","21":"outofstock","22":"sold-individually","23":"taxable","24":"shipping-taxable","25":"product-type-simple"},"acf":[],"_links":{"self":[{"href":"https:\/\/www.ruschmineralen.nl\/de\/wp-json\/wp\/v2\/product\/63918","targetHints":{"allow":["GET"]}}],"collection":[{"href":"https:\/\/www.ruschmineralen.nl\/de\/wp-json\/wp\/v2\/product"}],"about":[{"href":"https:\/\/www.ruschmineralen.nl\/de\/wp-json\/wp\/v2\/types\/product"}],"wp:featuredmedia":[{"embeddable":true,"href":"https:\/\/www.ruschmineralen.nl\/de\/wp-json\/wp\/v2\/media\/63896"}],"wp:attachment":[{"href":"https:\/\/www.ruschmineralen.nl\/de\/wp-json\/wp\/v2\/media?parent=63918"}],"wp:term":[{"taxonomy":"soort","embeddable":true,"href":"https:\/\/www.ruschmineralen.nl\/de\/wp-json\/wp\/v2\/soort?post=63918"},{"taxonomy":"product_brand","embeddable":true,"href":"https:\/\/www.ruschmineralen.nl\/de\/wp-json\/wp\/v2\/product_brand?post=63918"},{"taxonomy":"product_cat","embeddable":true,"href":"https:\/\/www.ruschmineralen.nl\/de\/wp-json\/wp\/v2\/product_cat?post=63918"},{"taxonomy":"product_tag","embeddable":true,"href":"https:\/\/www.ruschmineralen.nl\/de\/wp-json\/wp\/v2\/product_tag?post=63918"}],"curies":[{"name":"wp","href":"https:\/\/api.w.org\/{rel}","templated":true}]}}