{"id":63933,"date":"2026-02-23T14:02:40","date_gmt":"2026-02-23T13:02:40","guid":{"rendered":"https:\/\/www.ruschmineralen.nl\/?post_type=product&#038;p=63933"},"modified":"2026-02-23T16:16:01","modified_gmt":"2026-02-23T15:16:01","slug":"21668-brochantiet-ruw-marokko","status":"publish","type":"product","link":"https:\/\/www.ruschmineralen.nl\/de\/produkt\/21668-brochantiet-ruw-marokko\/","title":{"rendered":"Brochantit Grob"},"content":{"rendered":"<h2>Brochantit Grob aus Marokko.<\/h2>\n<p data-start=\"117\" data-end=\"444\"><strong data-start=\"117\" data-end=\"132\">Brochantit<\/strong> ist ein kupferhaltiges Mineral, das in Gebieten entsteht, in denen Kupfer in der Erde vorkommt. Das Mineral f\u00e4llt sofort durch seine helle bis tiefgr\u00fcne Farbe auf, die auf den hohen Kupfergehalt zur\u00fcckzuf\u00fchren ist. Brochantit bildet sich in der Regel als feine nadelf\u00f6rmige Kristalle oder kleine Kristallb\u00fcndel auf Gestein.<\/p>\n<p data-start=\"446\" data-end=\"708\" data-is-last-node=\"\" data-is-only-node=\"\">Das Mineral ist relativ weich und wird daher haupts\u00e4chlich als Sammlerst\u00fcck gesch\u00e4tzt. Exemplare aus Marokko sind bekannt f\u00fcr ihre kr\u00e4ftige Farbe und ihre sch\u00f6nen Kristallstrukturen. Es ist ein besonderes Naturprodukt, das sowohl dekorativ als auch geologisch interessant ist.<\/p>","protected":false},"excerpt":{"rendered":"<p>Brochantiet Ruw uit Marokko. Brochantiet is een koperhoudend mineraal dat ontstaat in gebieden waar koper in de aarde aanwezig is. Het mineraal valt direct op door zijn heldere tot diepgroene kleur, die wordt veroorzaakt door het hoge kopergehalte. Brochantiet vormt zich meestal als fijne naaldvormige kristallen of kleine kristalbundels op gesteente. Het mineraal is relatief [&hellip;]<\/p>","protected":false},"featured_media":63938,"template":"","meta":{"_acf_changed":false,"site-sidebar-layout":"default","site-content-layout":"","ast-site-content-layout":"default","site-content-style":"default","site-sidebar-style":"default","ast-global-header-display":"","ast-banner-title-visibility":"","ast-main-header-display":"","ast-hfb-above-header-display":"","ast-hfb-below-header-display":"","ast-hfb-mobile-header-display":"","site-post-title":"","ast-breadcrumbs-content":"","ast-featured-img":"","footer-sml-layout":"","theme-transparent-header-meta":"default","adv-header-id-meta":"","stick-header-meta":"default","header-above-stick-meta":"","header-main-stick-meta":"","header-below-stick-meta":"","astra-migrate-meta-layouts":"set","ast-page-background-enabled":"default","ast-page-background-meta":{"desktop":{"background-color":"var(--ast-global-color-4)","background-image":"","background-repeat":"repeat","background-position":"center center","background-size":"auto","background-attachment":"scroll","background-type":"","background-media":"","overlay-type":"","overlay-color":"","overlay-opacity":"","overlay-gradient":""},"tablet":{"background-color":"","background-image":"","background-repeat":"repeat","background-position":"center center","background-size":"auto","background-attachment":"scroll","background-type":"","background-media":"","overlay-type":"","overlay-color":"","overlay-opacity":"","overlay-gradient":""},"mobile":{"background-color":"","background-image":"","background-repeat":"repeat","background-position":"center center","background-size":"auto","background-attachment":"scroll","background-type":"","background-media":"","overlay-type":"","overlay-color":"","overlay-opacity":"","overlay-gradient":""}},"ast-content-background-meta":{"desktop":{"background-color":"var(--ast-global-color-5)","background-image":"","background-repeat":"repeat","background-position":"center center","background-size":"auto","background-attachment":"scroll","background-type":"","background-media":"","overlay-type":"","overlay-color":"","overlay-opacity":"","overlay-gradient":""},"tablet":{"background-color":"var(--ast-global-color-5)","background-image":"","background-repeat":"repeat","background-position":"center center","background-size":"auto","background-attachment":"scroll","background-type":"","background-media":"","overlay-type":"","overlay-color":"","overlay-opacity":"","overlay-gradient":""},"mobile":{"background-color":"var(--ast-global-color-5)","background-image":"","background-repeat":"repeat","background-position":"center center","background-size":"auto","background-attachment":"scroll","background-type":"","background-media":"","overlay-type":"","overlay-color":"","overlay-opacity":"","overlay-gradient":""}}},"soort":[],"product_brand":[],"product_cat":[1348,1073],"product_tag":[1137],"class_list":{"0":"post-63933","1":"product","2":"type-product","3":"status-publish","4":"has-post-thumbnail","6":"product_cat-unieke-producten","7":"product_cat-gekristalliseerd","8":"product_tag-uniek","9":"pa_herkomst-marokko","10":"pa_soort-brochantiet","11":"pa_verkoopeenheid-uniek","12":"pa_vorm-ruw","13":"desktop-align-center","14":"tablet-align-center","15":"mobile-align-center","16":"ast-product-gallery-layout-horizontal-slider","17":"ast-product-tabs-layout-horizontal","19":"first","20":"instock","21":"sold-individually","22":"taxable","23":"shipping-taxable","24":"product-type-simple"},"acf":[],"_links":{"self":[{"href":"https:\/\/www.ruschmineralen.nl\/de\/wp-json\/wp\/v2\/product\/63933","targetHints":{"allow":["GET"]}}],"collection":[{"href":"https:\/\/www.ruschmineralen.nl\/de\/wp-json\/wp\/v2\/product"}],"about":[{"href":"https:\/\/www.ruschmineralen.nl\/de\/wp-json\/wp\/v2\/types\/product"}],"wp:featuredmedia":[{"embeddable":true,"href":"https:\/\/www.ruschmineralen.nl\/de\/wp-json\/wp\/v2\/media\/63938"}],"wp:attachment":[{"href":"https:\/\/www.ruschmineralen.nl\/de\/wp-json\/wp\/v2\/media?parent=63933"}],"wp:term":[{"taxonomy":"soort","embeddable":true,"href":"https:\/\/www.ruschmineralen.nl\/de\/wp-json\/wp\/v2\/soort?post=63933"},{"taxonomy":"product_brand","embeddable":true,"href":"https:\/\/www.ruschmineralen.nl\/de\/wp-json\/wp\/v2\/product_brand?post=63933"},{"taxonomy":"product_cat","embeddable":true,"href":"https:\/\/www.ruschmineralen.nl\/de\/wp-json\/wp\/v2\/product_cat?post=63933"},{"taxonomy":"product_tag","embeddable":true,"href":"https:\/\/www.ruschmineralen.nl\/de\/wp-json\/wp\/v2\/product_tag?post=63933"}],"curies":[{"name":"wp","href":"https:\/\/api.w.org\/{rel}","templated":true}]}}