{"id":63986,"date":"2026-02-23T16:53:21","date_gmt":"2026-02-23T15:53:21","guid":{"rendered":"https:\/\/www.ruschmineralen.nl\/?post_type=product&#038;p=63986"},"modified":"2026-02-23T16:57:06","modified_gmt":"2026-02-23T15:57:06","slug":"21667-blauer-schwerspat","status":"publish","type":"product","link":"https:\/\/www.ruschmineralen.nl\/de\/produkt\/21667-blauer-schwerspat\/","title":{"rendered":"Blauer Baryt"},"content":{"rendered":"<h2>Blauer Baryt aus Marokko.<\/h2>\n<p data-start=\"0\" data-end=\"356\"><strong data-start=\"0\" data-end=\"29\">Blauer Schwerspat aus Marokko<\/strong> ist ein Mineral, das sich durch seine helle bis zartblaue Farbe und ausgepr\u00e4gte Kristallformen auszeichnet. Die Kristalle wachsen langsam in der Erde, wo mineralhaltiges Wasser und nat\u00fcrlicher Druck ihre charakteristische Struktur und ihren Glanz erzeugen. Die Farbe kann von hellblau bis blaugrau reichen und verleiht jedem St\u00fcck ein unverwechselbares Aussehen.<\/p>\n<p data-start=\"358\" data-end=\"634\" data-is-last-node=\"\" data-is-only-node=\"\">Marokko ist ein wichtiges Vorkommen f\u00fcr hochwertigen Baryt. Die Exemplare aus diesem Gebiet sind f\u00fcr ihre sch\u00f6nen Kristalle und die nat\u00fcrliche Ausgewogenheit von Farbe und Form bekannt. Blauer Baryt zeigt gut, wie sorgf\u00e4ltig und kraftvoll sich Mineralien in der Natur entwickeln.<\/p>","protected":false},"excerpt":{"rendered":"<p>Blauwe Bariet uit Marokko. Blauwe bariet uit Marokko is een mineraal dat opvalt door zijn heldere tot zachtblauwe kleur en duidelijke kristalvormen. De kristallen groeien langzaam in de aarde, waar mineraalrijk water en natuurlijke druk zorgen voor hun kenmerkende structuur en glans. De kleur kan vari\u00ebren van lichtblauw tot blauwgrijs, wat elk stuk een eigen [&hellip;]<\/p>","protected":false},"featured_media":63988,"template":"","meta":{"_acf_changed":false,"site-sidebar-layout":"default","site-content-layout":"","ast-site-content-layout":"default","site-content-style":"default","site-sidebar-style":"default","ast-global-header-display":"","ast-banner-title-visibility":"","ast-main-header-display":"","ast-hfb-above-header-display":"","ast-hfb-below-header-display":"","ast-hfb-mobile-header-display":"","site-post-title":"","ast-breadcrumbs-content":"","ast-featured-img":"","footer-sml-layout":"","theme-transparent-header-meta":"default","adv-header-id-meta":"","stick-header-meta":"default","header-above-stick-meta":"","header-main-stick-meta":"","header-below-stick-meta":"","astra-migrate-meta-layouts":"set","ast-page-background-enabled":"default","ast-page-background-meta":{"desktop":{"background-color":"var(--ast-global-color-4)","background-image":"","background-repeat":"repeat","background-position":"center center","background-size":"auto","background-attachment":"scroll","background-type":"","background-media":"","overlay-type":"","overlay-color":"","overlay-opacity":"","overlay-gradient":""},"tablet":{"background-color":"","background-image":"","background-repeat":"repeat","background-position":"center center","background-size":"auto","background-attachment":"scroll","background-type":"","background-media":"","overlay-type":"","overlay-color":"","overlay-opacity":"","overlay-gradient":""},"mobile":{"background-color":"","background-image":"","background-repeat":"repeat","background-position":"center center","background-size":"auto","background-attachment":"scroll","background-type":"","background-media":"","overlay-type":"","overlay-color":"","overlay-opacity":"","overlay-gradient":""}},"ast-content-background-meta":{"desktop":{"background-color":"var(--ast-global-color-5)","background-image":"","background-repeat":"repeat","background-position":"center center","background-size":"auto","background-attachment":"scroll","background-type":"","background-media":"","overlay-type":"","overlay-color":"","overlay-opacity":"","overlay-gradient":""},"tablet":{"background-color":"var(--ast-global-color-5)","background-image":"","background-repeat":"repeat","background-position":"center center","background-size":"auto","background-attachment":"scroll","background-type":"","background-media":"","overlay-type":"","overlay-color":"","overlay-opacity":"","overlay-gradient":""},"mobile":{"background-color":"var(--ast-global-color-5)","background-image":"","background-repeat":"repeat","background-position":"center center","background-size":"auto","background-attachment":"scroll","background-type":"","background-media":"","overlay-type":"","overlay-color":"","overlay-opacity":"","overlay-gradient":""}}},"soort":[],"product_brand":[],"product_cat":[1348,1073],"product_tag":[1137],"class_list":{"0":"post-63986","1":"product","2":"type-product","3":"status-publish","4":"has-post-thumbnail","6":"product_cat-unieke-producten","7":"product_cat-gekristalliseerd","8":"product_tag-uniek","9":"pa_herkomst-marokko","10":"pa_soort-bariet","11":"pa_verkoopeenheid-uniek","12":"pa_vorm-ruw","13":"desktop-align-center","14":"tablet-align-center","15":"mobile-align-center","16":"ast-product-gallery-layout-horizontal-slider","17":"ast-product-tabs-layout-horizontal","19":"first","20":"instock","21":"sold-individually","22":"taxable","23":"shipping-taxable","24":"product-type-simple"},"acf":[],"_links":{"self":[{"href":"https:\/\/www.ruschmineralen.nl\/de\/wp-json\/wp\/v2\/product\/63986","targetHints":{"allow":["GET"]}}],"collection":[{"href":"https:\/\/www.ruschmineralen.nl\/de\/wp-json\/wp\/v2\/product"}],"about":[{"href":"https:\/\/www.ruschmineralen.nl\/de\/wp-json\/wp\/v2\/types\/product"}],"wp:featuredmedia":[{"embeddable":true,"href":"https:\/\/www.ruschmineralen.nl\/de\/wp-json\/wp\/v2\/media\/63988"}],"wp:attachment":[{"href":"https:\/\/www.ruschmineralen.nl\/de\/wp-json\/wp\/v2\/media?parent=63986"}],"wp:term":[{"taxonomy":"soort","embeddable":true,"href":"https:\/\/www.ruschmineralen.nl\/de\/wp-json\/wp\/v2\/soort?post=63986"},{"taxonomy":"product_brand","embeddable":true,"href":"https:\/\/www.ruschmineralen.nl\/de\/wp-json\/wp\/v2\/product_brand?post=63986"},{"taxonomy":"product_cat","embeddable":true,"href":"https:\/\/www.ruschmineralen.nl\/de\/wp-json\/wp\/v2\/product_cat?post=63986"},{"taxonomy":"product_tag","embeddable":true,"href":"https:\/\/www.ruschmineralen.nl\/de\/wp-json\/wp\/v2\/product_tag?post=63986"}],"curies":[{"name":"wp","href":"https:\/\/api.w.org\/{rel}","templated":true}]}}