{"id":64026,"date":"2026-02-24T10:51:14","date_gmt":"2026-02-24T09:51:14","guid":{"rendered":"https:\/\/www.ruschmineralen.nl\/?post_type=product&#038;p=64026"},"modified":"2026-02-24T11:43:17","modified_gmt":"2026-02-24T10:43:17","slug":"21988-fluorit-mit-quarz-grob","status":"publish","type":"product","link":"https:\/\/www.ruschmineralen.nl\/de\/produkt\/21988-fluorit-mit-quarz-grob\/","title":{"rendered":"Fluorit mit Quarz Grob"},"content":{"rendered":"<h2>Fluorit mit Quarz aus Marokko.<\/h2>\n<p data-start=\"0\" data-end=\"286\"><strong data-start=\"0\" data-end=\"23\">Fluorit mit Quarz<\/strong> ist eine sch\u00f6ne Kombination aus zwei bekannten Mineralien, die sich perfekt erg\u00e4nzen. Der Fluorit hat oft sanfte bis leuchtende Farben, wie Violett, Gr\u00fcn, Blau oder Gelb. Der Quarz ist meist klar oder leicht milchig und hat ein frisches, gl\u00e4nzendes Aussehen.<\/p>\n<p data-start=\"288\" data-end=\"583\">Fluorit w\u00e4chst meist in blockf\u00f6rmigen Kristallen, w\u00e4hrend Quarz an seinen spitzen Kristallen zu erkennen ist. Zusammen bilden sie ein nat\u00fcrliches und verspieltes Ganzes, das angenehm anzusehen ist. Diese Kombination kommt tief in der Erde vor, wo die Mineralien langsam neben- und \u00fcbereinander wachsen.<\/p>\n<p data-start=\"585\" data-end=\"793\" data-is-last-node=\"\" data-is-only-node=\"\">Fluorit mit Quarz ist wegen seiner Farbe und Form bei Sammlern sehr beliebt und wird auch h\u00e4ufig als Schmuckstein verwendet. Es ist eine nat\u00fcrliche Komposition, die Ruhe, Klarheit und Sch\u00f6nheit ausstrahlt.<\/p>","protected":false},"excerpt":{"rendered":"<p>Fluoriet met Kwarts uit Marokko. Fluoriet met Kwarts is een mooie combinatie van twee bekende mineralen die elkaar perfect aanvullen. De fluoriet heeft vaak zachte tot felle kleuren, zoals paars, groen, blauw of geel. Het kwarts is meestal helder of licht melkachtig en zorgt voor een frisse, glanzende uitstraling. De fluoriet groeit meestal in blokvormige [&hellip;]<\/p>","protected":false},"featured_media":64027,"template":"","meta":{"_acf_changed":false,"site-sidebar-layout":"default","site-content-layout":"","ast-site-content-layout":"default","site-content-style":"default","site-sidebar-style":"default","ast-global-header-display":"","ast-banner-title-visibility":"","ast-main-header-display":"","ast-hfb-above-header-display":"","ast-hfb-below-header-display":"","ast-hfb-mobile-header-display":"","site-post-title":"","ast-breadcrumbs-content":"","ast-featured-img":"","footer-sml-layout":"","theme-transparent-header-meta":"default","adv-header-id-meta":"","stick-header-meta":"default","header-above-stick-meta":"","header-main-stick-meta":"","header-below-stick-meta":"","astra-migrate-meta-layouts":"set","ast-page-background-enabled":"default","ast-page-background-meta":{"desktop":{"background-color":"var(--ast-global-color-4)","background-image":"","background-repeat":"repeat","background-position":"center center","background-size":"auto","background-attachment":"scroll","background-type":"","background-media":"","overlay-type":"","overlay-color":"","overlay-opacity":"","overlay-gradient":""},"tablet":{"background-color":"","background-image":"","background-repeat":"repeat","background-position":"center center","background-size":"auto","background-attachment":"scroll","background-type":"","background-media":"","overlay-type":"","overlay-color":"","overlay-opacity":"","overlay-gradient":""},"mobile":{"background-color":"","background-image":"","background-repeat":"repeat","background-position":"center center","background-size":"auto","background-attachment":"scroll","background-type":"","background-media":"","overlay-type":"","overlay-color":"","overlay-opacity":"","overlay-gradient":""}},"ast-content-background-meta":{"desktop":{"background-color":"var(--ast-global-color-5)","background-image":"","background-repeat":"repeat","background-position":"center center","background-size":"auto","background-attachment":"scroll","background-type":"","background-media":"","overlay-type":"","overlay-color":"","overlay-opacity":"","overlay-gradient":""},"tablet":{"background-color":"var(--ast-global-color-5)","background-image":"","background-repeat":"repeat","background-position":"center center","background-size":"auto","background-attachment":"scroll","background-type":"","background-media":"","overlay-type":"","overlay-color":"","overlay-opacity":"","overlay-gradient":""},"mobile":{"background-color":"var(--ast-global-color-5)","background-image":"","background-repeat":"repeat","background-position":"center center","background-size":"auto","background-attachment":"scroll","background-type":"","background-media":"","overlay-type":"","overlay-color":"","overlay-opacity":"","overlay-gradient":""}}},"soort":[],"product_brand":[],"product_cat":[1348,1073],"product_tag":[1137],"class_list":{"0":"post-64026","1":"product","2":"type-product","3":"status-publish","4":"has-post-thumbnail","6":"product_cat-unieke-producten","7":"product_cat-gekristalliseerd","8":"product_tag-uniek","9":"pa_herkomst-marokko","10":"pa_soort-fluoriet","11":"pa_soort-kwarts","12":"pa_verkoopeenheid-uniek","13":"pa_vorm-ruw","14":"desktop-align-center","15":"tablet-align-center","16":"mobile-align-center","17":"ast-product-gallery-layout-horizontal-slider","18":"ast-product-tabs-layout-horizontal","20":"first","21":"instock","22":"sold-individually","23":"taxable","24":"shipping-taxable","25":"product-type-simple"},"acf":[],"_links":{"self":[{"href":"https:\/\/www.ruschmineralen.nl\/de\/wp-json\/wp\/v2\/product\/64026","targetHints":{"allow":["GET"]}}],"collection":[{"href":"https:\/\/www.ruschmineralen.nl\/de\/wp-json\/wp\/v2\/product"}],"about":[{"href":"https:\/\/www.ruschmineralen.nl\/de\/wp-json\/wp\/v2\/types\/product"}],"wp:featuredmedia":[{"embeddable":true,"href":"https:\/\/www.ruschmineralen.nl\/de\/wp-json\/wp\/v2\/media\/64027"}],"wp:attachment":[{"href":"https:\/\/www.ruschmineralen.nl\/de\/wp-json\/wp\/v2\/media?parent=64026"}],"wp:term":[{"taxonomy":"soort","embeddable":true,"href":"https:\/\/www.ruschmineralen.nl\/de\/wp-json\/wp\/v2\/soort?post=64026"},{"taxonomy":"product_brand","embeddable":true,"href":"https:\/\/www.ruschmineralen.nl\/de\/wp-json\/wp\/v2\/product_brand?post=64026"},{"taxonomy":"product_cat","embeddable":true,"href":"https:\/\/www.ruschmineralen.nl\/de\/wp-json\/wp\/v2\/product_cat?post=64026"},{"taxonomy":"product_tag","embeddable":true,"href":"https:\/\/www.ruschmineralen.nl\/de\/wp-json\/wp\/v2\/product_tag?post=64026"}],"curies":[{"name":"wp","href":"https:\/\/api.w.org\/{rel}","templated":true}]}}