{"id":64098,"date":"2026-02-24T12:42:16","date_gmt":"2026-02-24T11:42:16","guid":{"rendered":"https:\/\/www.ruschmineralen.nl\/?post_type=product&#038;p=64098"},"modified":"2026-02-24T12:53:12","modified_gmt":"2026-02-24T11:53:12","slug":"21693-blauer-kyanit-grob","status":"publish","type":"product","link":"https:\/\/www.ruschmineralen.nl\/de\/produkt\/21693-blauer-kyanit-grob\/","title":{"rendered":"Blauer Kyanit grob"},"content":{"rendered":"<h2>Blauer Kyanit in Rohform aus Brasilien.<\/h2>\n<p data-start=\"42\" data-end=\"342\"><strong data-start=\"42\" data-end=\"60\">Blauer Kyanit<\/strong> ist ein besonderes Mineral, das durch seine tiefblaue bis silbrig-blaue Farbe und seinen weichen, seidigen Glanz sofort ins Auge f\u00e4llt. Die Kristalle haben in der Regel eine l\u00e4ngliche, flache Form und wachsen oft in F\u00e4chern oder B\u00fcndeln, was dem Mineral ein elegantes und nat\u00fcrliches Aussehen verleiht.<\/p>\n<p data-start=\"344\" data-end=\"572\">Blauer Kyanit bildet sich in metamorphem Gestein unter hohem Druck und kommt meist in Kombination mit anderen Mineralien wie Quarz und Glimmer vor. Seine charakteristische Form und seine intensive Farbe machen jeden Stein einzigartig und unverwechselbar.<\/p>","protected":false},"excerpt":{"rendered":"<p>Blauwe Kyaniet Ruw uit Brazil\u00efe. Blauwe Kyaniet is een bijzonder mineraal dat direct opvalt door zijn diepe blauw- tot zilverblauwe kleur en zachte, zijdeachtige glans. De kristallen hebben meestal een langwerpige, platte vorm en groeien vaak in waaiers of bundels, wat het mineraal een elegante en natuurlijke uitstraling geeft. Blauwe kyaniet ontstaat in metamorfe gesteenten [&hellip;]<\/p>","protected":false},"featured_media":64099,"template":"","meta":{"_acf_changed":false,"site-sidebar-layout":"default","site-content-layout":"","ast-site-content-layout":"default","site-content-style":"default","site-sidebar-style":"default","ast-global-header-display":"","ast-banner-title-visibility":"","ast-main-header-display":"","ast-hfb-above-header-display":"","ast-hfb-below-header-display":"","ast-hfb-mobile-header-display":"","site-post-title":"","ast-breadcrumbs-content":"","ast-featured-img":"","footer-sml-layout":"","theme-transparent-header-meta":"default","adv-header-id-meta":"","stick-header-meta":"default","header-above-stick-meta":"","header-main-stick-meta":"","header-below-stick-meta":"","astra-migrate-meta-layouts":"set","ast-page-background-enabled":"default","ast-page-background-meta":{"desktop":{"background-color":"var(--ast-global-color-4)","background-image":"","background-repeat":"repeat","background-position":"center center","background-size":"auto","background-attachment":"scroll","background-type":"","background-media":"","overlay-type":"","overlay-color":"","overlay-opacity":"","overlay-gradient":""},"tablet":{"background-color":"","background-image":"","background-repeat":"repeat","background-position":"center center","background-size":"auto","background-attachment":"scroll","background-type":"","background-media":"","overlay-type":"","overlay-color":"","overlay-opacity":"","overlay-gradient":""},"mobile":{"background-color":"","background-image":"","background-repeat":"repeat","background-position":"center center","background-size":"auto","background-attachment":"scroll","background-type":"","background-media":"","overlay-type":"","overlay-color":"","overlay-opacity":"","overlay-gradient":""}},"ast-content-background-meta":{"desktop":{"background-color":"var(--ast-global-color-5)","background-image":"","background-repeat":"repeat","background-position":"center center","background-size":"auto","background-attachment":"scroll","background-type":"","background-media":"","overlay-type":"","overlay-color":"","overlay-opacity":"","overlay-gradient":""},"tablet":{"background-color":"var(--ast-global-color-5)","background-image":"","background-repeat":"repeat","background-position":"center center","background-size":"auto","background-attachment":"scroll","background-type":"","background-media":"","overlay-type":"","overlay-color":"","overlay-opacity":"","overlay-gradient":""},"mobile":{"background-color":"var(--ast-global-color-5)","background-image":"","background-repeat":"repeat","background-position":"center center","background-size":"auto","background-attachment":"scroll","background-type":"","background-media":"","overlay-type":"","overlay-color":"","overlay-opacity":"","overlay-gradient":""}}},"soort":[],"product_brand":[],"product_cat":[1348,1073],"product_tag":[1137],"class_list":{"0":"post-64098","1":"product","2":"type-product","3":"status-publish","4":"has-post-thumbnail","6":"product_cat-unieke-producten","7":"product_cat-gekristalliseerd","8":"product_tag-uniek","9":"pa_herkomst-brazilie","10":"pa_soort-blauwe-kyaniet","11":"pa_verkoopeenheid-uniek","12":"pa_vorm-ruw","13":"desktop-align-center","14":"tablet-align-center","15":"mobile-align-center","16":"ast-product-gallery-layout-horizontal-slider","17":"ast-product-tabs-layout-horizontal","19":"first","20":"instock","21":"sold-individually","22":"taxable","23":"shipping-taxable","24":"product-type-simple"},"acf":[],"_links":{"self":[{"href":"https:\/\/www.ruschmineralen.nl\/de\/wp-json\/wp\/v2\/product\/64098","targetHints":{"allow":["GET"]}}],"collection":[{"href":"https:\/\/www.ruschmineralen.nl\/de\/wp-json\/wp\/v2\/product"}],"about":[{"href":"https:\/\/www.ruschmineralen.nl\/de\/wp-json\/wp\/v2\/types\/product"}],"wp:featuredmedia":[{"embeddable":true,"href":"https:\/\/www.ruschmineralen.nl\/de\/wp-json\/wp\/v2\/media\/64099"}],"wp:attachment":[{"href":"https:\/\/www.ruschmineralen.nl\/de\/wp-json\/wp\/v2\/media?parent=64098"}],"wp:term":[{"taxonomy":"soort","embeddable":true,"href":"https:\/\/www.ruschmineralen.nl\/de\/wp-json\/wp\/v2\/soort?post=64098"},{"taxonomy":"product_brand","embeddable":true,"href":"https:\/\/www.ruschmineralen.nl\/de\/wp-json\/wp\/v2\/product_brand?post=64098"},{"taxonomy":"product_cat","embeddable":true,"href":"https:\/\/www.ruschmineralen.nl\/de\/wp-json\/wp\/v2\/product_cat?post=64098"},{"taxonomy":"product_tag","embeddable":true,"href":"https:\/\/www.ruschmineralen.nl\/de\/wp-json\/wp\/v2\/product_tag?post=64098"}],"curies":[{"name":"wp","href":"https:\/\/api.w.org\/{rel}","templated":true}]}}