{"id":64136,"date":"2026-02-26T09:14:22","date_gmt":"2026-02-26T08:14:22","guid":{"rendered":"https:\/\/www.ruschmineralen.nl\/?post_type=product&#038;p=64136"},"modified":"2026-03-03T11:40:19","modified_gmt":"2026-03-03T10:40:19","slug":"21698-manganit-mit-quarz","status":"publish","type":"product","link":"https:\/\/www.ruschmineralen.nl\/de\/produkt\/21698-manganit-mit-quarz\/","title":{"rendered":"Manganit mit Quarz"},"content":{"rendered":"<h2>Manganit mit Quarz aus Marokko<\/h2>\n<h3>Manganit<\/h3>\n<p><a href=\"https:\/\/www.ruschmineralen.nl\/de\/typ\/manganit\/\" target=\"_blank\">Manganit<\/a> ist ein Mineral, das zu den Oxiden und Hydroxiden des Mangans geh\u00f6rt. Es kommt gew\u00f6hnlich in Form von dunklen, gl\u00e4nzenden Prismen oder nadelartigen Kristallen mit metallischem bis submetallischem Glanz vor. Seine Farbe reicht von stahlgrau bis schwarz, und in Pulverform weist es eine braun-schwarze T\u00f6nung auf.<\/p>\n<p>Manganit bildet sich in der Regel in hydrothermalen Lagerst\u00e4tten und in den Oxidationszonen von manganhaltigen Erzen. Gro\u00dfe Vorkommen gibt es in Deutschland, S\u00fcdafrika, Brasilien und Ghana. Seine chemische Formel lautet MnO(OH), und seine H\u00e4rte liegt zwischen 4 und 4,5 auf der Mohs-Skala.<\/p>\n<p><small><strong>Quellen: <\/strong><br \/><a href=\"https:\/\/www.mindat.org\/min-2519.html\" target=\"_blank\" rel=\"noopener\">Mindat.org<\/a>, <a href=\"https:\/\/en.wikipedia.org\/wiki\/Manganite\" target=\"_blank\" rel=\"noopener\">Wikipedia - Manganit<\/a><\/small><\/p>","protected":false},"excerpt":{"rendered":"<p>Manganit mit Quarz aus Marokko<\/p>","protected":false},"featured_media":64137,"template":"","meta":{"_acf_changed":false,"site-sidebar-layout":"default","site-content-layout":"","ast-site-content-layout":"default","site-content-style":"default","site-sidebar-style":"default","ast-global-header-display":"","ast-banner-title-visibility":"","ast-main-header-display":"","ast-hfb-above-header-display":"","ast-hfb-below-header-display":"","ast-hfb-mobile-header-display":"","site-post-title":"","ast-breadcrumbs-content":"","ast-featured-img":"","footer-sml-layout":"","theme-transparent-header-meta":"default","adv-header-id-meta":"","stick-header-meta":"default","header-above-stick-meta":"","header-main-stick-meta":"","header-below-stick-meta":"","astra-migrate-meta-layouts":"set","ast-page-background-enabled":"default","ast-page-background-meta":{"desktop":{"background-color":"var(--ast-global-color-4)","background-image":"","background-repeat":"repeat","background-position":"center center","background-size":"auto","background-attachment":"scroll","background-type":"","background-media":"","overlay-type":"","overlay-color":"","overlay-opacity":"","overlay-gradient":""},"tablet":{"background-color":"","background-image":"","background-repeat":"repeat","background-position":"center center","background-size":"auto","background-attachment":"scroll","background-type":"","background-media":"","overlay-type":"","overlay-color":"","overlay-opacity":"","overlay-gradient":""},"mobile":{"background-color":"","background-image":"","background-repeat":"repeat","background-position":"center center","background-size":"auto","background-attachment":"scroll","background-type":"","background-media":"","overlay-type":"","overlay-color":"","overlay-opacity":"","overlay-gradient":""}},"ast-content-background-meta":{"desktop":{"background-color":"var(--ast-global-color-5)","background-image":"","background-repeat":"repeat","background-position":"center center","background-size":"auto","background-attachment":"scroll","background-type":"","background-media":"","overlay-type":"","overlay-color":"","overlay-opacity":"","overlay-gradient":""},"tablet":{"background-color":"var(--ast-global-color-5)","background-image":"","background-repeat":"repeat","background-position":"center center","background-size":"auto","background-attachment":"scroll","background-type":"","background-media":"","overlay-type":"","overlay-color":"","overlay-opacity":"","overlay-gradient":""},"mobile":{"background-color":"var(--ast-global-color-5)","background-image":"","background-repeat":"repeat","background-position":"center center","background-size":"auto","background-attachment":"scroll","background-type":"","background-media":"","overlay-type":"","overlay-color":"","overlay-opacity":"","overlay-gradient":""}}},"soort":[],"product_brand":[],"product_cat":[1348,1073],"product_tag":[1137],"class_list":{"0":"post-64136","1":"product","2":"type-product","3":"status-publish","4":"has-post-thumbnail","6":"product_cat-unieke-producten","7":"product_cat-gekristalliseerd","8":"product_tag-uniek","9":"pa_herkomst-marokko","10":"pa_soort-kwarts","11":"pa_soort-manganiet","12":"pa_verkoopeenheid-uniek","13":"pa_vorm-gekristalliseerd","14":"pa_vorm-ruw","15":"desktop-align-center","16":"tablet-align-center","17":"mobile-align-center","18":"ast-product-gallery-layout-horizontal-slider","19":"ast-product-tabs-layout-horizontal","21":"first","22":"instock","23":"sold-individually","24":"taxable","25":"shipping-taxable","26":"product-type-simple"},"acf":[],"_links":{"self":[{"href":"https:\/\/www.ruschmineralen.nl\/de\/wp-json\/wp\/v2\/product\/64136","targetHints":{"allow":["GET"]}}],"collection":[{"href":"https:\/\/www.ruschmineralen.nl\/de\/wp-json\/wp\/v2\/product"}],"about":[{"href":"https:\/\/www.ruschmineralen.nl\/de\/wp-json\/wp\/v2\/types\/product"}],"wp:featuredmedia":[{"embeddable":true,"href":"https:\/\/www.ruschmineralen.nl\/de\/wp-json\/wp\/v2\/media\/64137"}],"wp:attachment":[{"href":"https:\/\/www.ruschmineralen.nl\/de\/wp-json\/wp\/v2\/media?parent=64136"}],"wp:term":[{"taxonomy":"soort","embeddable":true,"href":"https:\/\/www.ruschmineralen.nl\/de\/wp-json\/wp\/v2\/soort?post=64136"},{"taxonomy":"product_brand","embeddable":true,"href":"https:\/\/www.ruschmineralen.nl\/de\/wp-json\/wp\/v2\/product_brand?post=64136"},{"taxonomy":"product_cat","embeddable":true,"href":"https:\/\/www.ruschmineralen.nl\/de\/wp-json\/wp\/v2\/product_cat?post=64136"},{"taxonomy":"product_tag","embeddable":true,"href":"https:\/\/www.ruschmineralen.nl\/de\/wp-json\/wp\/v2\/product_tag?post=64136"}],"curies":[{"name":"wp","href":"https:\/\/api.w.org\/{rel}","templated":true}]}}