{"id":64415,"date":"2026-02-27T11:09:00","date_gmt":"2026-02-27T10:09:00","guid":{"rendered":"https:\/\/www.ruschmineralen.nl\/?post_type=product&#038;p=64415"},"modified":"2026-03-16T16:40:43","modified_gmt":"2026-03-16T15:40:43","slug":"21660-grune-quarzlampe","status":"publish","type":"product","link":"https:\/\/www.ruschmineralen.nl\/de\/produkt\/21660-grune-quarzlampe\/","title":{"rendered":"Gr\u00fcner Quarz Lampe | Roh"},"content":{"rendered":"<h2>Gr\u00fcne Quarzlampe aus Brasilien<\/h2>\n<p>Die Lampe wird standardm\u00e4\u00dfig geliefert <b>einschlie\u00dflich<\/b> Halterung und Lichtquelle! Dies ist eine hochwertige e14-LED-Lampe mit einer Lichtleistung von 144lm, 1,3w (ersetzt 15w) und 2700k warmwei\u00dfem Licht.<h3>Quarz<\/h3>\n<p><a href=\"https:\/\/www.ruschmineralen.nl\/de\/typ\/quarz\/\" target=\"_blank\">Quarz<\/a> ist eines der h\u00e4ufigsten und vielseitigsten Mineralien der Erde. Er kommt in einer Vielzahl von Formen und Farben vor, von klarem Bergkristall bis hin zu Rosenquarz, Rauchquarz und Amethyst. Quarz besteht aus Siliziumdioxid und kommt sowohl in magmatischem, metamorphem als auch in sediment\u00e4rem Gestein vor.<\/p>\n<p>Gro\u00dfe Vorkommen gibt es in Brasilien, Madagaskar, Indien, der Schweiz und den Vereinigten Staaten. Seine chemische Formel lautet SiO\u2082, und das Mineral hat eine H\u00e4rte von 7 auf der Mohs-Skala.<\/p>\n<p>Bekannte Sorten sind Bergkristall (farblos), Amethyst (violett), Rosenquarz (rosa), Rauchquarz (grau bis braun) und Citrin (gelb bis orange).<\/p>\n<p><small><strong>Quellen: <\/strong><br \/><a href=\"https:\/\/www.mindat.org\/min-3337.html\" target=\"_blank\" rel=\"noopener\">Mindat.org<\/a>, <a href=\"https:\/\/www.gemdat.org\/gem-3337.html\" target=\"_blank\" rel=\"noopener\">Gemdat.org<\/a>, <a href=\"https:\/\/en.wikipedia.org\/wiki\/Quartz\" target=\"_blank\" rel=\"noopener\">Wikipedia - Quarz<\/a><\/small><\/p>\n<\/p>","protected":false},"excerpt":{"rendered":"<p>Groene Kwarts Lamp uit Brazili\u00eb De lamp word standaard geleverd inclusief armatuur en lichtbron! Dit betreft een goede kwaliteit e14 ledlamp met een lichtopbrengst van 144lm, 1,3w (vervangt 15w) en 2700k warm wit licht.<\/p>","protected":false},"featured_media":64394,"template":"","meta":{"_acf_changed":false,"site-sidebar-layout":"default","site-content-layout":"","ast-site-content-layout":"default","site-content-style":"default","site-sidebar-style":"default","ast-global-header-display":"","ast-banner-title-visibility":"","ast-main-header-display":"","ast-hfb-above-header-display":"","ast-hfb-below-header-display":"","ast-hfb-mobile-header-display":"","site-post-title":"","ast-breadcrumbs-content":"","ast-featured-img":"","footer-sml-layout":"","theme-transparent-header-meta":"","adv-header-id-meta":"","stick-header-meta":"","header-above-stick-meta":"","header-main-stick-meta":"","header-below-stick-meta":"","astra-migrate-meta-layouts":"default","ast-page-background-enabled":"default","ast-page-background-meta":{"desktop":{"background-color":"var(--ast-global-color-4)","background-image":"","background-repeat":"repeat","background-position":"center center","background-size":"auto","background-attachment":"scroll","background-type":"","background-media":"","overlay-type":"","overlay-color":"","overlay-opacity":"","overlay-gradient":""},"tablet":{"background-color":"","background-image":"","background-repeat":"repeat","background-position":"center center","background-size":"auto","background-attachment":"scroll","background-type":"","background-media":"","overlay-type":"","overlay-color":"","overlay-opacity":"","overlay-gradient":""},"mobile":{"background-color":"","background-image":"","background-repeat":"repeat","background-position":"center center","background-size":"auto","background-attachment":"scroll","background-type":"","background-media":"","overlay-type":"","overlay-color":"","overlay-opacity":"","overlay-gradient":""}},"ast-content-background-meta":{"desktop":{"background-color":"var(--ast-global-color-5)","background-image":"","background-repeat":"repeat","background-position":"center center","background-size":"auto","background-attachment":"scroll","background-type":"","background-media":"","overlay-type":"","overlay-color":"","overlay-opacity":"","overlay-gradient":""},"tablet":{"background-color":"var(--ast-global-color-5)","background-image":"","background-repeat":"repeat","background-position":"center center","background-size":"auto","background-attachment":"scroll","background-type":"","background-media":"","overlay-type":"","overlay-color":"","overlay-opacity":"","overlay-gradient":""},"mobile":{"background-color":"var(--ast-global-color-5)","background-image":"","background-repeat":"repeat","background-position":"center center","background-size":"auto","background-attachment":"scroll","background-type":"","background-media":"","overlay-type":"","overlay-color":"","overlay-opacity":"","overlay-gradient":""}}},"soort":[],"product_brand":[],"product_cat":[1348,1059],"product_tag":[1137],"class_list":{"0":"post-64415","1":"product","2":"type-product","3":"status-publish","4":"has-post-thumbnail","6":"product_cat-unieke-producten","7":"product_cat-lampen","8":"product_tag-uniek","9":"pa_herkomst-brazilie","10":"pa_soort-groene-kwarts","11":"pa_soort-kwarts","12":"pa_verkoopeenheid-uniek","13":"pa_vorm-lamp","14":"desktop-align-center","15":"tablet-align-center","16":"mobile-align-center","17":"ast-product-gallery-layout-horizontal-slider","18":"ast-product-tabs-layout-horizontal","20":"first","21":"instock","22":"sold-individually","23":"taxable","24":"shipping-taxable","25":"product-type-simple"},"acf":[],"_links":{"self":[{"href":"https:\/\/www.ruschmineralen.nl\/de\/wp-json\/wp\/v2\/product\/64415","targetHints":{"allow":["GET"]}}],"collection":[{"href":"https:\/\/www.ruschmineralen.nl\/de\/wp-json\/wp\/v2\/product"}],"about":[{"href":"https:\/\/www.ruschmineralen.nl\/de\/wp-json\/wp\/v2\/types\/product"}],"wp:featuredmedia":[{"embeddable":true,"href":"https:\/\/www.ruschmineralen.nl\/de\/wp-json\/wp\/v2\/media\/64394"}],"wp:attachment":[{"href":"https:\/\/www.ruschmineralen.nl\/de\/wp-json\/wp\/v2\/media?parent=64415"}],"wp:term":[{"taxonomy":"soort","embeddable":true,"href":"https:\/\/www.ruschmineralen.nl\/de\/wp-json\/wp\/v2\/soort?post=64415"},{"taxonomy":"product_brand","embeddable":true,"href":"https:\/\/www.ruschmineralen.nl\/de\/wp-json\/wp\/v2\/product_brand?post=64415"},{"taxonomy":"product_cat","embeddable":true,"href":"https:\/\/www.ruschmineralen.nl\/de\/wp-json\/wp\/v2\/product_cat?post=64415"},{"taxonomy":"product_tag","embeddable":true,"href":"https:\/\/www.ruschmineralen.nl\/de\/wp-json\/wp\/v2\/product_tag?post=64415"}],"curies":[{"name":"wp","href":"https:\/\/api.w.org\/{rel}","templated":true}]}}