{"id":64644,"date":"2026-03-05T14:07:39","date_gmt":"2026-03-05T13:07:39","guid":{"rendered":"https:\/\/www.ruschmineralen.nl\/?post_type=product&#038;p=64644"},"modified":"2026-03-13T11:46:20","modified_gmt":"2026-03-13T10:46:20","slug":"21755-lepidolith-skulptur","status":"publish","type":"product","link":"https:\/\/www.ruschmineralen.nl\/de\/produkt\/21755-lepidolith-skulptur\/","title":{"rendered":"Lepidolith-Skulptur"},"content":{"rendered":"<h2>Lepidolith-Skulptur aus Madagaskar<\/h2>\n<h3>Lepidolith<\/h3>\n<p><a href=\"https:\/\/www.ruschmineralen.nl\/de\/typ\/lepidolith\/\" target=\"_blank\">Lepidolith<\/a> ist ein violett bis rosa schimmernder Glimmer, der reich an Lithium ist. Das Mineral findet sich h\u00e4ufig in Pegmatiten zusammen mit anderen lithiumhaltigen Mineralien wie Turmalin und Spodumen. Lepidolith hat einen charakteristischen Glanz und eine flockige Textur, die typisch f\u00fcr Glimmer sind.<\/p>\n<p>Gr\u00f6\u00dfere Vorkommen gibt es in Brasilien, Simbabwe, den Vereinigten Staaten und der Tschechischen Republik. Seine chemische Formel lautet K(Li,Al)\u2083(Si,Al)\u2084O\u2081\u2080(F,OH)\u2082. Die H\u00e4rte liegt zwischen 2,5 und 4 auf der Mohs-Skala.<\/p>\n<p>Bekannte Variet\u00e4ten sind violetter Lepidolith und rosa Lepidolith, je nach Farbintensit\u00e4t und Einschl\u00fcssen.<\/p>\n<p><small><strong>Quellen: <\/strong><br \/><a href=\"https:\/\/www.mindat.org\/min-2380.html\" target=\"_blank\" rel=\"noopener\">Mindat.org<\/a>, <a href=\"https:\/\/www.gemdat.org\/gem-2380.html\" target=\"_blank\" rel=\"noopener\">Gemdat.org<\/a>, <a href=\"https:\/\/en.wikipedia.org\/wiki\/Lepidolite\" target=\"_blank\" rel=\"noopener\">Wikipedia - Lepidolith<\/a><\/small><\/p>","protected":false},"excerpt":{"rendered":"<p>Lepidolith-Skulptur aus Madagaskar<\/p>","protected":false},"featured_media":64645,"template":"","meta":{"_acf_changed":false,"site-sidebar-layout":"default","site-content-layout":"","ast-site-content-layout":"default","site-content-style":"default","site-sidebar-style":"default","ast-global-header-display":"","ast-banner-title-visibility":"","ast-main-header-display":"","ast-hfb-above-header-display":"","ast-hfb-below-header-display":"","ast-hfb-mobile-header-display":"","site-post-title":"","ast-breadcrumbs-content":"","ast-featured-img":"","footer-sml-layout":"","theme-transparent-header-meta":"","adv-header-id-meta":"","stick-header-meta":"","header-above-stick-meta":"","header-main-stick-meta":"","header-below-stick-meta":"","astra-migrate-meta-layouts":"default","ast-page-background-enabled":"default","ast-page-background-meta":{"desktop":{"background-color":"var(--ast-global-color-4)","background-image":"","background-repeat":"repeat","background-position":"center center","background-size":"auto","background-attachment":"scroll","background-type":"","background-media":"","overlay-type":"","overlay-color":"","overlay-opacity":"","overlay-gradient":""},"tablet":{"background-color":"","background-image":"","background-repeat":"repeat","background-position":"center center","background-size":"auto","background-attachment":"scroll","background-type":"","background-media":"","overlay-type":"","overlay-color":"","overlay-opacity":"","overlay-gradient":""},"mobile":{"background-color":"","background-image":"","background-repeat":"repeat","background-position":"center center","background-size":"auto","background-attachment":"scroll","background-type":"","background-media":"","overlay-type":"","overlay-color":"","overlay-opacity":"","overlay-gradient":""}},"ast-content-background-meta":{"desktop":{"background-color":"var(--ast-global-color-5)","background-image":"","background-repeat":"repeat","background-position":"center center","background-size":"auto","background-attachment":"scroll","background-type":"","background-media":"","overlay-type":"","overlay-color":"","overlay-opacity":"","overlay-gradient":""},"tablet":{"background-color":"var(--ast-global-color-5)","background-image":"","background-repeat":"repeat","background-position":"center center","background-size":"auto","background-attachment":"scroll","background-type":"","background-media":"","overlay-type":"","overlay-color":"","overlay-opacity":"","overlay-gradient":""},"mobile":{"background-color":"var(--ast-global-color-5)","background-image":"","background-repeat":"repeat","background-position":"center center","background-size":"auto","background-attachment":"scroll","background-type":"","background-media":"","overlay-type":"","overlay-color":"","overlay-opacity":"","overlay-gradient":""}}},"soort":[],"product_brand":[],"product_cat":[1348,3003],"product_tag":[1137],"class_list":{"0":"post-64644","1":"product","2":"type-product","3":"status-publish","4":"has-post-thumbnail","6":"product_cat-unieke-producten","7":"product_cat-sculpturen-per-stuk","8":"product_tag-uniek","9":"pa_herkomst-madagaskar","10":"pa_soort-lepidoliet","11":"pa_verkoopeenheid-uniek","12":"pa_vorm-sculptuur","13":"desktop-align-center","14":"tablet-align-center","15":"mobile-align-center","16":"ast-product-gallery-layout-horizontal-slider","17":"ast-product-tabs-layout-horizontal","19":"first","20":"instock","21":"sold-individually","22":"taxable","23":"shipping-taxable","24":"product-type-simple"},"acf":[],"_links":{"self":[{"href":"https:\/\/www.ruschmineralen.nl\/de\/wp-json\/wp\/v2\/product\/64644","targetHints":{"allow":["GET"]}}],"collection":[{"href":"https:\/\/www.ruschmineralen.nl\/de\/wp-json\/wp\/v2\/product"}],"about":[{"href":"https:\/\/www.ruschmineralen.nl\/de\/wp-json\/wp\/v2\/types\/product"}],"wp:featuredmedia":[{"embeddable":true,"href":"https:\/\/www.ruschmineralen.nl\/de\/wp-json\/wp\/v2\/media\/64645"}],"wp:attachment":[{"href":"https:\/\/www.ruschmineralen.nl\/de\/wp-json\/wp\/v2\/media?parent=64644"}],"wp:term":[{"taxonomy":"soort","embeddable":true,"href":"https:\/\/www.ruschmineralen.nl\/de\/wp-json\/wp\/v2\/soort?post=64644"},{"taxonomy":"product_brand","embeddable":true,"href":"https:\/\/www.ruschmineralen.nl\/de\/wp-json\/wp\/v2\/product_brand?post=64644"},{"taxonomy":"product_cat","embeddable":true,"href":"https:\/\/www.ruschmineralen.nl\/de\/wp-json\/wp\/v2\/product_cat?post=64644"},{"taxonomy":"product_tag","embeddable":true,"href":"https:\/\/www.ruschmineralen.nl\/de\/wp-json\/wp\/v2\/product_tag?post=64644"}],"curies":[{"name":"wp","href":"https:\/\/api.w.org\/{rel}","templated":true}]}}