{"id":66535,"date":"2026-03-20T15:46:46","date_gmt":"2026-03-20T14:46:46","guid":{"rendered":"https:\/\/www.ruschmineralen.nl\/?post_type=product&#038;p=66535"},"modified":"2026-05-13T13:23:25","modified_gmt":"2026-05-13T11:23:25","slug":"acrylglas-verstellbarer-stander","status":"publish","type":"product","link":"https:\/\/www.ruschmineralen.nl\/de\/produkt\/acrylglas-verstellbarer-stander\/","title":{"rendered":"Acrylglas Verstellbarer St\u00e4nder"},"content":{"rendered":"<h2 data-start=\"0\" data-end=\"265\">Acrylglasst\u00e4nder mit verstellbaren Armen<\/h2>\n<p data-start=\"0\" data-end=\"265\">Geeignet f\u00fcr die Pr\u00e4sentation von verschiedenen Mineralien, Fossilien und (Halb-)Edelsteinen. Die transparenten F\u00fc\u00dfe sind aus Acrylglas und die verstellbaren Arme aus messingfarbenem Metall, die mit Schutzkappen versehen sind. Der St\u00e4nder ist in zwei Gr\u00f6\u00dfen erh\u00e4ltlich: S (ca. 7 \u00d7 5 \u00d7 7 cm) und L (ca. 9 \u00d7 7 \u00d7 11 cm). Dank der verstellbaren Arme kann der St\u00e4nder leicht an verschiedene Gr\u00f6\u00dfen und Formen angepasst werden.<\/p>","protected":false},"excerpt":{"rendered":"<p>Acrylglas standaard met verstelbare armen Geschikt voor het presenteren van diverse mineralen, fossielen en (half)edelstenen. De transparante voetjes zijn gemaakt van acrylglas en de verstelbare armen van messingkleurig metaal, voorzien van beschermende afdekdopjes aan de uiteinden. De standaard is beschikbaar in twee maten: S (circa 7 \u00d7 5 \u00d7 7 cm) en L (circa 9 [&hellip;]<\/p>","protected":false},"featured_media":66547,"template":"","meta":{"_acf_changed":false,"site-sidebar-layout":"default","site-content-layout":"","ast-site-content-layout":"default","site-content-style":"default","site-sidebar-style":"default","ast-global-header-display":"","ast-banner-title-visibility":"","ast-main-header-display":"","ast-hfb-above-header-display":"","ast-hfb-below-header-display":"","ast-hfb-mobile-header-display":"","site-post-title":"","ast-breadcrumbs-content":"","ast-featured-img":"","footer-sml-layout":"","theme-transparent-header-meta":"default","adv-header-id-meta":"","stick-header-meta":"default","header-above-stick-meta":"","header-main-stick-meta":"","header-below-stick-meta":"","astra-migrate-meta-layouts":"set","ast-page-background-enabled":"default","ast-page-background-meta":{"desktop":{"background-color":"var(--ast-global-color-4)","background-image":"","background-repeat":"repeat","background-position":"center center","background-size":"auto","background-attachment":"scroll","background-type":"","background-media":"","overlay-type":"","overlay-color":"","overlay-opacity":"","overlay-gradient":""},"tablet":{"background-color":"","background-image":"","background-repeat":"repeat","background-position":"center center","background-size":"auto","background-attachment":"scroll","background-type":"","background-media":"","overlay-type":"","overlay-color":"","overlay-opacity":"","overlay-gradient":""},"mobile":{"background-color":"","background-image":"","background-repeat":"repeat","background-position":"center center","background-size":"auto","background-attachment":"scroll","background-type":"","background-media":"","overlay-type":"","overlay-color":"","overlay-opacity":"","overlay-gradient":""}},"ast-content-background-meta":{"desktop":{"background-color":"var(--ast-global-color-5)","background-image":"","background-repeat":"repeat","background-position":"center center","background-size":"auto","background-attachment":"scroll","background-type":"","background-media":"","overlay-type":"","overlay-color":"","overlay-opacity":"","overlay-gradient":""},"tablet":{"background-color":"var(--ast-global-color-5)","background-image":"","background-repeat":"repeat","background-position":"center center","background-size":"auto","background-attachment":"scroll","background-type":"","background-media":"","overlay-type":"","overlay-color":"","overlay-opacity":"","overlay-gradient":""},"mobile":{"background-color":"var(--ast-global-color-5)","background-image":"","background-repeat":"repeat","background-position":"center center","background-size":"auto","background-attachment":"scroll","background-type":"","background-media":"","overlay-type":"","overlay-color":"","overlay-opacity":"","overlay-gradient":""}}},"soort":[],"product_brand":[],"product_cat":[2723],"product_tag":[],"class_list":{"0":"post-66535","1":"product","2":"type-product","3":"status-publish","4":"has-post-thumbnail","6":"product_cat-toebehoren","7":"pa_verkoopeenheid-per-stuk","8":"desktop-align-center","9":"tablet-align-center","10":"mobile-align-center","11":"ast-product-gallery-layout-horizontal-slider","12":"ast-product-gallery-with-no-image","13":"ast-product-single-variable","14":"ast-product-tabs-layout-horizontal","16":"first","17":"instock","18":"taxable","19":"shipping-taxable","20":"product-type-variable"},"acf":[],"_links":{"self":[{"href":"https:\/\/www.ruschmineralen.nl\/de\/wp-json\/wp\/v2\/product\/66535","targetHints":{"allow":["GET"]}}],"collection":[{"href":"https:\/\/www.ruschmineralen.nl\/de\/wp-json\/wp\/v2\/product"}],"about":[{"href":"https:\/\/www.ruschmineralen.nl\/de\/wp-json\/wp\/v2\/types\/product"}],"wp:featuredmedia":[{"embeddable":true,"href":"https:\/\/www.ruschmineralen.nl\/de\/wp-json\/wp\/v2\/media\/66547"}],"wp:attachment":[{"href":"https:\/\/www.ruschmineralen.nl\/de\/wp-json\/wp\/v2\/media?parent=66535"}],"wp:term":[{"taxonomy":"soort","embeddable":true,"href":"https:\/\/www.ruschmineralen.nl\/de\/wp-json\/wp\/v2\/soort?post=66535"},{"taxonomy":"product_brand","embeddable":true,"href":"https:\/\/www.ruschmineralen.nl\/de\/wp-json\/wp\/v2\/product_brand?post=66535"},{"taxonomy":"product_cat","embeddable":true,"href":"https:\/\/www.ruschmineralen.nl\/de\/wp-json\/wp\/v2\/product_cat?post=66535"},{"taxonomy":"product_tag","embeddable":true,"href":"https:\/\/www.ruschmineralen.nl\/de\/wp-json\/wp\/v2\/product_tag?post=66535"}],"curies":[{"name":"wp","href":"https:\/\/api.w.org\/{rel}","templated":true}]}}