{"id":67021,"date":"2026-04-03T14:50:00","date_gmt":"2026-04-03T12:50:00","guid":{"rendered":"https:\/\/www.ruschmineralen.nl\/?post_type=product&#038;p=67021"},"modified":"2026-04-03T14:52:16","modified_gmt":"2026-04-03T12:52:16","slug":"22197-pyriet-mix-verkoopdoos","status":"publish","type":"product","link":"https:\/\/www.ruschmineralen.nl\/de\/produkt\/22197-pyriet-mix-verkoopdoos\/","title":{"rendered":"Pyrit-Mix-Verkaufsbox"},"content":{"rendered":"<h2>Pyrit-Mix-Verkaufsbox aus Peru<\/h2>\n<p>Pyriet over Marcasiet, Peacock Pyriet &amp; Pyriet.<br \/>\n<h3>Pyrit<\/h3>\n<p><a href=\"https:\/\/www.ruschmineralen.nl\/de\/typ\/pyrit\/\" target=\"_blank\">Pyrit<\/a>auch \"Narrengold\" genannt, ist ein Eisensulfid, das f\u00fcr seinen Metallglanz und seine goldgelbe Farbe bekannt ist. Es bildet h\u00e4ufig kubische oder f\u00fcnfeckige dodekaedrische Kristalle und kommt in einer Vielzahl von geologischen Umgebungen vor. Aufgrund seines Aussehens wurde Pyrit in der Vergangenheit h\u00e4ufig mit echtem Gold verwechselt, obwohl es eine ganz andere Zusammensetzung und H\u00e4rte aufweist.<\/p>\n<p>Pyrit wird weltweit gefunden, mit wichtigen Vorkommen in Spanien, Peru, Italien, den Vereinigten Staaten und China. Er kommt sowohl in magmatischen als auch in sediment\u00e4ren und metamorphen Gesteinen vor. Seine chemische Formel lautet FeS\u2082 und seine H\u00e4rte betr\u00e4gt 6 bis 6,5 auf der Mohs-Skala.<\/p>\n<p><small><strong>Quellen: <\/strong><br \/><a href=\"https:\/\/www.mindat.org\/min-3314.html\" target=\"_blank\" rel=\"noopener\">Mindat.org<\/a>, <a href=\"https:\/\/www.gemdat.org\/gem-3314.html\" target=\"_blank\" rel=\"noopener\">Gemdat.org<\/a>, <a href=\"https:\/\/en.wikipedia.org\/wiki\/Pyrite\" target=\"_blank\" rel=\"noopener\">Wikipedia - Pyrit<\/a><\/small><\/p>\n<\/p>","protected":false},"excerpt":{"rendered":"<p>Pyriet Mix Verkoopdoos uit Peru Pyriet over Marcasiet, Peacock Pyriet &amp; Pyriet.<\/p>","protected":false},"featured_media":67022,"template":"","meta":{"_acf_changed":false,"site-sidebar-layout":"default","site-content-layout":"","ast-site-content-layout":"default","site-content-style":"default","site-sidebar-style":"default","ast-global-header-display":"","ast-banner-title-visibility":"","ast-main-header-display":"","ast-hfb-above-header-display":"","ast-hfb-below-header-display":"","ast-hfb-mobile-header-display":"","site-post-title":"","ast-breadcrumbs-content":"","ast-featured-img":"","footer-sml-layout":"","theme-transparent-header-meta":"default","adv-header-id-meta":"","stick-header-meta":"default","header-above-stick-meta":"","header-main-stick-meta":"","header-below-stick-meta":"","astra-migrate-meta-layouts":"set","ast-page-background-enabled":"default","ast-page-background-meta":{"desktop":{"background-color":"var(--ast-global-color-4)","background-image":"","background-repeat":"repeat","background-position":"center center","background-size":"auto","background-attachment":"scroll","background-type":"","background-media":"","overlay-type":"","overlay-color":"","overlay-opacity":"","overlay-gradient":""},"tablet":{"background-color":"","background-image":"","background-repeat":"repeat","background-position":"center center","background-size":"auto","background-attachment":"scroll","background-type":"","background-media":"","overlay-type":"","overlay-color":"","overlay-opacity":"","overlay-gradient":""},"mobile":{"background-color":"","background-image":"","background-repeat":"repeat","background-position":"center center","background-size":"auto","background-attachment":"scroll","background-type":"","background-media":"","overlay-type":"","overlay-color":"","overlay-opacity":"","overlay-gradient":""}},"ast-content-background-meta":{"desktop":{"background-color":"var(--ast-global-color-5)","background-image":"","background-repeat":"repeat","background-position":"center center","background-size":"auto","background-attachment":"scroll","background-type":"","background-media":"","overlay-type":"","overlay-color":"","overlay-opacity":"","overlay-gradient":""},"tablet":{"background-color":"var(--ast-global-color-5)","background-image":"","background-repeat":"repeat","background-position":"center center","background-size":"auto","background-attachment":"scroll","background-type":"","background-media":"","overlay-type":"","overlay-color":"","overlay-opacity":"","overlay-gradient":""},"mobile":{"background-color":"var(--ast-global-color-5)","background-image":"","background-repeat":"repeat","background-position":"center center","background-size":"auto","background-attachment":"scroll","background-type":"","background-media":"","overlay-type":"","overlay-color":"","overlay-opacity":"","overlay-gradient":""}}},"soort":[],"product_brand":[],"product_cat":[1348,2814],"product_tag":[1137],"class_list":{"0":"post-67021","1":"product","2":"type-product","3":"status-publish","4":"has-post-thumbnail","6":"product_cat-unieke-producten","7":"product_cat-verkoopdozen","8":"product_tag-uniek","9":"pa_herkomst-peru","10":"pa_soort-pyriet","11":"pa_verkoopeenheid-uniek","12":"pa_vorm-verkoopdoos","13":"desktop-align-center","14":"tablet-align-center","15":"mobile-align-center","16":"ast-product-gallery-layout-horizontal-slider","17":"ast-product-gallery-with-no-image","18":"ast-product-tabs-layout-horizontal","20":"first","21":"instock","22":"sold-individually","23":"taxable","24":"shipping-taxable","25":"product-type-simple"},"acf":[],"_links":{"self":[{"href":"https:\/\/www.ruschmineralen.nl\/de\/wp-json\/wp\/v2\/product\/67021","targetHints":{"allow":["GET"]}}],"collection":[{"href":"https:\/\/www.ruschmineralen.nl\/de\/wp-json\/wp\/v2\/product"}],"about":[{"href":"https:\/\/www.ruschmineralen.nl\/de\/wp-json\/wp\/v2\/types\/product"}],"wp:featuredmedia":[{"embeddable":true,"href":"https:\/\/www.ruschmineralen.nl\/de\/wp-json\/wp\/v2\/media\/67022"}],"wp:attachment":[{"href":"https:\/\/www.ruschmineralen.nl\/de\/wp-json\/wp\/v2\/media?parent=67021"}],"wp:term":[{"taxonomy":"soort","embeddable":true,"href":"https:\/\/www.ruschmineralen.nl\/de\/wp-json\/wp\/v2\/soort?post=67021"},{"taxonomy":"product_brand","embeddable":true,"href":"https:\/\/www.ruschmineralen.nl\/de\/wp-json\/wp\/v2\/product_brand?post=67021"},{"taxonomy":"product_cat","embeddable":true,"href":"https:\/\/www.ruschmineralen.nl\/de\/wp-json\/wp\/v2\/product_cat?post=67021"},{"taxonomy":"product_tag","embeddable":true,"href":"https:\/\/www.ruschmineralen.nl\/de\/wp-json\/wp\/v2\/product_tag?post=67021"}],"curies":[{"name":"wp","href":"https:\/\/api.w.org\/{rel}","templated":true}]}}