{"id":67290,"date":"2026-04-17T09:19:00","date_gmt":"2026-04-17T07:19:00","guid":{"rendered":"https:\/\/www.ruschmineralen.nl\/?post_type=product&#038;p=67290"},"modified":"2026-04-17T09:20:46","modified_gmt":"2026-04-17T07:20:46","slug":"22243-malachiet-schijf","status":"publish","type":"product","link":"https:\/\/www.ruschmineralen.nl\/de\/produkt\/22243-malachiet-schijf\/","title":{"rendered":"Malachit-Scheibe"},"content":{"rendered":"<h2>Malachitscheibe aus Kongo<\/h2>\n<h3>Malachit<\/h3>\n<p><a href=\"https:\/\/www.ruschmineralen.nl\/de\/typ\/malachit\/\" target=\"_blank\">Malachit<\/a> ist ein intensiv gr\u00fcnes kupferhaltiges Mineral, das sich durch seine charakteristischen Bandmuster und seinen Glas- bis Seidenglanz auszeichnet. Die Farbe reicht von hellgr\u00fcn bis dunkelgr\u00fcn, oft mit konzentrischen oder geschichteten Zeichnungen. Das Mineral bildet sich gew\u00f6hnlich in den Oxidationszonen von Kupferlagerst\u00e4tten.<\/p>\n<p>Gr\u00f6\u00dfere Vorkommen gibt es in der Demokratischen Republik Kongo, Namibia, Russland, Australien und den Vereinigten Staaten. Malachit hat die chemische Formel Cu\u2082CO\u2083(OH)\u2082 und eine H\u00e4rte von 3,5 bis 4 auf der Mohs-Skala.<\/p>\n<p>Es gibt keine offiziellen Unterarten, aber bemerkenswerte Formen sind der traubenf\u00f6rmige Malachit, der nadelf\u00f6rmige Malachit (Seidenmalachit) und der Malachit mit Azurit, wobei das Mineral zusammen mit der blauen Kupfererzform Azurit vorkommt.<\/p>\n<p><small><strong>Quellen: <\/strong><br \/><a href=\"https:\/\/www.mindat.org\/min-2550.html\" target=\"_blank\" rel=\"noopener\">Mindat.org<\/a>, <a href=\"https:\/\/www.gemdat.org\/gem-2550.html\" target=\"_blank\" rel=\"noopener\">Gemdat.org<\/a>, <a href=\"https:\/\/en.wikipedia.org\/wiki\/Malachite\" target=\"_blank\" rel=\"noopener\">Wikipedia - Malachit<\/a><\/small><\/p>","protected":false},"excerpt":{"rendered":"<p>Malachitscheibe aus Kongo<\/p>","protected":false},"featured_media":67291,"template":"","meta":{"_acf_changed":false,"site-sidebar-layout":"default","site-content-layout":"","ast-site-content-layout":"default","site-content-style":"default","site-sidebar-style":"default","ast-global-header-display":"","ast-banner-title-visibility":"","ast-main-header-display":"","ast-hfb-above-header-display":"","ast-hfb-below-header-display":"","ast-hfb-mobile-header-display":"","site-post-title":"","ast-breadcrumbs-content":"","ast-featured-img":"","footer-sml-layout":"","theme-transparent-header-meta":"","adv-header-id-meta":"","stick-header-meta":"","header-above-stick-meta":"","header-main-stick-meta":"","header-below-stick-meta":"","astra-migrate-meta-layouts":"default","ast-page-background-enabled":"default","ast-page-background-meta":{"desktop":{"background-color":"var(--ast-global-color-4)","background-image":"","background-repeat":"repeat","background-position":"center center","background-size":"auto","background-attachment":"scroll","background-type":"","background-media":"","overlay-type":"","overlay-color":"","overlay-opacity":"","overlay-gradient":""},"tablet":{"background-color":"","background-image":"","background-repeat":"repeat","background-position":"center center","background-size":"auto","background-attachment":"scroll","background-type":"","background-media":"","overlay-type":"","overlay-color":"","overlay-opacity":"","overlay-gradient":""},"mobile":{"background-color":"","background-image":"","background-repeat":"repeat","background-position":"center center","background-size":"auto","background-attachment":"scroll","background-type":"","background-media":"","overlay-type":"","overlay-color":"","overlay-opacity":"","overlay-gradient":""}},"ast-content-background-meta":{"desktop":{"background-color":"var(--ast-global-color-5)","background-image":"","background-repeat":"repeat","background-position":"center center","background-size":"auto","background-attachment":"scroll","background-type":"","background-media":"","overlay-type":"","overlay-color":"","overlay-opacity":"","overlay-gradient":""},"tablet":{"background-color":"var(--ast-global-color-5)","background-image":"","background-repeat":"repeat","background-position":"center center","background-size":"auto","background-attachment":"scroll","background-type":"","background-media":"","overlay-type":"","overlay-color":"","overlay-opacity":"","overlay-gradient":""},"mobile":{"background-color":"var(--ast-global-color-5)","background-image":"","background-repeat":"repeat","background-position":"center center","background-size":"auto","background-attachment":"scroll","background-type":"","background-media":"","overlay-type":"","overlay-color":"","overlay-opacity":"","overlay-gradient":""}}},"soort":[],"product_brand":[],"product_cat":[1348,1064],"product_tag":[1137],"class_list":{"0":"post-67290","1":"product","2":"type-product","3":"status-publish","4":"has-post-thumbnail","6":"product_cat-unieke-producten","7":"product_cat-schijven","8":"product_tag-uniek","9":"pa_herkomst-congo","10":"pa_soort-malachiet","11":"pa_verkoopeenheid-uniek","12":"pa_vorm-schijf","13":"desktop-align-center","14":"tablet-align-center","15":"mobile-align-center","16":"ast-product-gallery-layout-horizontal-slider","17":"ast-product-tabs-layout-horizontal","19":"first","20":"instock","21":"sold-individually","22":"taxable","23":"shipping-taxable","24":"product-type-simple"},"acf":[],"_links":{"self":[{"href":"https:\/\/www.ruschmineralen.nl\/de\/wp-json\/wp\/v2\/product\/67290","targetHints":{"allow":["GET"]}}],"collection":[{"href":"https:\/\/www.ruschmineralen.nl\/de\/wp-json\/wp\/v2\/product"}],"about":[{"href":"https:\/\/www.ruschmineralen.nl\/de\/wp-json\/wp\/v2\/types\/product"}],"wp:featuredmedia":[{"embeddable":true,"href":"https:\/\/www.ruschmineralen.nl\/de\/wp-json\/wp\/v2\/media\/67291"}],"wp:attachment":[{"href":"https:\/\/www.ruschmineralen.nl\/de\/wp-json\/wp\/v2\/media?parent=67290"}],"wp:term":[{"taxonomy":"soort","embeddable":true,"href":"https:\/\/www.ruschmineralen.nl\/de\/wp-json\/wp\/v2\/soort?post=67290"},{"taxonomy":"product_brand","embeddable":true,"href":"https:\/\/www.ruschmineralen.nl\/de\/wp-json\/wp\/v2\/product_brand?post=67290"},{"taxonomy":"product_cat","embeddable":true,"href":"https:\/\/www.ruschmineralen.nl\/de\/wp-json\/wp\/v2\/product_cat?post=67290"},{"taxonomy":"product_tag","embeddable":true,"href":"https:\/\/www.ruschmineralen.nl\/de\/wp-json\/wp\/v2\/product_tag?post=67290"}],"curies":[{"name":"wp","href":"https:\/\/api.w.org\/{rel}","templated":true}]}}