{"id":67556,"date":"2026-05-03T14:01:45","date_gmt":"2026-05-03T12:01:45","guid":{"rendered":"https:\/\/www.ruschmineralen.nl\/?post_type=product&#038;p=67556"},"modified":"2026-05-03T15:17:26","modified_gmt":"2026-05-03T13:17:26","slug":"1110-abfertigungsbox","status":"publish","type":"product","link":"https:\/\/www.ruschmineralen.nl\/de\/produkt\/1110-abfertigungsbox\/","title":{"rendered":"Freihaltebox - Hoch"},"content":{"rendered":"<h2>R\u00e4umungsbox<\/h2>\n<p>Sie erhalten eine hohe Schachtel mit +\/- 8-10 St\u00fcck. Die Abmessungen liegen zwischen 8 und 20 cm, das Gesamtgewicht betr\u00e4gt etwa 4 bis 4,5 kg.<br \/>\nDie Mineralien sind von unterschiedlicher Art, wie z. B. Bergkristall, Prehnit, Rosenquarz, Kobaltocalcit, schwarzer Turmalin, Septariah, Coelestin, Heulandit, Ananascalcit, roter Selenit oder etwas anderes.<br \/>\nJede Box enth\u00e4lt eine zuf\u00e4llige Auswahl, wie auf dem Bild zu sehen. Nicht jede Box enth\u00e4lt alle aufgef\u00fchrten Arten.<\/p>","protected":false},"excerpt":{"rendered":"<p>Opruimdoos Je ontvangt een hoge doos met +\/- 8-10 stukken. De afmetingen vari\u00ebren van 8 tot 20 cm, met een totaalgewicht van circa 4 tot 4,5 kg. De mineralen zijn van verschillende soorten, zoals Bergkristal, Prehniet, Rozenkwarts, Kobaltocalciet, Zwarte Toermalijn, Septarie, Celestien, Heulandiet, Pineapple Calciet, Rode Seleniet of iets anders. Elke doos bevat een willekeurige [&hellip;]<\/p>","protected":false},"featured_media":67557,"template":"","meta":{"_acf_changed":false,"site-sidebar-layout":"default","site-content-layout":"","ast-site-content-layout":"default","site-content-style":"default","site-sidebar-style":"default","ast-global-header-display":"","ast-banner-title-visibility":"","ast-main-header-display":"","ast-hfb-above-header-display":"","ast-hfb-below-header-display":"","ast-hfb-mobile-header-display":"","site-post-title":"","ast-breadcrumbs-content":"","ast-featured-img":"","footer-sml-layout":"","theme-transparent-header-meta":"default","adv-header-id-meta":"","stick-header-meta":"default","header-above-stick-meta":"","header-main-stick-meta":"","header-below-stick-meta":"","astra-migrate-meta-layouts":"set","ast-page-background-enabled":"default","ast-page-background-meta":{"desktop":{"background-color":"var(--ast-global-color-4)","background-image":"","background-repeat":"repeat","background-position":"center center","background-size":"auto","background-attachment":"scroll","background-type":"","background-media":"","overlay-type":"","overlay-color":"","overlay-opacity":"","overlay-gradient":""},"tablet":{"background-color":"","background-image":"","background-repeat":"repeat","background-position":"center center","background-size":"auto","background-attachment":"scroll","background-type":"","background-media":"","overlay-type":"","overlay-color":"","overlay-opacity":"","overlay-gradient":""},"mobile":{"background-color":"","background-image":"","background-repeat":"repeat","background-position":"center center","background-size":"auto","background-attachment":"scroll","background-type":"","background-media":"","overlay-type":"","overlay-color":"","overlay-opacity":"","overlay-gradient":""}},"ast-content-background-meta":{"desktop":{"background-color":"var(--ast-global-color-5)","background-image":"","background-repeat":"repeat","background-position":"center center","background-size":"auto","background-attachment":"scroll","background-type":"","background-media":"","overlay-type":"","overlay-color":"","overlay-opacity":"","overlay-gradient":""},"tablet":{"background-color":"var(--ast-global-color-5)","background-image":"","background-repeat":"repeat","background-position":"center center","background-size":"auto","background-attachment":"scroll","background-type":"","background-media":"","overlay-type":"","overlay-color":"","overlay-opacity":"","overlay-gradient":""},"mobile":{"background-color":"var(--ast-global-color-5)","background-image":"","background-repeat":"repeat","background-position":"center center","background-size":"auto","background-attachment":"scroll","background-type":"","background-media":"","overlay-type":"","overlay-color":"","overlay-opacity":"","overlay-gradient":""}}},"soort":[],"product_brand":[],"product_cat":[3004,2814],"product_tag":[2569],"class_list":{"0":"post-67556","1":"product","2":"type-product","3":"status-publish","4":"has-post-thumbnail","6":"product_cat-opruiming","7":"product_cat-verkoopdozen","8":"product_tag-opruiming","9":"pa_herkomst-diverse","10":"pa_soort-mix","11":"pa_verkoopeenheid-per-doos","12":"desktop-align-center","13":"tablet-align-center","14":"mobile-align-center","15":"ast-product-gallery-layout-horizontal-slider","16":"ast-product-gallery-with-no-image","17":"ast-product-tabs-layout-horizontal","19":"first","20":"instock","21":"taxable","22":"shipping-taxable","23":"product-type-simple"},"acf":[],"_links":{"self":[{"href":"https:\/\/www.ruschmineralen.nl\/de\/wp-json\/wp\/v2\/product\/67556","targetHints":{"allow":["GET"]}}],"collection":[{"href":"https:\/\/www.ruschmineralen.nl\/de\/wp-json\/wp\/v2\/product"}],"about":[{"href":"https:\/\/www.ruschmineralen.nl\/de\/wp-json\/wp\/v2\/types\/product"}],"wp:featuredmedia":[{"embeddable":true,"href":"https:\/\/www.ruschmineralen.nl\/de\/wp-json\/wp\/v2\/media\/67557"}],"wp:attachment":[{"href":"https:\/\/www.ruschmineralen.nl\/de\/wp-json\/wp\/v2\/media?parent=67556"}],"wp:term":[{"taxonomy":"soort","embeddable":true,"href":"https:\/\/www.ruschmineralen.nl\/de\/wp-json\/wp\/v2\/soort?post=67556"},{"taxonomy":"product_brand","embeddable":true,"href":"https:\/\/www.ruschmineralen.nl\/de\/wp-json\/wp\/v2\/product_brand?post=67556"},{"taxonomy":"product_cat","embeddable":true,"href":"https:\/\/www.ruschmineralen.nl\/de\/wp-json\/wp\/v2\/product_cat?post=67556"},{"taxonomy":"product_tag","embeddable":true,"href":"https:\/\/www.ruschmineralen.nl\/de\/wp-json\/wp\/v2\/product_tag?post=67556"}],"curies":[{"name":"wp","href":"https:\/\/api.w.org\/{rel}","templated":true}]}}