{"id":67589,"date":"2026-05-04T14:22:00","date_gmt":"2026-05-04T12:22:00","guid":{"rendered":"https:\/\/www.ruschmineralen.nl\/?post_type=product&#038;p=67589"},"modified":"2026-05-05T14:40:35","modified_gmt":"2026-05-05T12:40:35","slug":"8718-oranje-agaat-kogelarmband-8-mm","status":"publish","type":"product","link":"https:\/\/www.ruschmineralen.nl\/de\/produkt\/8718-oranje-agaat-kogelarmband-8-mm\/","title":{"rendered":"Orange Achat Kugel Armband | 8 mm"},"content":{"rendered":"<h2>Orangefarbenes Achatkugelarmband mit 8 mm Durchmesser aus China.<\/h2>\n<p>Dieses Kugelarmband oder Perlenarmband wird durch ein stabiles doppeltes Gummiband zusammengehalten. Aufgrund dieses Gummibandes passt das Perlenarmband an unterschiedliche Handgelenkst\u00e4rken. Die Armb\u00e4nder in unserem Sortiment variieren von 4 mm bis 10 mm. Der Umfang des Handgelenks ist bei den kleineren Gr\u00f6\u00dfen etwas geringer als bei den gr\u00f6\u00dferen. N\u00e4mlich f\u00fcr die 4 mm \u00b1 160 mm bis etwa \u00b1 180 mm f\u00fcr die 10 mm.<\/p>","protected":false},"excerpt":{"rendered":"<p>Oranje Agaat Kogelarmband van 8 mm uit China. Deze kogelarmband of kralenarmband wordt bij elkaar gehouden door een stevig dubbel elastiek. Door dit elastiek past de kralenarmband bij verschillende pols diktes. De armbanden in ons assortiment vari\u00ebren van 4 mm tot 10 mm. De polsomtrek is bij kleinere maten iets lager dan bij de grotere. [&hellip;]<\/p>","protected":false},"featured_media":18413,"template":"","meta":{"_acf_changed":false,"site-sidebar-layout":"default","site-content-layout":"","ast-site-content-layout":"default","site-content-style":"default","site-sidebar-style":"default","ast-global-header-display":"","ast-banner-title-visibility":"","ast-main-header-display":"","ast-hfb-above-header-display":"","ast-hfb-below-header-display":"","ast-hfb-mobile-header-display":"","site-post-title":"","ast-breadcrumbs-content":"","ast-featured-img":"","footer-sml-layout":"","theme-transparent-header-meta":"default","adv-header-id-meta":"","stick-header-meta":"default","header-above-stick-meta":"","header-main-stick-meta":"","header-below-stick-meta":"","astra-migrate-meta-layouts":"set","ast-page-background-enabled":"default","ast-page-background-meta":{"desktop":{"background-color":"var(--ast-global-color-4)","background-image":"","background-repeat":"repeat","background-position":"center center","background-size":"auto","background-attachment":"scroll","background-type":"","background-media":"","overlay-type":"","overlay-color":"","overlay-opacity":"","overlay-gradient":""},"tablet":{"background-color":"","background-image":"","background-repeat":"repeat","background-position":"center center","background-size":"auto","background-attachment":"scroll","background-type":"","background-media":"","overlay-type":"","overlay-color":"","overlay-opacity":"","overlay-gradient":""},"mobile":{"background-color":"","background-image":"","background-repeat":"repeat","background-position":"center center","background-size":"auto","background-attachment":"scroll","background-type":"","background-media":"","overlay-type":"","overlay-color":"","overlay-opacity":"","overlay-gradient":""}},"ast-content-background-meta":{"desktop":{"background-color":"var(--ast-global-color-5)","background-image":"","background-repeat":"repeat","background-position":"center center","background-size":"auto","background-attachment":"scroll","background-type":"","background-media":"","overlay-type":"","overlay-color":"","overlay-opacity":"","overlay-gradient":""},"tablet":{"background-color":"var(--ast-global-color-5)","background-image":"","background-repeat":"repeat","background-position":"center center","background-size":"auto","background-attachment":"scroll","background-type":"","background-media":"","overlay-type":"","overlay-color":"","overlay-opacity":"","overlay-gradient":""},"mobile":{"background-color":"var(--ast-global-color-5)","background-image":"","background-repeat":"repeat","background-position":"center center","background-size":"auto","background-attachment":"scroll","background-type":"","background-media":"","overlay-type":"","overlay-color":"","overlay-opacity":"","overlay-gradient":""}}},"soort":[],"product_brand":[],"product_cat":[1843],"product_tag":[],"class_list":{"0":"post-67589","1":"product","2":"type-product","3":"status-publish","4":"has-post-thumbnail","6":"product_cat-6-mm-kogelarmband","7":"pa_herkomst-china","8":"pa_maat-6-mm","9":"pa_soort-agaat","10":"pa_verkoopeenheid-per-stuk","11":"pa_vorm-armband","12":"desktop-align-center","13":"tablet-align-center","14":"mobile-align-center","15":"ast-product-gallery-layout-horizontal-slider","16":"ast-product-tabs-layout-horizontal","18":"first","19":"instock","20":"taxable","21":"shipping-taxable","22":"product-type-simple"},"acf":[],"_links":{"self":[{"href":"https:\/\/www.ruschmineralen.nl\/de\/wp-json\/wp\/v2\/product\/67589","targetHints":{"allow":["GET"]}}],"collection":[{"href":"https:\/\/www.ruschmineralen.nl\/de\/wp-json\/wp\/v2\/product"}],"about":[{"href":"https:\/\/www.ruschmineralen.nl\/de\/wp-json\/wp\/v2\/types\/product"}],"wp:featuredmedia":[{"embeddable":true,"href":"https:\/\/www.ruschmineralen.nl\/de\/wp-json\/wp\/v2\/media\/18413"}],"wp:attachment":[{"href":"https:\/\/www.ruschmineralen.nl\/de\/wp-json\/wp\/v2\/media?parent=67589"}],"wp:term":[{"taxonomy":"soort","embeddable":true,"href":"https:\/\/www.ruschmineralen.nl\/de\/wp-json\/wp\/v2\/soort?post=67589"},{"taxonomy":"product_brand","embeddable":true,"href":"https:\/\/www.ruschmineralen.nl\/de\/wp-json\/wp\/v2\/product_brand?post=67589"},{"taxonomy":"product_cat","embeddable":true,"href":"https:\/\/www.ruschmineralen.nl\/de\/wp-json\/wp\/v2\/product_cat?post=67589"},{"taxonomy":"product_tag","embeddable":true,"href":"https:\/\/www.ruschmineralen.nl\/de\/wp-json\/wp\/v2\/product_tag?post=67589"}],"curies":[{"name":"wp","href":"https:\/\/api.w.org\/{rel}","templated":true}]}}