{"id":18558,"date":"2024-05-01T00:00:00","date_gmt":"2024-04-30T22:00:00","guid":{"rendered":"https:\/\/www.ruschmineralen.nl\/product\/zwarte-toermalijn-in-kwarts-hand-geslepen-stenen-madagaskar\/"},"modified":"2026-03-02T10:48:11","modified_gmt":"2026-03-02T09:48:11","slug":"6537-black-tourmaline-in-quartz-handstones","status":"publish","type":"product","link":"https:\/\/www.ruschmineralen.nl\/en\/product\/6537-black-tourmaline-in-quartz-handstones\/","title":{"rendered":"Black Tourmaline in Quartz Handstones"},"content":{"rendered":"<h2>Black Tourmaline in Quartz Handstones from Madagascar<\/h2>\n<p><h3>Tourmaline<\/h3>\n<p><a href=\"https:\/\/www.ruschmineralen.nl\/en\/type\/tourmaline\/\" target=\"_blank\">Tourmaline<\/a> is a group of borosilicate minerals with a complex chemical composition and a wide variety of colours. It occurs in virtually every colour of the rainbow, including pink, green, blue, black and multi-coloured combinations. This variety makes tourmaline one of the most popular gemstones in the jewellery world.<\/p>\n<p>Tourmaline usually forms in pegmatites and metamorphic rocks. Major deposits include Brazil, Afghanistan, Mozambique, Nigeria and the United States. The chemical formula varies, but a general form is (Ca,K,Na)(Al,Fe,Li,Mg,Mn)\u2083(Al,Cr,Fe,V)\u2086(BO\u2083)\u2083(Si,Al,B)\u2086O\u2081\u2088(OH,F)\u2084. The hardness is between 7 and 7.5 on the Mohs scale.<\/p>\n<p>Popular varieties include black tourmaline (sch\u00f6rl), pink tourmaline (rubellite), green tourmaline (verdelite) and watermelon tourmaline (pink interior, green rim).<\/p>\n<p><small><strong>Sources: <\/strong><br \/><a href=\"https:\/\/www.mindat.org\/min-4003.html\" target=\"_blank\" rel=\"noopener\">Mindat.org<\/a>, <a href=\"https:\/\/www.gemdat.org\/gem-4003.html\" target=\"_blank\" rel=\"noopener\">Gemdat.org<\/a>, <a href=\"https:\/\/en.wikipedia.org\/wiki\/Tourmaline\" target=\"_blank\" rel=\"noopener\">Wikipedia - Tourmaline<\/a><\/small><\/p>\n<br \/>\n<h3>Hand stones<\/h3>\n<p>Hand stones are our largest, tumbled and smoothly polished (precious) stones that often sit very well in the hand, which immediately explains the name. Drummed, this size is also called a palm stone or jumbo stone. Often these stones are extra polished or ground after tumbling for a beautiful end result. Despite this consistency, it remains a natural product, so variations in shape, colour and pattern can always occur. This can vary from one type of stone to another.<\/p>\n<p>Generally, handstones have a size between 4 \u00d7 3 \u00d7 2 cm and 6 \u00d7 5 \u00d7 3 cm. Almost all our handstones come from Madagascar, where they are carefully selected and processed. The product photos give a good impression of what to expect. Hand stones are sold per 100 gr (1x), with a minimum order of 500 gr (5x).<\/p>\n<\/p>","protected":false},"excerpt":{"rendered":"<p>Black Tourmaline in Quartz Handstones from Madagascar<\/p>","protected":false},"featured_media":52331,"template":"","meta":{"_acf_changed":false,"site-sidebar-layout":"default","site-content-layout":"","ast-site-content-layout":"default","site-content-style":"default","site-sidebar-style":"default","ast-global-header-display":"","ast-banner-title-visibility":"","ast-main-header-display":"","ast-hfb-above-header-display":"","ast-hfb-below-header-display":"","ast-hfb-mobile-header-display":"","site-post-title":"","ast-breadcrumbs-content":"","ast-featured-img":"","footer-sml-layout":"","theme-transparent-header-meta":"default","adv-header-id-meta":"","stick-header-meta":"default","header-above-stick-meta":"","header-main-stick-meta":"","header-below-stick-meta":"","astra-migrate-meta-layouts":"set","ast-page-background-enabled":"default","ast-page-background-meta":{"desktop":{"background-color":"var(--ast-global-color-4)","background-image":"","background-repeat":"repeat","background-position":"center center","background-size":"auto","background-attachment":"scroll","background-type":"","background-media":"","overlay-type":"","overlay-color":"","overlay-opacity":"","overlay-gradient":""},"tablet":{"background-color":"","background-image":"","background-repeat":"repeat","background-position":"center center","background-size":"auto","background-attachment":"scroll","background-type":"","background-media":"","overlay-type":"","overlay-color":"","overlay-opacity":"","overlay-gradient":""},"mobile":{"background-color":"","background-image":"","background-repeat":"repeat","background-position":"center center","background-size":"auto","background-attachment":"scroll","background-type":"","background-media":"","overlay-type":"","overlay-color":"","overlay-opacity":"","overlay-gradient":""}},"ast-content-background-meta":{"desktop":{"background-color":"var(--ast-global-color-5)","background-image":"","background-repeat":"repeat","background-position":"center center","background-size":"auto","background-attachment":"scroll","background-type":"","background-media":"","overlay-type":"","overlay-color":"","overlay-opacity":"","overlay-gradient":""},"tablet":{"background-color":"var(--ast-global-color-5)","background-image":"","background-repeat":"repeat","background-position":"center center","background-size":"auto","background-attachment":"scroll","background-type":"","background-media":"","overlay-type":"","overlay-color":"","overlay-opacity":"","overlay-gradient":""},"mobile":{"background-color":"var(--ast-global-color-5)","background-image":"","background-repeat":"repeat","background-position":"center center","background-size":"auto","background-attachment":"scroll","background-type":"","background-media":"","overlay-type":"","overlay-color":"","overlay-opacity":"","overlay-gradient":""}}},"soort":[],"product_brand":[],"product_cat":[1042],"product_tag":[],"class_list":{"0":"post-18558","1":"product","2":"type-product","3":"status-publish","4":"has-post-thumbnail","6":"product_cat-handstenen","7":"pa_herkomst-madagaskar","8":"pa_soort-kwarts","9":"pa_soort-toermalijn","10":"pa_soort-zwarte-toermalijn","11":"pa_verkoopeenheid-per-100-gr","12":"pa_vorm-getrommeld","13":"pa_vorm-handsteen","14":"desktop-align-center","15":"tablet-align-center","16":"mobile-align-center","17":"ast-product-gallery-layout-horizontal-slider","18":"ast-product-tabs-layout-horizontal","20":"first","21":"instock","22":"taxable","23":"shipping-taxable","24":"product-type-simple"},"acf":[],"_links":{"self":[{"href":"https:\/\/www.ruschmineralen.nl\/en\/wp-json\/wp\/v2\/product\/18558","targetHints":{"allow":["GET"]}}],"collection":[{"href":"https:\/\/www.ruschmineralen.nl\/en\/wp-json\/wp\/v2\/product"}],"about":[{"href":"https:\/\/www.ruschmineralen.nl\/en\/wp-json\/wp\/v2\/types\/product"}],"wp:featuredmedia":[{"embeddable":true,"href":"https:\/\/www.ruschmineralen.nl\/en\/wp-json\/wp\/v2\/media\/52331"}],"wp:attachment":[{"href":"https:\/\/www.ruschmineralen.nl\/en\/wp-json\/wp\/v2\/media?parent=18558"}],"wp:term":[{"taxonomy":"soort","embeddable":true,"href":"https:\/\/www.ruschmineralen.nl\/en\/wp-json\/wp\/v2\/soort?post=18558"},{"taxonomy":"product_brand","embeddable":true,"href":"https:\/\/www.ruschmineralen.nl\/en\/wp-json\/wp\/v2\/product_brand?post=18558"},{"taxonomy":"product_cat","embeddable":true,"href":"https:\/\/www.ruschmineralen.nl\/en\/wp-json\/wp\/v2\/product_cat?post=18558"},{"taxonomy":"product_tag","embeddable":true,"href":"https:\/\/www.ruschmineralen.nl\/en\/wp-json\/wp\/v2\/product_tag?post=18558"}],"curies":[{"name":"wp","href":"https:\/\/api.w.org\/{rel}","templated":true}]}}